{"id":11,"date":"2024-04-08T16:17:36","date_gmt":"2024-04-08T19:17:36","guid":{"rendered":"https:\/\/industrade.com.br\/?page_id=11"},"modified":"2025-07-28T20:27:05","modified_gmt":"2025-07-28T23:27:05","slug":"produtos","status":"publish","type":"page","link":"https:\/\/industrade.com.br\/?page_id=11","title":{"rendered":"Produtos"},"content":{"rendered":"\t\t<div data-elementor-type=\"wp-page\" data-elementor-id=\"11\" class=\"elementor elementor-11\" data-elementor-post-type=\"page\">\n\t\t\t\t<div class=\"elementor-element elementor-element-172c82f e-flex e-con-boxed elementor-invisible e-con e-parent\" data-id=\"172c82f\" data-element_type=\"container\" data-settings=\"{&quot;animation&quot;:&quot;fadeIn&quot;}\">\n\t\t\t\t\t<div class=\"e-con-inner\">\n\t\t<div class=\"elementor-element elementor-element-386d9d2 e-flex e-con-boxed elementor-invisible e-con e-child\" data-id=\"386d9d2\" data-element_type=\"container\" data-settings=\"{&quot;background_background&quot;:&quot;classic&quot;,&quot;animation&quot;:&quot;fadeIn&quot;}\">\n\t\t\t\t\t<div class=\"e-con-inner\">\n\t\t\t\t<div class=\"elementor-element elementor-element-f1a0efc elementor-invisible elementor-widget elementor-widget-heading\" data-id=\"f1a0efc\" data-element_type=\"widget\" data-settings=\"{&quot;_animation&quot;:&quot;fadeIn&quot;,&quot;_animation_delay&quot;:300}\" data-widget_type=\"heading.default\">\n\t\t\t\t<div class=\"elementor-widget-container\">\n\t\t\t\t\t<h2 class=\"elementor-heading-title elementor-size-default\">Produtos<\/h2>\t\t\t\t<\/div>\n\t\t\t\t<\/div>\n\t\t<div class=\"elementor-element elementor-element-4c14705 e-con-full e-flex e-con e-child\" data-id=\"4c14705\" data-element_type=\"container\" data-settings=\"{&quot;background_background&quot;:&quot;classic&quot;}\">\n\t\t<div class=\"elementor-element elementor-element-5660ea9 e-con-full animated-slow e-flex elementor-invisible e-con e-child\" data-id=\"5660ea9\" data-element_type=\"container\" data-settings=\"{&quot;animation&quot;:&quot;fadeInLeft&quot;,&quot;animation_delay&quot;:300}\">\n\t\t\t\t<div class=\"elementor-element elementor-element-6efca59 elementor-widget elementor-widget-heading\" data-id=\"6efca59\" data-element_type=\"widget\" data-widget_type=\"heading.default\">\n\t\t\t\t<div class=\"elementor-widget-container\">\n\t\t\t\t\t<h2 class=\"elementor-heading-title elementor-size-default\"><a href=\"https:\/\/industrade.com.br\/?page_id=470\">M\u00e1quinas<\/a><\/h2>\t\t\t\t<\/div>\n\t\t\t\t<\/div>\n\t\t\t\t<div class=\"elementor-element elementor-element-f2a45fd elementor-widget elementor-widget-image\" data-id=\"f2a45fd\" data-element_type=\"widget\" data-widget_type=\"image.default\">\n\t\t\t\t<div class=\"elementor-widget-container\">\n\t\t\t\t\t\t\t\t\t\t\t\t\t\t\t\t<a href=\"https:\/\/industrade.com.br\/?page_id=470\">\n\t\t\t\t\t\t\t<img fetchpriority=\"high\" decoding=\"async\" width=\"484\" height=\"484\" src=\"https:\/\/industrade.com.br\/wp-content\/uploads\/2024\/04\/produto-Igemsa.jpg\" class=\"elementor-animation-grow attachment-large size-large wp-image-448\" alt=\"\" srcset=\"https:\/\/industrade.com.br\/wp-content\/uploads\/2024\/04\/produto-Igemsa.jpg 484w, https:\/\/industrade.com.br\/wp-content\/uploads\/2024\/04\/produto-Igemsa-300x300.jpg 300w, https:\/\/industrade.com.br\/wp-content\/uploads\/2024\/04\/produto-Igemsa-150x150.jpg 150w\" sizes=\"(max-width: 484px) 100vw, 484px\" \/>\t\t\t\t\t\t\t\t<\/a>\n\t\t\t\t\t\t\t\t\t\t\t\t\t\t\t<\/div>\n\t\t\t\t<\/div>\n\t\t\t\t<div class=\"elementor-element elementor-element-9ca398b elementor-align-center elementor-widget elementor-widget-button\" data-id=\"9ca398b\" data-element_type=\"widget\" data-widget_type=\"button.default\">\n\t\t\t\t<div class=\"elementor-widget-container\">\n\t\t\t\t\t\t\t\t\t<div class=\"elementor-button-wrapper\">\n\t\t\t\t\t<a class=\"elementor-button elementor-button-link elementor-size-sm elementor-animation-grow\" href=\"https:\/\/industrade.com.br\/?page_id=470\">\n\t\t\t\t\t\t<span class=\"elementor-button-content-wrapper\">\n\t\t\t\t\t\t\t\t\t<span class=\"elementor-button-text\">Saiba Mais<\/span>\n\t\t\t\t\t<\/span>\n\t\t\t\t\t<\/a>\n\t\t\t\t<\/div>\n\t\t\t\t\t\t\t\t<\/div>\n\t\t\t\t<\/div>\n\t\t\t\t<\/div>\n\t\t<div class=\"elementor-element elementor-element-e1bef6f e-con-full animated-slow e-flex elementor-invisible e-con e-child\" data-id=\"e1bef6f\" data-element_type=\"container\" data-settings=\"{&quot;animation&quot;:&quot;fadeInLeft&quot;,&quot;animation_delay&quot;:300}\">\n\t\t\t\t<div class=\"elementor-element elementor-element-6cdf851 elementor-widget elementor-widget-heading\" data-id=\"6cdf851\" data-element_type=\"widget\" data-widget_type=\"heading.default\">\n\t\t\t\t<div class=\"elementor-widget-container\">\n\t\t\t\t\t<h2 class=\"elementor-heading-title elementor-size-default\"><a href=\"https:\/\/industrade.com.br\/?page_id=488\">Materiais e Embalagens<\/a><\/h2>\t\t\t\t<\/div>\n\t\t\t\t<\/div>\n\t\t\t\t<div class=\"elementor-element elementor-element-b430407 elementor-widget elementor-widget-image\" data-id=\"b430407\" data-element_type=\"widget\" data-widget_type=\"image.default\">\n\t\t\t\t<div class=\"elementor-widget-container\">\n\t\t\t\t\t\t\t\t\t\t\t\t\t\t\t\t<a href=\"https:\/\/industrade.com.br\/?page_id=488\">\n\t\t\t\t\t\t\t<img decoding=\"async\" width=\"400\" height=\"400\" src=\"https:\/\/industrade.com.br\/wp-content\/uploads\/2024\/07\/banner-mobile.png\" class=\"elementor-animation-grow attachment-large size-large wp-image-1305\" alt=\"\" srcset=\"https:\/\/industrade.com.br\/wp-content\/uploads\/2024\/07\/banner-mobile.png 400w, https:\/\/industrade.com.br\/wp-content\/uploads\/2024\/07\/banner-mobile-300x300.png 300w, https:\/\/industrade.com.br\/wp-content\/uploads\/2024\/07\/banner-mobile-150x150.png 150w\" sizes=\"(max-width: 400px) 100vw, 400px\" \/>\t\t\t\t\t\t\t\t<\/a>\n\t\t\t\t\t\t\t\t\t\t\t\t\t\t\t<\/div>\n\t\t\t\t<\/div>\n\t\t\t\t<div class=\"elementor-element elementor-element-d4ee007 elementor-align-center elementor-widget elementor-widget-button\" data-id=\"d4ee007\" data-element_type=\"widget\" data-widget_type=\"button.default\">\n\t\t\t\t<div class=\"elementor-widget-container\">\n\t\t\t\t\t\t\t\t\t<div class=\"elementor-button-wrapper\">\n\t\t\t\t\t<a class=\"elementor-button elementor-button-link elementor-size-sm elementor-animation-grow\" href=\"https:\/\/industrade.com.br\/?page_id=488\">\n\t\t\t\t\t\t<span class=\"elementor-button-content-wrapper\">\n\t\t\t\t\t\t\t\t\t<span class=\"elementor-button-text\">Saiba Mais<\/span>\n\t\t\t\t\t<\/span>\n\t\t\t\t\t<\/a>\n\t\t\t\t<\/div>\n\t\t\t\t\t\t\t\t<\/div>\n\t\t\t\t<\/div>\n\t\t\t\t<\/div>\n\t\t<div class=\"elementor-element elementor-element-e3aa4fa e-con-full animated-slow e-flex elementor-invisible e-con e-child\" data-id=\"e3aa4fa\" data-element_type=\"container\" data-settings=\"{&quot;animation&quot;:&quot;fadeInLeft&quot;,&quot;animation_delay&quot;:300}\">\n\t\t\t\t<div class=\"elementor-element elementor-element-1876936 elementor-widget elementor-widget-heading\" data-id=\"1876936\" data-element_type=\"widget\" data-widget_type=\"heading.default\">\n\t\t\t\t<div class=\"elementor-widget-container\">\n\t\t\t\t\t<h2 class=\"elementor-heading-title elementor-size-default\"><a href=\"https:\/\/industrade.com.br\/?page_id=503\">Paletiza\u00e7\u00e3o<\/a><\/h2>\t\t\t\t<\/div>\n\t\t\t\t<\/div>\n\t\t\t\t<div class=\"elementor-element elementor-element-4808ddb elementor-widget elementor-widget-image\" data-id=\"4808ddb\" data-element_type=\"widget\" data-widget_type=\"image.default\">\n\t\t\t\t<div class=\"elementor-widget-container\">\n\t\t\t\t\t\t\t\t\t\t\t\t\t\t\t\t<a href=\"https:\/\/industrade.com.br\/?page_id=503\">\n\t\t\t\t\t\t\t<img decoding=\"async\" width=\"450\" height=\"450\" src=\"https:\/\/industrade.com.br\/wp-content\/uploads\/2024\/07\/paletizacao-qlzkye8mikvtvrfhg4hnqgu00j7k81zrxy2t2p7bbo.jpg\" class=\"elementor-animation-grow attachment-large size-large wp-image-1043\" alt=\"\" srcset=\"https:\/\/industrade.com.br\/wp-content\/uploads\/2024\/07\/paletizacao-qlzkye8mikvtvrfhg4hnqgu00j7k81zrxy2t2p7bbo.jpg 450w, https:\/\/industrade.com.br\/wp-content\/uploads\/2024\/07\/paletizacao-qlzkye8mikvtvrfhg4hnqgu00j7k81zrxy2t2p7bbo-300x300.jpg 300w, https:\/\/industrade.com.br\/wp-content\/uploads\/2024\/07\/paletizacao-qlzkye8mikvtvrfhg4hnqgu00j7k81zrxy2t2p7bbo-150x150.jpg 150w\" sizes=\"(max-width: 450px) 100vw, 450px\" \/>\t\t\t\t\t\t\t\t<\/a>\n\t\t\t\t\t\t\t\t\t\t\t\t\t\t\t<\/div>\n\t\t\t\t<\/div>\n\t\t\t\t<div class=\"elementor-element elementor-element-4d7893c elementor-align-center elementor-widget elementor-widget-button\" data-id=\"4d7893c\" data-element_type=\"widget\" data-widget_type=\"button.default\">\n\t\t\t\t<div class=\"elementor-widget-container\">\n\t\t\t\t\t\t\t\t\t<div class=\"elementor-button-wrapper\">\n\t\t\t\t\t<a class=\"elementor-button elementor-button-link elementor-size-sm elementor-animation-grow\" href=\"https:\/\/industrade.com.br\/?page_id=503\">\n\t\t\t\t\t\t<span class=\"elementor-button-content-wrapper\">\n\t\t\t\t\t\t\t\t\t<span class=\"elementor-button-text\">Saiba Mais<\/span>\n\t\t\t\t\t<\/span>\n\t\t\t\t\t<\/a>\n\t\t\t\t<\/div>\n\t\t\t\t\t\t\t\t<\/div>\n\t\t\t\t<\/div>\n\t\t\t\t<\/div>\n\t\t<div class=\"elementor-element elementor-element-a341eee e-con-full animated-slow e-flex elementor-invisible e-con e-child\" data-id=\"a341eee\" data-element_type=\"container\" data-settings=\"{&quot;animation&quot;:&quot;fadeInLeft&quot;,&quot;animation_delay&quot;:300}\">\n\t\t\t\t<div class=\"elementor-element elementor-element-2db0312 elementor-widget elementor-widget-heading\" data-id=\"2db0312\" data-element_type=\"widget\" data-widget_type=\"heading.default\">\n\t\t\t\t<div class=\"elementor-widget-container\">\n\t\t\t\t\t<h2 class=\"elementor-heading-title elementor-size-default\"><a href=\"https:\/\/industrade.com.br\/?page_id=1781\">Tunel de luz UV-C<\/a><\/h2>\t\t\t\t<\/div>\n\t\t\t\t<\/div>\n\t\t\t\t<div class=\"elementor-element elementor-element-c937126 elementor-widget elementor-widget-image\" data-id=\"c937126\" data-element_type=\"widget\" data-widget_type=\"image.default\">\n\t\t\t\t<div class=\"elementor-widget-container\">\n\t\t\t\t\t\t\t\t\t\t\t\t\t\t\t\t<a href=\"https:\/\/industrade.com.br\/?page_id=1781\">\n\t\t\t\t\t\t\t<img loading=\"lazy\" decoding=\"async\" width=\"800\" height=\"828\" src=\"https:\/\/industrade.com.br\/wp-content\/uploads\/2025\/07\/Imagem-do-WhatsApp-de-2025-07-07-as-21.44.40_5bfcd0f9-1.jpg\" class=\"elementor-animation-grow attachment-large size-large wp-image-1832\" alt=\"\" srcset=\"https:\/\/industrade.com.br\/wp-content\/uploads\/2025\/07\/Imagem-do-WhatsApp-de-2025-07-07-as-21.44.40_5bfcd0f9-1.jpg 960w, https:\/\/industrade.com.br\/wp-content\/uploads\/2025\/07\/Imagem-do-WhatsApp-de-2025-07-07-as-21.44.40_5bfcd0f9-1-290x300.jpg 290w, https:\/\/industrade.com.br\/wp-content\/uploads\/2025\/07\/Imagem-do-WhatsApp-de-2025-07-07-as-21.44.40_5bfcd0f9-1-768x794.jpg 768w\" sizes=\"(max-width: 800px) 100vw, 800px\" \/>\t\t\t\t\t\t\t\t<\/a>\n\t\t\t\t\t\t\t\t\t\t\t\t\t\t\t<\/div>\n\t\t\t\t<\/div>\n\t\t\t\t<div class=\"elementor-element elementor-element-1375006 elementor-align-center elementor-widget elementor-widget-button\" data-id=\"1375006\" data-element_type=\"widget\" data-widget_type=\"button.default\">\n\t\t\t\t<div class=\"elementor-widget-container\">\n\t\t\t\t\t\t\t\t\t<div class=\"elementor-button-wrapper\">\n\t\t\t\t\t<a class=\"elementor-button elementor-button-link elementor-size-sm elementor-animation-grow\" href=\"https:\/\/industrade.com.br\/?page_id=1781\">\n\t\t\t\t\t\t<span class=\"elementor-button-content-wrapper\">\n\t\t\t\t\t\t\t\t\t<span class=\"elementor-button-text\">Saiba Mais<\/span>\n\t\t\t\t\t<\/span>\n\t\t\t\t\t<\/a>\n\t\t\t\t<\/div>\n\t\t\t\t\t\t\t\t<\/div>\n\t\t\t\t<\/div>\n\t\t\t\t<\/div>\n\t\t\t\t<\/div>\n\t\t\t\t\t<\/div>\n\t\t\t\t<\/div>\n\t\t\t\t\t<\/div>\n\t\t\t\t<\/div>\n\t\t<div class=\"elementor-element elementor-element-140d661 e-flex e-con-boxed e-con e-parent\" data-id=\"140d661\" data-element_type=\"container\" data-settings=\"{&quot;background_background&quot;:&quot;classic&quot;}\">\n\t\t\t\t\t<div class=\"e-con-inner\">\n\t\t\t\t<div class=\"elementor-element elementor-element-e9a37f5 elementor-invisible elementor-widget elementor-widget-heading\" data-id=\"e9a37f5\" data-element_type=\"widget\" data-settings=\"{&quot;_animation&quot;:&quot;fadeIn&quot;,&quot;_animation_delay&quot;:300}\" data-widget_type=\"heading.default\">\n\t\t\t\t<div class=\"elementor-widget-container\">\n\t\t\t\t\t<h2 class=\"elementor-heading-title elementor-size-default\">Seguimentos<\/h2>\t\t\t\t<\/div>\n\t\t\t\t<\/div>\n\t\t<div class=\"elementor-element elementor-element-2669e75 e-con-full e-flex e-con e-child\" data-id=\"2669e75\" data-element_type=\"container\">\n\t\t<div class=\"elementor-element elementor-element-e99302a e-grid e-con-full e-con e-child\" data-id=\"e99302a\" data-element_type=\"container\">\n\t\t<div class=\"elementor-element elementor-element-d564b88 e-con-full e-flex e-con e-child\" data-id=\"d564b88\" data-element_type=\"container\">\n\t\t\t\t<div class=\"elementor-element elementor-element-7fdc472 elementor-widget elementor-widget-image\" data-id=\"7fdc472\" data-element_type=\"widget\" data-widget_type=\"image.default\">\n\t\t\t\t<div class=\"elementor-widget-container\">\n\t\t\t\t\t\t\t\t\t\t\t\t\t\t\t\t<a href=\"https:\/\/industrade.com.br\/?page_id=583\">\n\t\t\t\t\t\t\t<img loading=\"lazy\" decoding=\"async\" width=\"350\" height=\"300\" src=\"https:\/\/industrade.com.br\/wp-content\/uploads\/2024\/04\/217.png\" class=\"attachment-large size-large wp-image-609\" alt=\"\" srcset=\"https:\/\/industrade.com.br\/wp-content\/uploads\/2024\/04\/217.png 350w, https:\/\/industrade.com.br\/wp-content\/uploads\/2024\/04\/217-300x257.png 300w\" sizes=\"(max-width: 350px) 100vw, 350px\" \/>\t\t\t\t\t\t\t\t<\/a>\n\t\t\t\t\t\t\t\t\t\t\t\t\t\t\t<\/div>\n\t\t\t\t<\/div>\n\t\t\t\t<div class=\"elementor-element elementor-element-a0fc56b elementor-widget elementor-widget-heading\" data-id=\"a0fc56b\" data-element_type=\"widget\" data-widget_type=\"heading.default\">\n\t\t\t\t<div class=\"elementor-widget-container\">\n\t\t\t\t\t<h2 class=\"elementor-heading-title elementor-size-default\"><a href=\"https:\/\/industrade.com.br\/?page_id=583\">Manga<\/a><\/h2>\t\t\t\t<\/div>\n\t\t\t\t<\/div>\n\t\t\t\t<\/div>\n\t\t<div class=\"elementor-element elementor-element-f4e3cfa e-con-full e-flex e-con e-child\" data-id=\"f4e3cfa\" data-element_type=\"container\">\n\t\t\t\t<div class=\"elementor-element elementor-element-670ab17 elementor-widget elementor-widget-image\" data-id=\"670ab17\" data-element_type=\"widget\" data-widget_type=\"image.default\">\n\t\t\t\t<div class=\"elementor-widget-container\">\n\t\t\t\t\t\t\t\t\t\t\t\t\t\t\t\t<a href=\"https:\/\/industrade.com.br\/?page_id=570\">\n\t\t\t\t\t\t\t<img loading=\"lazy\" decoding=\"async\" width=\"350\" height=\"300\" src=\"https:\/\/industrade.com.br\/wp-content\/uploads\/2024\/04\/214.png\" class=\"attachment-large size-large wp-image-606\" alt=\"\" srcset=\"https:\/\/industrade.com.br\/wp-content\/uploads\/2024\/04\/214.png 350w, https:\/\/industrade.com.br\/wp-content\/uploads\/2024\/04\/214-300x257.png 300w\" sizes=\"(max-width: 350px) 100vw, 350px\" \/>\t\t\t\t\t\t\t\t<\/a>\n\t\t\t\t\t\t\t\t\t\t\t\t\t\t\t<\/div>\n\t\t\t\t<\/div>\n\t\t\t\t<div class=\"elementor-element elementor-element-8332dc2 elementor-widget elementor-widget-heading\" data-id=\"8332dc2\" data-element_type=\"widget\" data-widget_type=\"heading.default\">\n\t\t\t\t<div class=\"elementor-widget-container\">\n\t\t\t\t\t<h2 class=\"elementor-heading-title elementor-size-default\"><a href=\"https:\/\/industrade.com.br\/?page_id=570\">C\u00edtricos<\/a><\/h2>\t\t\t\t<\/div>\n\t\t\t\t<\/div>\n\t\t\t\t<\/div>\n\t\t<div class=\"elementor-element elementor-element-231ff78 e-con-full e-flex e-con e-child\" data-id=\"231ff78\" data-element_type=\"container\">\n\t\t\t\t<div class=\"elementor-element elementor-element-16a286e elementor-widget elementor-widget-image\" data-id=\"16a286e\" data-element_type=\"widget\" data-widget_type=\"image.default\">\n\t\t\t\t<div class=\"elementor-widget-container\">\n\t\t\t\t\t\t\t\t\t\t\t\t\t\t\t\t<a href=\"https:\/\/industrade.com.br\/?page_id=573\">\n\t\t\t\t\t\t\t<img loading=\"lazy\" decoding=\"async\" width=\"350\" height=\"300\" src=\"https:\/\/industrade.com.br\/wp-content\/uploads\/2024\/04\/215.png\" class=\"attachment-large size-large wp-image-607\" alt=\"\" srcset=\"https:\/\/industrade.com.br\/wp-content\/uploads\/2024\/04\/215.png 350w, https:\/\/industrade.com.br\/wp-content\/uploads\/2024\/04\/215-300x257.png 300w\" sizes=\"(max-width: 350px) 100vw, 350px\" \/>\t\t\t\t\t\t\t\t<\/a>\n\t\t\t\t\t\t\t\t\t\t\t\t\t\t\t<\/div>\n\t\t\t\t<\/div>\n\t\t\t\t<div class=\"elementor-element elementor-element-dc6943d elementor-widget elementor-widget-heading\" data-id=\"dc6943d\" data-element_type=\"widget\" data-widget_type=\"heading.default\">\n\t\t\t\t<div class=\"elementor-widget-container\">\n\t\t\t\t\t<h2 class=\"elementor-heading-title elementor-size-default\"><a href=\"https:\/\/industrade.com.br\/?page_id=573\">Batata<\/a><\/h2>\t\t\t\t<\/div>\n\t\t\t\t<\/div>\n\t\t\t\t<\/div>\n\t\t<div class=\"elementor-element elementor-element-7a6aa25 e-con-full e-flex e-con e-child\" data-id=\"7a6aa25\" data-element_type=\"container\">\n\t\t\t\t<div class=\"elementor-element elementor-element-8edb37b elementor-widget elementor-widget-image\" data-id=\"8edb37b\" data-element_type=\"widget\" data-widget_type=\"image.default\">\n\t\t\t\t<div class=\"elementor-widget-container\">\n\t\t\t\t\t\t\t\t\t\t\t\t\t\t\t\t<a href=\"https:\/\/industrade.com.br\/?page_id=578\">\n\t\t\t\t\t\t\t<img loading=\"lazy\" decoding=\"async\" width=\"350\" height=\"300\" src=\"https:\/\/industrade.com.br\/wp-content\/uploads\/2024\/04\/216.png\" class=\"attachment-large size-large wp-image-608\" alt=\"\" srcset=\"https:\/\/industrade.com.br\/wp-content\/uploads\/2024\/04\/216.png 350w, https:\/\/industrade.com.br\/wp-content\/uploads\/2024\/04\/216-300x257.png 300w\" sizes=\"(max-width: 350px) 100vw, 350px\" \/>\t\t\t\t\t\t\t\t<\/a>\n\t\t\t\t\t\t\t\t\t\t\t\t\t\t\t<\/div>\n\t\t\t\t<\/div>\n\t\t\t\t<div class=\"elementor-element elementor-element-66bacb2 elementor-widget elementor-widget-heading\" data-id=\"66bacb2\" data-element_type=\"widget\" data-widget_type=\"heading.default\">\n\t\t\t\t<div class=\"elementor-widget-container\">\n\t\t\t\t\t<h2 class=\"elementor-heading-title elementor-size-default\"><a href=\"https:\/\/industrade.com.br\/?page_id=578\">Alho<\/a><\/h2>\t\t\t\t<\/div>\n\t\t\t\t<\/div>\n\t\t\t\t<\/div>\n\t\t<div class=\"elementor-element elementor-element-1de8072 e-con-full e-flex e-con e-child\" data-id=\"1de8072\" data-element_type=\"container\">\n\t\t\t\t<div class=\"elementor-element elementor-element-8d847ec elementor-widget elementor-widget-image\" data-id=\"8d847ec\" data-element_type=\"widget\" data-widget_type=\"image.default\">\n\t\t\t\t<div class=\"elementor-widget-container\">\n\t\t\t\t\t\t\t\t\t\t\t\t\t\t\t\t<a href=\"https:\/\/industrade.com.br\/?page_id=556\">\n\t\t\t\t\t\t\t<img loading=\"lazy\" decoding=\"async\" width=\"350\" height=\"300\" src=\"https:\/\/industrade.com.br\/wp-content\/uploads\/2024\/04\/218-3.png\" class=\"attachment-large size-large wp-image-610\" alt=\"\" srcset=\"https:\/\/industrade.com.br\/wp-content\/uploads\/2024\/04\/218-3.png 350w, https:\/\/industrade.com.br\/wp-content\/uploads\/2024\/04\/218-3-300x257.png 300w\" sizes=\"(max-width: 350px) 100vw, 350px\" \/>\t\t\t\t\t\t\t\t<\/a>\n\t\t\t\t\t\t\t\t\t\t\t\t\t\t\t<\/div>\n\t\t\t\t<\/div>\n\t\t\t\t<div class=\"elementor-element elementor-element-b46aac4 elementor-widget elementor-widget-heading\" data-id=\"b46aac4\" data-element_type=\"widget\" data-widget_type=\"heading.default\">\n\t\t\t\t<div class=\"elementor-widget-container\">\n\t\t\t\t\t<h2 class=\"elementor-heading-title elementor-size-default\"><a href=\"https:\/\/industrade.com.br\/?page_id=556\">Mel\u00e3o<\/a><\/h2>\t\t\t\t<\/div>\n\t\t\t\t<\/div>\n\t\t\t\t<\/div>\n\t\t<div class=\"elementor-element elementor-element-c9e0673 e-con-full e-flex e-con e-child\" data-id=\"c9e0673\" data-element_type=\"container\">\n\t\t\t\t<div class=\"elementor-element elementor-element-0ddf836 elementor-widget elementor-widget-image\" data-id=\"0ddf836\" data-element_type=\"widget\" data-widget_type=\"image.default\">\n\t\t\t\t<div class=\"elementor-widget-container\">\n\t\t\t\t\t\t\t\t\t\t\t\t\t\t\t\t<a href=\"https:\/\/industrade.com.br\/?page_id=540\">\n\t\t\t\t\t\t\t<img loading=\"lazy\" decoding=\"async\" width=\"350\" height=\"300\" src=\"https:\/\/industrade.com.br\/wp-content\/uploads\/2024\/04\/219-3.png\" class=\"attachment-large size-large wp-image-611\" alt=\"\" srcset=\"https:\/\/industrade.com.br\/wp-content\/uploads\/2024\/04\/219-3.png 350w, https:\/\/industrade.com.br\/wp-content\/uploads\/2024\/04\/219-3-300x257.png 300w\" sizes=\"(max-width: 350px) 100vw, 350px\" \/>\t\t\t\t\t\t\t\t<\/a>\n\t\t\t\t\t\t\t\t\t\t\t\t\t\t\t<\/div>\n\t\t\t\t<\/div>\n\t\t\t\t<div class=\"elementor-element elementor-element-302f8d6 elementor-widget elementor-widget-heading\" data-id=\"302f8d6\" data-element_type=\"widget\" data-widget_type=\"heading.default\">\n\t\t\t\t<div class=\"elementor-widget-container\">\n\t\t\t\t\t<h2 class=\"elementor-heading-title elementor-size-default\"><a href=\"https:\/\/industrade.com.br\/?page_id=540\">Uva<\/a><\/h2>\t\t\t\t<\/div>\n\t\t\t\t<\/div>\n\t\t\t\t<\/div>\n\t\t\t\t<\/div>\n\t\t\t\t<\/div>\n\t\t\t\t\t<\/div>\n\t\t\t\t<\/div>\n\t\t\t\t<\/div>\n\t\t","protected":false},"excerpt":{"rendered":"<p>Produtos M\u00e1quinas Saiba Mais Materiais e Embalagens Saiba Mais Paletiza\u00e7\u00e3o Saiba Mais Tunel de luz UV-C Saiba Mais Seguimentos Manga C\u00edtricos Batata Alho Mel\u00e3o Uva<\/p>\n","protected":false},"author":1,"featured_media":0,"parent":0,"menu_order":0,"comment_status":"closed","ping_status":"closed","template":"elementor_header_footer","meta":{"footnotes":""},"class_list":["post-11","page","type-page","status-publish","hentry"],"_links":{"self":[{"href":"https:\/\/industrade.com.br\/index.php?rest_route=\/wp\/v2\/pages\/11","targetHints":{"allow":["GET"]}}],"collection":[{"href":"https:\/\/industrade.com.br\/index.php?rest_route=\/wp\/v2\/pages"}],"about":[{"href":"https:\/\/industrade.com.br\/index.php?rest_route=\/wp\/v2\/types\/page"}],"author":[{"embeddable":true,"href":"https:\/\/industrade.com.br\/index.php?rest_route=\/wp\/v2\/users\/1"}],"replies":[{"embeddable":true,"href":"https:\/\/industrade.com.br\/index.php?rest_route=%2Fwp%2Fv2%2Fcomments&post=11"}],"version-history":[{"count":172,"href":"https:\/\/industrade.com.br\/index.php?rest_route=\/wp\/v2\/pages\/11\/revisions"}],"predecessor-version":[{"id":2293,"href":"https:\/\/industrade.com.br\/index.php?rest_route=\/wp\/v2\/pages\/11\/revisions\/2293"}],"wp:attachment":[{"href":"https:\/\/industrade.com.br\/index.php?rest_route=%2Fwp%2Fv2%2Fmedia&parent=11"}],"curies":[{"name":"wp","href":"https:\/\/api.w.org\/{rel}","templated":true}]}}