{"id":1472,"date":"2025-06-25T14:20:06","date_gmt":"2025-06-25T17:20:06","guid":{"rendered":"https:\/\/industrade.com.br\/?page_id=1472"},"modified":"2025-07-20T20:09:37","modified_gmt":"2025-07-20T23:09:37","slug":"maquinas-2-3-2-2-2-2-2-3","status":"publish","type":"page","link":"https:\/\/industrade.com.br\/?page_id=1472","title":{"rendered":"Cumbuca Pl\u00e1stica para Uvas"},"content":{"rendered":"\t\t<div data-elementor-type=\"wp-page\" data-elementor-id=\"1472\" class=\"elementor elementor-1472\" data-elementor-post-type=\"page\">\n\t\t\t\t<div class=\"elementor-element elementor-element-641cba1 e-flex e-con-boxed e-con e-parent\" data-id=\"641cba1\" data-element_type=\"container\" data-settings=\"{&quot;background_background&quot;:&quot;classic&quot;}\">\n\t\t\t\t\t<div class=\"e-con-inner\">\n\t\t\t\t<div class=\"elementor-element elementor-element-82eac7f elementor-widget elementor-widget-heading\" data-id=\"82eac7f\" data-element_type=\"widget\" data-widget_type=\"heading.default\">\n\t\t\t\t<div class=\"elementor-widget-container\">\n\t\t\t\t\t<h2 class=\"elementor-heading-title elementor-size-default\">Cumbuca Pl\u00e1stica para Uvas<\/h2>\t\t\t\t<\/div>\n\t\t\t\t<\/div>\n\t\t\t\t\t<\/div>\n\t\t\t\t<\/div>\n\t\t<div class=\"elementor-element elementor-element-1e90e53 e-flex e-con-boxed e-con e-parent\" data-id=\"1e90e53\" data-element_type=\"container\">\n\t\t\t\t\t<div class=\"e-con-inner\">\n\t\t\t\t<div class=\"elementor-element elementor-element-a8df2e1 elementor-widget elementor-widget-text-editor\" data-id=\"a8df2e1\" data-element_type=\"widget\" data-widget_type=\"text-editor.default\">\n\t\t\t\t<div class=\"elementor-widget-container\">\n\t\t\t\t\t\t\t\t\t<p>A cumbuca pl\u00e1stica para embalar uvas \u00e9 uma embalagem desenvolvida para garantir a melhor conserva\u00e7\u00e3o e apresenta\u00e7\u00e3o do produto.<\/p><p>Nossa cumbuca <em>Clamshell<\/em> \u00e9 produzida em RPET transparente (polietileno tereftalato reciclado), ideal para o acondicionamento seguro e visualmente atraente de alimentos. Desenvolvida pela nossa parceira: <strong>ILIP SRL<\/strong> e rigorosamente testada segundo normas europeias e italianas, esta embalagem atende aos mais altos padr\u00f5es de seguran\u00e7a alimentar.<\/p><p>Ela foi submetida a testes de migra\u00e7\u00e3o total em contato com diferentes tipos de alimentos simulados (aquosos, \u00e1cidos e oleosos), e em todas as condi\u00e7\u00f5es demonstrou <strong>\u00edndices de migra\u00e7\u00e3o muito abaixo dos limites legais<\/strong>, garantindo que n\u00e3o transfere subst\u00e2ncias indesejadas aos alimentos.<\/p><p>Aprovada para contato direto com alimentos, esta embalagem \u00e9:<\/p><ul><li><strong>Segura<\/strong> para uso com alimentos diversos.<\/li><li><strong>Sustent\u00e1vel<\/strong>, pois \u00e9 feita com material reciclado (RPET).<\/li><li><strong>Transparente<\/strong>, oferecendo excelente visibilidade do produto.<\/li><li><strong>Certificada<\/strong> segundo regulamentos como o EU 10\/2011 e o EC 1935\/2004.<\/li><\/ul><p>A cumbuca Clamshell combina praticidade, apelo visual e responsabilidade ambiental \u2014 perfeita para empresas que prezam por qualidade e necessitam de todos os certificados necess\u00e1rios para exporta\u00e7\u00e3o.<\/p>\t\t\t\t\t\t\t\t<\/div>\n\t\t\t\t<\/div>\n\t\t<div class=\"elementor-element elementor-element-123d13e e-con-full e-flex e-con e-child\" data-id=\"123d13e\" data-element_type=\"container\">\n\t\t<div class=\"elementor-element elementor-element-4edba26 e-grid e-con-full e-con e-child\" data-id=\"4edba26\" data-element_type=\"container\">\n\t\t\t\t<div class=\"elementor-element elementor-element-f683017 elementor-widget elementor-widget-image\" data-id=\"f683017\" data-element_type=\"widget\" data-widget_type=\"image.default\">\n\t\t\t\t<div class=\"elementor-widget-container\">\n\t\t\t\t\t\t\t\t\t\t\t\t\t\t\t<img fetchpriority=\"high\" decoding=\"async\" width=\"800\" height=\"533\" src=\"https:\/\/industrade.com.br\/wp-content\/uploads\/2025\/06\/Imagem2-1024x682.jpg\" class=\"attachment-large size-large wp-image-1477\" alt=\"\" srcset=\"https:\/\/industrade.com.br\/wp-content\/uploads\/2025\/06\/Imagem2-1024x682.jpg 1024w, https:\/\/industrade.com.br\/wp-content\/uploads\/2025\/06\/Imagem2-300x200.jpg 300w, https:\/\/industrade.com.br\/wp-content\/uploads\/2025\/06\/Imagem2-768x512.jpg 768w, https:\/\/industrade.com.br\/wp-content\/uploads\/2025\/06\/Imagem2.jpg 1297w\" sizes=\"(max-width: 800px) 100vw, 800px\" \/>\t\t\t\t\t\t\t\t\t\t\t\t\t\t\t<\/div>\n\t\t\t\t<\/div>\n\t\t\t\t<div class=\"elementor-element elementor-element-e585f9a elementor-widget elementor-widget-image\" data-id=\"e585f9a\" data-element_type=\"widget\" data-widget_type=\"image.default\">\n\t\t\t\t<div class=\"elementor-widget-container\">\n\t\t\t\t\t\t\t\t\t\t\t\t\t\t\t<img decoding=\"async\" width=\"800\" height=\"533\" src=\"https:\/\/industrade.com.br\/wp-content\/uploads\/2025\/06\/Imagem1-1024x682.jpg\" class=\"attachment-large size-large wp-image-1476\" alt=\"\" srcset=\"https:\/\/industrade.com.br\/wp-content\/uploads\/2025\/06\/Imagem1-1024x682.jpg 1024w, https:\/\/industrade.com.br\/wp-content\/uploads\/2025\/06\/Imagem1-300x200.jpg 300w, https:\/\/industrade.com.br\/wp-content\/uploads\/2025\/06\/Imagem1-768x512.jpg 768w, https:\/\/industrade.com.br\/wp-content\/uploads\/2025\/06\/Imagem1.jpg 1297w\" sizes=\"(max-width: 800px) 100vw, 800px\" \/>\t\t\t\t\t\t\t\t\t\t\t\t\t\t\t<\/div>\n\t\t\t\t<\/div>\n\t\t\t\t<\/div>\n\t\t\t\t<\/div>\n\t\t\t\t<div class=\"elementor-element elementor-element-4c51a1c elementor-widget elementor-widget-text-editor\" data-id=\"4c51a1c\" data-element_type=\"widget\" data-widget_type=\"text-editor.default\">\n\t\t\t\t<div class=\"elementor-widget-container\">\n\t\t\t\t\t\t\t\t\t<p>Outros Certificados do produto:<\/p><ul><li><strong>Regulamento (CE) 2023\/2006<\/strong><\/li><li><strong>Decreto Ministerial 21\/3\/73<\/strong><\/li><li><strong>DPR 777\/82<\/strong><\/li><\/ul>\t\t\t\t\t\t\t\t<\/div>\n\t\t\t\t<\/div>\n\t\t\t\t\t<\/div>\n\t\t\t\t<\/div>\n\t\t\t\t<\/div>\n\t\t","protected":false},"excerpt":{"rendered":"<p>Cumbuca Pl\u00e1stica para Uvas A cumbuca pl\u00e1stica para embalar uvas \u00e9 uma embalagem desenvolvida para garantir a melhor conserva\u00e7\u00e3o e apresenta\u00e7\u00e3o do produto. Nossa cumbuca Clamshell \u00e9 produzida em RPET transparente (polietileno tereftalato reciclado), ideal para o acondicionamento seguro e visualmente atraente de alimentos. Desenvolvida pela nossa parceira: ILIP SRL e rigorosamente testada segundo normas [&hellip;]<\/p>\n","protected":false},"author":1,"featured_media":0,"parent":0,"menu_order":0,"comment_status":"closed","ping_status":"closed","template":"elementor_header_footer","meta":{"footnotes":""},"class_list":["post-1472","page","type-page","status-publish","hentry"],"_links":{"self":[{"href":"https:\/\/industrade.com.br\/index.php?rest_route=\/wp\/v2\/pages\/1472","targetHints":{"allow":["GET"]}}],"collection":[{"href":"https:\/\/industrade.com.br\/index.php?rest_route=\/wp\/v2\/pages"}],"about":[{"href":"https:\/\/industrade.com.br\/index.php?rest_route=\/wp\/v2\/types\/page"}],"author":[{"embeddable":true,"href":"https:\/\/industrade.com.br\/index.php?rest_route=\/wp\/v2\/users\/1"}],"replies":[{"embeddable":true,"href":"https:\/\/industrade.com.br\/index.php?rest_route=%2Fwp%2Fv2%2Fcomments&post=1472"}],"version-history":[{"count":10,"href":"https:\/\/industrade.com.br\/index.php?rest_route=\/wp\/v2\/pages\/1472\/revisions"}],"predecessor-version":[{"id":2172,"href":"https:\/\/industrade.com.br\/index.php?rest_route=\/wp\/v2\/pages\/1472\/revisions\/2172"}],"wp:attachment":[{"href":"https:\/\/industrade.com.br\/index.php?rest_route=%2Fwp%2Fv2%2Fmedia&parent=1472"}],"curies":[{"name":"wp","href":"https:\/\/api.w.org\/{rel}","templated":true}]}}