{"id":1482,"date":"2025-06-25T14:31:18","date_gmt":"2025-06-25T17:31:18","guid":{"rendered":"https:\/\/industrade.com.br\/?page_id=1482"},"modified":"2025-07-20T20:30:03","modified_gmt":"2025-07-20T23:30:03","slug":"maquinas-2-3-2-2-2-2-2-3-2","status":"publish","type":"page","link":"https:\/\/industrade.com.br\/?page_id=1482","title":{"rendered":"Sacola Pl\u00e1stica para Uva \u2013 Prote\u00e7\u00e3o e Praticidade na Embalagem"},"content":{"rendered":"\t\t<div data-elementor-type=\"wp-page\" data-elementor-id=\"1482\" class=\"elementor elementor-1482\" data-elementor-post-type=\"page\">\n\t\t\t\t<div class=\"elementor-element elementor-element-641cba1 e-flex e-con-boxed e-con e-parent\" data-id=\"641cba1\" data-element_type=\"container\" data-settings=\"{&quot;background_background&quot;:&quot;classic&quot;}\">\n\t\t\t\t\t<div class=\"e-con-inner\">\n\t\t\t\t<div class=\"elementor-element elementor-element-82eac7f elementor-widget elementor-widget-heading\" data-id=\"82eac7f\" data-element_type=\"widget\" data-widget_type=\"heading.default\">\n\t\t\t\t<div class=\"elementor-widget-container\">\n\t\t\t\t\t<h2 class=\"elementor-heading-title elementor-size-default\">Sacola Pl\u00e1stica para Uva \u2013 Prote\u00e7\u00e3o e Praticidade na Embalagem<\/h2>\t\t\t\t<\/div>\n\t\t\t\t<\/div>\n\t\t\t\t\t<\/div>\n\t\t\t\t<\/div>\n\t\t<div class=\"elementor-element elementor-element-1e90e53 e-flex e-con-boxed e-con e-parent\" data-id=\"1e90e53\" data-element_type=\"container\">\n\t\t\t\t\t<div class=\"e-con-inner\">\n\t\t\t\t<div class=\"elementor-element elementor-element-a8df2e1 elementor-widget elementor-widget-text-editor\" data-id=\"a8df2e1\" data-element_type=\"widget\" data-widget_type=\"text-editor.default\">\n\t\t\t\t<div class=\"elementor-widget-container\">\n\t\t\t\t\t\t\t\t\t<p>Complementando a linha de <strong>embalagens para uva<\/strong>, a <strong>Sacola Pl\u00e1stica para Uva<\/strong> \u00e9 uma op\u00e7\u00e3o vers\u00e1til e pr\u00e1tica para acondicionar e transportar a fruta com seguran\u00e7a. Ideal para manter a qualidade do produto no ponto de venda, ela proporciona <strong>uma excelente apresenta\u00e7\u00e3o e conveni\u00eancia para o consumidor<\/strong><strong>.<\/strong><\/p><p>Dispon\u00edvel em <strong>tr\u00eas modelos<\/strong> para atender diferentes necessidades:<br \/>\u2705 <strong>Aberta<\/strong> \u2013 Simples e funcional, ideal para empacotamento r\u00e1pido.<br \/>\u2705 <strong>Ziplock<\/strong> \u2013 Com fecho herm\u00e9tico, permite abrir e fechar facilmente, mantendo a frescura das uvas por mais tempo.<br \/>\u2705 <strong>Stand-up Pouch<\/strong> \u2013 Embalagem que se mant\u00e9m em p\u00e9, valorizando a exposi\u00e7\u00e3o do produto no ponto de venda.<\/p><p>As sacolas pl\u00e1sticas utilizadas para embalar uvas s\u00e3o desenvolvidas em parceria com a <strong>CCA Packaging Manufacturing<\/strong>, uma empresa de excel\u00eancia no setor de embalagens pl\u00e1sticas para alimentos. Essa colabora\u00e7\u00e3o estrat\u00e9gica assegura a entrega de um produto com <strong>alto padr\u00e3o de qualidade, seguran\u00e7a alimentar e responsabilidade ambiental<\/strong>.<\/p><p>Produzidas com filmes especiais de <strong>CPP (Polipropileno Cast)<\/strong> e <strong>BOPP (Polipropileno Biorientado)<\/strong>, essas sacolas oferecem <strong>resist\u00eancia, transpar\u00eancia <\/strong><strong>e prote\u00e7\u00e3o ideal<\/strong> para o transporte e comercializa\u00e7\u00e3o de uvas.<\/p><p>A CCA Packaging Manufacturing, nossa parceira produtora, possui <strong>certifica\u00e7\u00e3o BRCGS \u2013 Global Standard for Packaging Materials<\/strong><\/p><p>Essa certifica\u00e7\u00e3o assegura:<\/p><ul><li>Conformidade com <strong>padr\u00f5es internacionais de seguran\u00e7a alimentar<\/strong><\/li><li><strong>Rigorosos controles de qualidade e higiene na produ\u00e7\u00e3o<\/strong><\/li><li><strong>Boas pr\u00e1ticas de fabrica\u00e7\u00e3o<\/strong><\/li><\/ul><p>Al\u00e9m disso, as sacolas s\u00e3o fabricadas com materiais recicl\u00e1veis e processos ambientalmente respons\u00e1veis, alinhando-se \u00e0s exig\u00eancias do mercado por solu\u00e7\u00f5es de <strong>embalagem mais sustent\u00e1veis<\/strong>.<\/p>\t\t\t\t\t\t\t\t<\/div>\n\t\t\t\t<\/div>\n\t\t\t\t\t<\/div>\n\t\t\t\t<\/div>\n\t\t\t\t<\/div>\n\t\t","protected":false},"excerpt":{"rendered":"<p>Sacola Pl\u00e1stica para Uva \u2013 Prote\u00e7\u00e3o e Praticidade na Embalagem Complementando a linha de embalagens para uva, a Sacola Pl\u00e1stica para Uva \u00e9 uma op\u00e7\u00e3o vers\u00e1til e pr\u00e1tica para acondicionar e transportar a fruta com seguran\u00e7a. Ideal para manter a qualidade do produto no ponto de venda, ela proporciona uma excelente apresenta\u00e7\u00e3o e conveni\u00eancia para [&hellip;]<\/p>\n","protected":false},"author":1,"featured_media":0,"parent":0,"menu_order":0,"comment_status":"closed","ping_status":"closed","template":"elementor_header_footer","meta":{"footnotes":""},"class_list":["post-1482","page","type-page","status-publish","hentry"],"_links":{"self":[{"href":"https:\/\/industrade.com.br\/index.php?rest_route=\/wp\/v2\/pages\/1482","targetHints":{"allow":["GET"]}}],"collection":[{"href":"https:\/\/industrade.com.br\/index.php?rest_route=\/wp\/v2\/pages"}],"about":[{"href":"https:\/\/industrade.com.br\/index.php?rest_route=\/wp\/v2\/types\/page"}],"author":[{"embeddable":true,"href":"https:\/\/industrade.com.br\/index.php?rest_route=\/wp\/v2\/users\/1"}],"replies":[{"embeddable":true,"href":"https:\/\/industrade.com.br\/index.php?rest_route=%2Fwp%2Fv2%2Fcomments&post=1482"}],"version-history":[{"count":7,"href":"https:\/\/industrade.com.br\/index.php?rest_route=\/wp\/v2\/pages\/1482\/revisions"}],"predecessor-version":[{"id":2178,"href":"https:\/\/industrade.com.br\/index.php?rest_route=\/wp\/v2\/pages\/1482\/revisions\/2178"}],"wp:attachment":[{"href":"https:\/\/industrade.com.br\/index.php?rest_route=%2Fwp%2Fv2%2Fmedia&parent=1482"}],"curies":[{"name":"wp","href":"https:\/\/api.w.org\/{rel}","templated":true}]}}