{"id":1487,"date":"2025-06-25T14:35:49","date_gmt":"2025-06-25T17:35:49","guid":{"rendered":"https:\/\/industrade.com.br\/?page_id=1487"},"modified":"2025-07-20T20:21:21","modified_gmt":"2025-07-20T23:21:21","slug":"maquinas-2-3-2-2-2-2-2-3-3","status":"publish","type":"page","link":"https:\/\/industrade.com.br\/?page_id=1487","title":{"rendered":"Bols\u00f5es Micro e Macro Perfurados para Uvas \u2013 Conserva\u00e7\u00e3o e Vida \u00datil Prolongada"},"content":{"rendered":"\t\t<div data-elementor-type=\"wp-page\" data-elementor-id=\"1487\" class=\"elementor elementor-1487\" data-elementor-post-type=\"page\">\n\t\t\t\t<div class=\"elementor-element elementor-element-641cba1 e-flex e-con-boxed e-con e-parent\" data-id=\"641cba1\" data-element_type=\"container\" data-settings=\"{&quot;background_background&quot;:&quot;classic&quot;}\">\n\t\t\t\t\t<div class=\"e-con-inner\">\n\t\t\t\t<div class=\"elementor-element elementor-element-82eac7f elementor-widget elementor-widget-heading\" data-id=\"82eac7f\" data-element_type=\"widget\" data-widget_type=\"heading.default\">\n\t\t\t\t<div class=\"elementor-widget-container\">\n\t\t\t\t\t<h2 class=\"elementor-heading-title elementor-size-default\">Bols\u00f5es Micro e Macro Perfurados para Uvas \u2013 Conserva\u00e7\u00e3o e Vida \u00datil Prolongada<\/h2>\t\t\t\t<\/div>\n\t\t\t\t<\/div>\n\t\t\t\t\t<\/div>\n\t\t\t\t<\/div>\n\t\t<div class=\"elementor-element elementor-element-1e90e53 e-flex e-con-boxed e-con e-parent\" data-id=\"1e90e53\" data-element_type=\"container\">\n\t\t\t\t\t<div class=\"e-con-inner\">\n\t\t\t\t<div class=\"elementor-element elementor-element-a8df2e1 elementor-widget elementor-widget-text-editor\" data-id=\"a8df2e1\" data-element_type=\"widget\" data-widget_type=\"text-editor.default\">\n\t\t\t\t<div class=\"elementor-widget-container\">\n\t\t\t\t\t\t\t\t\t<p>Os bols\u00f5es micro e macro perfurados s\u00e3o embalagens desenvolvidas para criar uma atmosfera controlada dentro da embalagem de uvas, atuando em conjunto com o gerador de SO\u2082. Essa tecnologia \u00e9 essencial para prolongar a vida \u00fatil das frutas,<\/p><p>As perfura\u00e7\u00f5es estrat\u00e9gicas permitem a troca gasosa necess\u00e1ria para equilibrar a concentra\u00e7\u00e3o de gases no interior da embalagem, garantindo um ambiente ideal para a conserva\u00e7\u00e3o das uvas. Dispon\u00edveis em vers\u00f5es com micro ou macro perfura\u00e7\u00e3o, os bols\u00f5es podem ser escolhidos de acordo com as necessidades espec\u00edficas.<\/p><p>Desenvolvido pela <strong>INDUSTRADE<\/strong>, este produto possui a <strong>m\u00e1xima qualidade do mercado<\/strong>, garantindo um desempenho superior e atendendo aos mais altos padr\u00f5es internacionais. Produzido no Brasil, os bols\u00f5es micro e macro perfurados oferecem uma solu\u00e7\u00e3o eficiente e confi\u00e1vel para produtores e distribuidores que buscam preservar a qualidade das uvas at\u00e9 o consumidor final.<\/p>\t\t\t\t\t\t\t\t<\/div>\n\t\t\t\t<\/div>\n\t\t<div class=\"elementor-element elementor-element-123d13e e-con-full e-flex e-con e-child\" data-id=\"123d13e\" data-element_type=\"container\">\n\t\t<div class=\"elementor-element elementor-element-4edba26 e-grid e-con-full e-con e-child\" data-id=\"4edba26\" data-element_type=\"container\">\n\t\t\t\t<div class=\"elementor-element elementor-element-f683017 elementor-widget elementor-widget-image\" data-id=\"f683017\" data-element_type=\"widget\" data-widget_type=\"image.default\">\n\t\t\t\t<div class=\"elementor-widget-container\">\n\t\t\t\t\t\t\t\t\t\t\t\t\t\t\t<img fetchpriority=\"high\" decoding=\"async\" width=\"566\" height=\"713\" src=\"https:\/\/industrade.com.br\/wp-content\/uploads\/2025\/06\/Imagem3.jpg\" class=\"attachment-large size-large wp-image-1492\" alt=\"\" srcset=\"https:\/\/industrade.com.br\/wp-content\/uploads\/2025\/06\/Imagem3.jpg 566w, https:\/\/industrade.com.br\/wp-content\/uploads\/2025\/06\/Imagem3-238x300.jpg 238w\" sizes=\"(max-width: 566px) 100vw, 566px\" \/>\t\t\t\t\t\t\t\t\t\t\t\t\t\t\t<\/div>\n\t\t\t\t<\/div>\n\t\t\t\t<div class=\"elementor-element elementor-element-e585f9a elementor-widget elementor-widget-image\" data-id=\"e585f9a\" data-element_type=\"widget\" data-widget_type=\"image.default\">\n\t\t\t\t<div class=\"elementor-widget-container\">\n\t\t\t\t\t\t\t\t\t\t\t\t\t\t\t<img decoding=\"async\" width=\"567\" height=\"694\" src=\"https:\/\/industrade.com.br\/wp-content\/uploads\/2025\/06\/Imagem4.jpg\" class=\"attachment-large size-large wp-image-1493\" alt=\"\" srcset=\"https:\/\/industrade.com.br\/wp-content\/uploads\/2025\/06\/Imagem4.jpg 567w, https:\/\/industrade.com.br\/wp-content\/uploads\/2025\/06\/Imagem4-245x300.jpg 245w\" sizes=\"(max-width: 567px) 100vw, 567px\" \/>\t\t\t\t\t\t\t\t\t\t\t\t\t\t\t<\/div>\n\t\t\t\t<\/div>\n\t\t\t\t<\/div>\n\t\t\t\t<\/div>\n\t\t\t\t\t<\/div>\n\t\t\t\t<\/div>\n\t\t\t\t<\/div>\n\t\t","protected":false},"excerpt":{"rendered":"<p>Bols\u00f5es Micro e Macro Perfurados para Uvas \u2013 Conserva\u00e7\u00e3o e Vida \u00datil Prolongada Os bols\u00f5es micro e macro perfurados s\u00e3o embalagens desenvolvidas para criar uma atmosfera controlada dentro da embalagem de uvas, atuando em conjunto com o gerador de SO\u2082. Essa tecnologia \u00e9 essencial para prolongar a vida \u00fatil das frutas, As perfura\u00e7\u00f5es estrat\u00e9gicas permitem [&hellip;]<\/p>\n","protected":false},"author":1,"featured_media":0,"parent":0,"menu_order":0,"comment_status":"closed","ping_status":"closed","template":"elementor_header_footer","meta":{"footnotes":""},"class_list":["post-1487","page","type-page","status-publish","hentry"],"_links":{"self":[{"href":"https:\/\/industrade.com.br\/index.php?rest_route=\/wp\/v2\/pages\/1487","targetHints":{"allow":["GET"]}}],"collection":[{"href":"https:\/\/industrade.com.br\/index.php?rest_route=\/wp\/v2\/pages"}],"about":[{"href":"https:\/\/industrade.com.br\/index.php?rest_route=\/wp\/v2\/types\/page"}],"author":[{"embeddable":true,"href":"https:\/\/industrade.com.br\/index.php?rest_route=\/wp\/v2\/users\/1"}],"replies":[{"embeddable":true,"href":"https:\/\/industrade.com.br\/index.php?rest_route=%2Fwp%2Fv2%2Fcomments&post=1487"}],"version-history":[{"count":10,"href":"https:\/\/industrade.com.br\/index.php?rest_route=\/wp\/v2\/pages\/1487\/revisions"}],"predecessor-version":[{"id":2175,"href":"https:\/\/industrade.com.br\/index.php?rest_route=\/wp\/v2\/pages\/1487\/revisions\/2175"}],"wp:attachment":[{"href":"https:\/\/industrade.com.br\/index.php?rest_route=%2Fwp%2Fv2%2Fmedia&parent=1487"}],"curies":[{"name":"wp","href":"https:\/\/api.w.org\/{rel}","templated":true}]}}