{"id":1497,"date":"2025-06-25T14:52:51","date_gmt":"2025-06-25T17:52:51","guid":{"rendered":"https:\/\/industrade.com.br\/?page_id=1497"},"modified":"2025-07-20T17:25:28","modified_gmt":"2025-07-20T20:25:28","slug":"maquinas-2-3-2-2-2-2-2-3-4","status":"publish","type":"page","link":"https:\/\/industrade.com.br\/?page_id=1497","title":{"rendered":"Gerador de SO\u2082 para Uvas \u2013 Prote\u00e7\u00e3o e Conserva\u00e7\u00e3o Eficiente"},"content":{"rendered":"\t\t<div data-elementor-type=\"wp-page\" data-elementor-id=\"1497\" class=\"elementor elementor-1497\" data-elementor-post-type=\"page\">\n\t\t\t\t<div class=\"elementor-element elementor-element-641cba1 e-flex e-con-boxed e-con e-parent\" data-id=\"641cba1\" data-element_type=\"container\" data-settings=\"{&quot;background_background&quot;:&quot;classic&quot;}\">\n\t\t\t\t\t<div class=\"e-con-inner\">\n\t\t\t\t<div class=\"elementor-element elementor-element-82eac7f elementor-widget elementor-widget-heading\" data-id=\"82eac7f\" data-element_type=\"widget\" data-widget_type=\"heading.default\">\n\t\t\t\t<div class=\"elementor-widget-container\">\n\t\t\t\t\t<h2 class=\"elementor-heading-title elementor-size-default\">Gerador de SO\u2082 para Uvas \u2013 Prote\u00e7\u00e3o e Conserva\u00e7\u00e3o Eficiente<\/h2>\t\t\t\t<\/div>\n\t\t\t\t<\/div>\n\t\t\t\t\t<\/div>\n\t\t\t\t<\/div>\n\t\t<div class=\"elementor-element elementor-element-1e90e53 e-flex e-con-boxed e-con e-parent\" data-id=\"1e90e53\" data-element_type=\"container\">\n\t\t\t\t\t<div class=\"e-con-inner\">\n\t\t\t\t<div class=\"elementor-element elementor-element-a8df2e1 elementor-widget elementor-widget-text-editor\" data-id=\"a8df2e1\" data-element_type=\"widget\" data-widget_type=\"text-editor.default\">\n\t\t\t\t<div class=\"elementor-widget-container\">\n\t\t\t\t\t\t\t\t\t<p>O gerador de SO\u2082 \u00e9 um componente essencial para a preserva\u00e7\u00e3o de uvas frescas, garantindo maior vida \u00fatil das frutas durante o armazenamento e transporte. Sua libera\u00e7\u00e3o controlada de di\u00f3xido de enxofre (SO\u2082) cria um ambiente ideal dentro da embalagem, reduzindo perdas e mantendo a qualidade do produto.<\/p><p>Produzido pela OSKU, nossa empresa parceira no Chile, este gerador de SO\u2082 foi desenvolvido para funcionar em conjunto com os bols\u00f5es micro e macro perfurados da INDUSTRADE, proporcionando uma solu\u00e7\u00e3o completa para manter as uvas frescas por mais tempo.<br \/>Com alta efici\u00eancia e confiabilidade, o gerador de SO\u2082 \u00e9 a escolha ideal para produtores e distribuidores que buscam otimizar a conserva\u00e7\u00e3o das uvas e garantir um produto de qualidade ao consumidor final. \u00c9 um produto essencial para exportadores que lidam com processos log\u00edsticos mais complexos e necessitam garantir que o produto chegue ao destino com a m\u00e1xima qualidade.<\/p><p>A Industrade conta hoje com tr\u00eas tipos de generador de SO2 para diferentes preferencias dos produtores\/distribuidores.<\/p><ul><li>Generador Papel<\/li><li>Generador Laminado e Papel<\/li><li>Generador Laminado<\/li><\/ul><p>Como ele funciona?<\/p><p>Os geradores s\u00e3o materiais que cont\u00eam metabissulfito de s\u00f3dio em sua composi\u00e7\u00e3o e, ao entrarem em contato com a umidade da c\u00e2mara fria, liberam de forma controlada o g\u00e1s SO\u2082. Esse g\u00e1s atua no combate a fungos, contribuindo para a preserva\u00e7\u00e3o da integridade das frutas durante\u00a0o\u00a0transporte.<\/p>\t\t\t\t\t\t\t\t<\/div>\n\t\t\t\t<\/div>\n\t\t<div class=\"elementor-element elementor-element-123d13e e-con-full e-flex e-con e-child\" data-id=\"123d13e\" data-element_type=\"container\">\n\t\t<div class=\"elementor-element elementor-element-4edba26 e-grid e-con-full e-con e-child\" data-id=\"4edba26\" data-element_type=\"container\">\n\t\t\t\t<div class=\"elementor-element elementor-element-f683017 elementor-widget elementor-widget-image\" data-id=\"f683017\" data-element_type=\"widget\" data-widget_type=\"image.default\">\n\t\t\t\t<div class=\"elementor-widget-container\">\n\t\t\t\t\t\t\t\t\t\t\t\t\t\t\t<img fetchpriority=\"high\" decoding=\"async\" width=\"566\" height=\"755\" src=\"https:\/\/industrade.com.br\/wp-content\/uploads\/2025\/06\/Imagem7.jpg\" class=\"attachment-large size-large wp-image-1501\" alt=\"\" srcset=\"https:\/\/industrade.com.br\/wp-content\/uploads\/2025\/06\/Imagem7.jpg 566w, https:\/\/industrade.com.br\/wp-content\/uploads\/2025\/06\/Imagem7-225x300.jpg 225w\" sizes=\"(max-width: 566px) 100vw, 566px\" \/>\t\t\t\t\t\t\t\t\t\t\t\t\t\t\t<\/div>\n\t\t\t\t<\/div>\n\t\t\t\t<div class=\"elementor-element elementor-element-e585f9a elementor-widget elementor-widget-image\" data-id=\"e585f9a\" data-element_type=\"widget\" data-widget_type=\"image.default\">\n\t\t\t\t<div class=\"elementor-widget-container\">\n\t\t\t\t\t\t\t\t\t\t\t\t\t\t\t<img decoding=\"async\" width=\"566\" height=\"755\" src=\"https:\/\/industrade.com.br\/wp-content\/uploads\/2025\/06\/Imagem6.jpg\" class=\"attachment-large size-large wp-image-1500\" alt=\"\" srcset=\"https:\/\/industrade.com.br\/wp-content\/uploads\/2025\/06\/Imagem6.jpg 566w, https:\/\/industrade.com.br\/wp-content\/uploads\/2025\/06\/Imagem6-225x300.jpg 225w\" sizes=\"(max-width: 566px) 100vw, 566px\" \/>\t\t\t\t\t\t\t\t\t\t\t\t\t\t\t<\/div>\n\t\t\t\t<\/div>\n\t\t\t\t<\/div>\n\t\t\t\t<\/div>\n\t\t\t\t\t<\/div>\n\t\t\t\t<\/div>\n\t\t\t\t<\/div>\n\t\t","protected":false},"excerpt":{"rendered":"<p>Gerador de SO\u2082 para Uvas \u2013 Prote\u00e7\u00e3o e Conserva\u00e7\u00e3o Eficiente O gerador de SO\u2082 \u00e9 um componente essencial para a preserva\u00e7\u00e3o de uvas frescas, garantindo maior vida \u00fatil das frutas durante o armazenamento e transporte. Sua libera\u00e7\u00e3o controlada de di\u00f3xido de enxofre (SO\u2082) cria um ambiente ideal dentro da embalagem, reduzindo perdas e mantendo a [&hellip;]<\/p>\n","protected":false},"author":1,"featured_media":0,"parent":0,"menu_order":0,"comment_status":"closed","ping_status":"closed","template":"elementor_header_footer","meta":{"footnotes":""},"class_list":["post-1497","page","type-page","status-publish","hentry"],"_links":{"self":[{"href":"https:\/\/industrade.com.br\/index.php?rest_route=\/wp\/v2\/pages\/1497","targetHints":{"allow":["GET"]}}],"collection":[{"href":"https:\/\/industrade.com.br\/index.php?rest_route=\/wp\/v2\/pages"}],"about":[{"href":"https:\/\/industrade.com.br\/index.php?rest_route=\/wp\/v2\/types\/page"}],"author":[{"embeddable":true,"href":"https:\/\/industrade.com.br\/index.php?rest_route=\/wp\/v2\/users\/1"}],"replies":[{"embeddable":true,"href":"https:\/\/industrade.com.br\/index.php?rest_route=%2Fwp%2Fv2%2Fcomments&post=1497"}],"version-history":[{"count":13,"href":"https:\/\/industrade.com.br\/index.php?rest_route=\/wp\/v2\/pages\/1497\/revisions"}],"predecessor-version":[{"id":2139,"href":"https:\/\/industrade.com.br\/index.php?rest_route=\/wp\/v2\/pages\/1497\/revisions\/2139"}],"wp:attachment":[{"href":"https:\/\/industrade.com.br\/index.php?rest_route=%2Fwp%2Fv2%2Fmedia&parent=1497"}],"curies":[{"name":"wp","href":"https:\/\/api.w.org\/{rel}","templated":true}]}}