{"id":1514,"date":"2025-06-25T15:06:57","date_gmt":"2025-06-25T18:06:57","guid":{"rendered":"https:\/\/industrade.com.br\/?page_id=1514"},"modified":"2025-07-20T20:09:12","modified_gmt":"2025-07-20T23:09:12","slug":"maquinas-2-3-2-2-2-2-2-3-6","status":"publish","type":"page","link":"https:\/\/industrade.com.br\/?page_id=1514","title":{"rendered":"Faixa Pl\u00e1stica \u2013 Identifica\u00e7\u00e3o e Acabamento para Embalagens"},"content":{"rendered":"\t\t<div data-elementor-type=\"wp-page\" data-elementor-id=\"1514\" class=\"elementor elementor-1514\" data-elementor-post-type=\"page\">\n\t\t\t\t<div class=\"elementor-element elementor-element-641cba1 e-flex e-con-boxed e-con e-parent\" data-id=\"641cba1\" data-element_type=\"container\" data-settings=\"{&quot;background_background&quot;:&quot;classic&quot;}\">\n\t\t\t\t\t<div class=\"e-con-inner\">\n\t\t\t\t<div class=\"elementor-element elementor-element-82eac7f elementor-widget elementor-widget-heading\" data-id=\"82eac7f\" data-element_type=\"widget\" data-widget_type=\"heading.default\">\n\t\t\t\t<div class=\"elementor-widget-container\">\n\t\t\t\t\t<h2 class=\"elementor-heading-title elementor-size-default\">Faixa Pl\u00e1stica \u2013 Identifica\u00e7\u00e3o e Acabamento para Embalagens<\/h2>\t\t\t\t<\/div>\n\t\t\t\t<\/div>\n\t\t\t\t\t<\/div>\n\t\t\t\t<\/div>\n\t\t<div class=\"elementor-element elementor-element-1e90e53 e-flex e-con-boxed e-con e-parent\" data-id=\"1e90e53\" data-element_type=\"container\">\n\t\t\t\t\t<div class=\"e-con-inner\">\n\t\t\t\t<div class=\"elementor-element elementor-element-a8df2e1 elementor-widget elementor-widget-text-editor\" data-id=\"a8df2e1\" data-element_type=\"widget\" data-widget_type=\"text-editor.default\">\n\t\t\t\t<div class=\"elementor-widget-container\">\n\t\t\t\t\t\t\t\t\t<p>A <strong>Faixa Pl\u00e1stica<\/strong> \u00e9 a escolha ideal para a confec\u00e7\u00e3o de pacotes de frutas, proporcionando um acabamento seguro e profissional. Selada <strong>termicamente na malha<\/strong>, ela garante firmeza na embalagem, mantendo os produtos bem acondicionados e valorizando sua apresenta\u00e7\u00e3o no ponto de venda.<\/p><p>Al\u00e9m de contribuir para a resist\u00eancia da embalagem, a <strong>Faixa Pl\u00e1stica<\/strong> tamb\u00e9m \u00e9 uma excelente ferramenta de <strong>comunica\u00e7\u00e3o e marketing<\/strong>, permitindo a impress\u00e3o de informa\u00e7\u00f5es essenciais, como marca, peso e proced\u00eancia do produto.<\/p><p>Com um design vers\u00e1til e personaliz\u00e1vel, a <strong>Faixa Pl\u00e1stica<\/strong> \u00e9 amplamente utilizada na embalagem de <strong>laranjas, lim\u00f5es, cebolas, batatas e outros produtos<\/strong>, oferecendo praticidade e uma apresenta\u00e7\u00e3o diferenciada no mercado.<\/p>\t\t\t\t\t\t\t\t<\/div>\n\t\t\t\t<\/div>\n\t\t<div class=\"elementor-element elementor-element-123d13e e-con-full e-flex e-con e-child\" data-id=\"123d13e\" data-element_type=\"container\">\n\t\t\t\t<div class=\"elementor-element elementor-element-46ca972 elementor-widget elementor-widget-image\" data-id=\"46ca972\" data-element_type=\"widget\" data-widget_type=\"image.default\">\n\t\t\t\t<div class=\"elementor-widget-container\">\n\t\t\t\t\t\t\t\t\t\t\t\t\t\t\t<img fetchpriority=\"high\" decoding=\"async\" width=\"400\" height=\"400\" src=\"https:\/\/industrade.com.br\/wp-content\/uploads\/2024\/04\/faixa-plastica.jpg\" class=\"attachment-large size-large wp-image-496\" alt=\"\" srcset=\"https:\/\/industrade.com.br\/wp-content\/uploads\/2024\/04\/faixa-plastica.jpg 400w, https:\/\/industrade.com.br\/wp-content\/uploads\/2024\/04\/faixa-plastica-300x300.jpg 300w, https:\/\/industrade.com.br\/wp-content\/uploads\/2024\/04\/faixa-plastica-150x150.jpg 150w\" sizes=\"(max-width: 400px) 100vw, 400px\" \/>\t\t\t\t\t\t\t\t\t\t\t\t\t\t\t<\/div>\n\t\t\t\t<\/div>\n\t\t\t\t<\/div>\n\t\t\t\t\t<\/div>\n\t\t\t\t<\/div>\n\t\t<div class=\"elementor-element elementor-element-8a46bd1 e-flex e-con-boxed e-con e-parent\" data-id=\"8a46bd1\" data-element_type=\"container\">\n\t\t\t\t\t<div class=\"e-con-inner\">\n\t\t\t\t\t<\/div>\n\t\t\t\t<\/div>\n\t\t\t\t<\/div>\n\t\t","protected":false},"excerpt":{"rendered":"<p>Faixa Pl\u00e1stica \u2013 Identifica\u00e7\u00e3o e Acabamento para Embalagens A Faixa Pl\u00e1stica \u00e9 a escolha ideal para a confec\u00e7\u00e3o de pacotes de frutas, proporcionando um acabamento seguro e profissional. Selada termicamente na malha, ela garante firmeza na embalagem, mantendo os produtos bem acondicionados e valorizando sua apresenta\u00e7\u00e3o no ponto de venda. Al\u00e9m de contribuir para a [&hellip;]<\/p>\n","protected":false},"author":1,"featured_media":0,"parent":0,"menu_order":0,"comment_status":"closed","ping_status":"closed","template":"elementor_header_footer","meta":{"footnotes":""},"class_list":["post-1514","page","type-page","status-publish","hentry"],"_links":{"self":[{"href":"https:\/\/industrade.com.br\/index.php?rest_route=\/wp\/v2\/pages\/1514","targetHints":{"allow":["GET"]}}],"collection":[{"href":"https:\/\/industrade.com.br\/index.php?rest_route=\/wp\/v2\/pages"}],"about":[{"href":"https:\/\/industrade.com.br\/index.php?rest_route=\/wp\/v2\/types\/page"}],"author":[{"embeddable":true,"href":"https:\/\/industrade.com.br\/index.php?rest_route=\/wp\/v2\/users\/1"}],"replies":[{"embeddable":true,"href":"https:\/\/industrade.com.br\/index.php?rest_route=%2Fwp%2Fv2%2Fcomments&post=1514"}],"version-history":[{"count":8,"href":"https:\/\/industrade.com.br\/index.php?rest_route=\/wp\/v2\/pages\/1514\/revisions"}],"predecessor-version":[{"id":2169,"href":"https:\/\/industrade.com.br\/index.php?rest_route=\/wp\/v2\/pages\/1514\/revisions\/2169"}],"wp:attachment":[{"href":"https:\/\/industrade.com.br\/index.php?rest_route=%2Fwp%2Fv2%2Fmedia&parent=1514"}],"curies":[{"name":"wp","href":"https:\/\/api.w.org\/{rel}","templated":true}]}}