{"id":1520,"date":"2025-06-25T15:10:43","date_gmt":"2025-06-25T18:10:43","guid":{"rendered":"https:\/\/industrade.com.br\/?page_id=1520"},"modified":"2025-07-20T17:27:55","modified_gmt":"2025-07-20T20:27:55","slug":"maquinas-2-3-2-2-2-2-2-3-7","status":"publish","type":"page","link":"https:\/\/industrade.com.br\/?page_id=1520","title":{"rendered":"Etiqueta Gravata \u2013 Identifica\u00e7\u00e3o e Divulga\u00e7\u00e3o para suas Embalagens"},"content":{"rendered":"\t\t<div data-elementor-type=\"wp-page\" data-elementor-id=\"1520\" class=\"elementor elementor-1520\" data-elementor-post-type=\"page\">\n\t\t\t\t<div class=\"elementor-element elementor-element-641cba1 e-flex e-con-boxed e-con e-parent\" data-id=\"641cba1\" data-element_type=\"container\" data-settings=\"{&quot;background_background&quot;:&quot;classic&quot;}\">\n\t\t\t\t\t<div class=\"e-con-inner\">\n\t\t\t\t<div class=\"elementor-element elementor-element-82eac7f elementor-widget elementor-widget-heading\" data-id=\"82eac7f\" data-element_type=\"widget\" data-widget_type=\"heading.default\">\n\t\t\t\t<div class=\"elementor-widget-container\">\n\t\t\t\t\t<h2 class=\"elementor-heading-title elementor-size-default\">Etiqueta Gravata \u2013 Identifica\u00e7\u00e3o e Divulga\u00e7\u00e3o para suas Embalagens<\/h2>\t\t\t\t<\/div>\n\t\t\t\t<\/div>\n\t\t\t\t\t<\/div>\n\t\t\t\t<\/div>\n\t\t<div class=\"elementor-element elementor-element-1e90e53 e-flex e-con-boxed e-con e-parent\" data-id=\"1e90e53\" data-element_type=\"container\">\n\t\t\t\t\t<div class=\"e-con-inner\">\n\t\t\t\t<div class=\"elementor-element elementor-element-a8df2e1 elementor-widget elementor-widget-text-editor\" data-id=\"a8df2e1\" data-element_type=\"widget\" data-widget_type=\"text-editor.default\">\n\t\t\t\t<div class=\"elementor-widget-container\">\n\t\t\t\t\t\t\t\t\t<p>A Etiqueta Gravata \u00e9 a solu\u00e7\u00e3o ideal para identifica\u00e7\u00e3o e comunica\u00e7\u00e3o em embalagens de frutas, legumes e hortali\u00e7as. Simples e funcional, ela permite a divulga\u00e7\u00e3o da marca e das informa\u00e7\u00f5es essenciais do r\u00f3tulo, como peso, validade e proced\u00eancia do produto.<\/p><p>Fixada no pacote atrav\u00e9s de um fecho met\u00e1lico, a Etiqueta Gravata garante um acabamento profissional e seguro, sendo amplamente utilizada no empacotamento de batatas, cebolas, alho e outros produtos.<\/p><p>Com um design vers\u00e1til e personaliz\u00e1vel, essa etiqueta \u00e9 indispens\u00e1vel para quem busca agregar valor \u00e0 embalagem, facilitando a identifica\u00e7\u00e3o do produto no ponto de venda e refor\u00e7ando a identidade da marca.<\/p>\t\t\t\t\t\t\t\t<\/div>\n\t\t\t\t<\/div>\n\t\t<div class=\"elementor-element elementor-element-123d13e e-con-full e-flex e-con e-child\" data-id=\"123d13e\" data-element_type=\"container\">\n\t\t\t\t<div class=\"elementor-element elementor-element-cf47c31 elementor-widget elementor-widget-image\" data-id=\"cf47c31\" data-element_type=\"widget\" data-widget_type=\"image.default\">\n\t\t\t\t<div class=\"elementor-widget-container\">\n\t\t\t\t\t\t\t\t\t\t\t\t\t\t\t<img fetchpriority=\"high\" decoding=\"async\" width=\"800\" height=\"800\" src=\"https:\/\/industrade.com.br\/wp-content\/uploads\/2025\/07\/Post-para-Instagram-Frase-de-Impacto-Fundo-preto-Minimalista--1024x1024.png\" class=\"attachment-large size-large wp-image-2111\" alt=\"\" srcset=\"https:\/\/industrade.com.br\/wp-content\/uploads\/2025\/07\/Post-para-Instagram-Frase-de-Impacto-Fundo-preto-Minimalista--1024x1024.png 1024w, https:\/\/industrade.com.br\/wp-content\/uploads\/2025\/07\/Post-para-Instagram-Frase-de-Impacto-Fundo-preto-Minimalista--300x300.png 300w, https:\/\/industrade.com.br\/wp-content\/uploads\/2025\/07\/Post-para-Instagram-Frase-de-Impacto-Fundo-preto-Minimalista--150x150.png 150w, https:\/\/industrade.com.br\/wp-content\/uploads\/2025\/07\/Post-para-Instagram-Frase-de-Impacto-Fundo-preto-Minimalista--768x768.png 768w, https:\/\/industrade.com.br\/wp-content\/uploads\/2025\/07\/Post-para-Instagram-Frase-de-Impacto-Fundo-preto-Minimalista-.png 1080w\" sizes=\"(max-width: 800px) 100vw, 800px\" \/>\t\t\t\t\t\t\t\t\t\t\t\t\t\t\t<\/div>\n\t\t\t\t<\/div>\n\t\t\t\t<\/div>\n\t\t\t\t\t<\/div>\n\t\t\t\t<\/div>\n\t\t\t\t<\/div>\n\t\t","protected":false},"excerpt":{"rendered":"<p>Etiqueta Gravata \u2013 Identifica\u00e7\u00e3o e Divulga\u00e7\u00e3o para suas Embalagens A Etiqueta Gravata \u00e9 a solu\u00e7\u00e3o ideal para identifica\u00e7\u00e3o e comunica\u00e7\u00e3o em embalagens de frutas, legumes e hortali\u00e7as. Simples e funcional, ela permite a divulga\u00e7\u00e3o da marca e das informa\u00e7\u00f5es essenciais do r\u00f3tulo, como peso, validade e proced\u00eancia do produto. Fixada no pacote atrav\u00e9s de um [&hellip;]<\/p>\n","protected":false},"author":1,"featured_media":0,"parent":0,"menu_order":0,"comment_status":"closed","ping_status":"closed","template":"elementor_header_footer","meta":{"footnotes":""},"class_list":["post-1520","page","type-page","status-publish","hentry"],"_links":{"self":[{"href":"https:\/\/industrade.com.br\/index.php?rest_route=\/wp\/v2\/pages\/1520","targetHints":{"allow":["GET"]}}],"collection":[{"href":"https:\/\/industrade.com.br\/index.php?rest_route=\/wp\/v2\/pages"}],"about":[{"href":"https:\/\/industrade.com.br\/index.php?rest_route=\/wp\/v2\/types\/page"}],"author":[{"embeddable":true,"href":"https:\/\/industrade.com.br\/index.php?rest_route=\/wp\/v2\/users\/1"}],"replies":[{"embeddable":true,"href":"https:\/\/industrade.com.br\/index.php?rest_route=%2Fwp%2Fv2%2Fcomments&post=1520"}],"version-history":[{"count":10,"href":"https:\/\/industrade.com.br\/index.php?rest_route=\/wp\/v2\/pages\/1520\/revisions"}],"predecessor-version":[{"id":2142,"href":"https:\/\/industrade.com.br\/index.php?rest_route=\/wp\/v2\/pages\/1520\/revisions\/2142"}],"wp:attachment":[{"href":"https:\/\/industrade.com.br\/index.php?rest_route=%2Fwp%2Fv2%2Fmedia&parent=1520"}],"curies":[{"name":"wp","href":"https:\/\/api.w.org\/{rel}","templated":true}]}}