{"id":1537,"date":"2025-06-25T15:21:56","date_gmt":"2025-06-25T18:21:56","guid":{"rendered":"https:\/\/industrade.com.br\/?page_id=1537"},"modified":"2025-07-21T19:26:02","modified_gmt":"2025-07-21T22:26:02","slug":"maquinas-2-3-2-2-2-2-2-3-8-3","status":"publish","type":"page","link":"https:\/\/industrade.com.br\/?page_id=1537","title":{"rendered":"Fecho Met\u00e1lico \u2013 Seguran\u00e7a e Praticidade para Embalagens"},"content":{"rendered":"\t\t<div data-elementor-type=\"wp-page\" data-elementor-id=\"1537\" class=\"elementor elementor-1537\" data-elementor-post-type=\"page\">\n\t\t\t\t<div class=\"elementor-element elementor-element-641cba1 e-flex e-con-boxed e-con e-parent\" data-id=\"641cba1\" data-element_type=\"container\" data-settings=\"{&quot;background_background&quot;:&quot;classic&quot;}\">\n\t\t\t\t\t<div class=\"e-con-inner\">\n\t\t\t\t<div class=\"elementor-element elementor-element-82eac7f elementor-widget elementor-widget-heading\" data-id=\"82eac7f\" data-element_type=\"widget\" data-widget_type=\"heading.default\">\n\t\t\t\t<div class=\"elementor-widget-container\">\n\t\t\t\t\t<h2 class=\"elementor-heading-title elementor-size-default\">Fecho Met\u00e1lico \u2013 Seguran\u00e7a e Praticidade para Embalagens<\/h2>\t\t\t\t<\/div>\n\t\t\t\t<\/div>\n\t\t\t\t\t<\/div>\n\t\t\t\t<\/div>\n\t\t<div class=\"elementor-element elementor-element-1e90e53 e-flex e-con-boxed e-con e-parent\" data-id=\"1e90e53\" data-element_type=\"container\">\n\t\t\t\t\t<div class=\"e-con-inner\">\n\t\t\t\t<div class=\"elementor-element elementor-element-a8df2e1 elementor-widget elementor-widget-text-editor\" data-id=\"a8df2e1\" data-element_type=\"widget\" data-widget_type=\"text-editor.default\">\n\t\t\t\t<div class=\"elementor-widget-container\">\n\t\t\t\t\t\t\t\t\t<p>O <strong>Fecho Met\u00e1lico<\/strong> \u00e9 a solu\u00e7\u00e3o ideal para o fechamento seguro e eficiente de embalagens em <strong>malhas com ou sem rotulagem<\/strong>. Aplicado automaticamente por grampeamento, ele garante firmeza no fechamento dos pacotes, evitando a abertura acidental durante o transporte e armazenamento.<\/p><p>Sua versatilidade permite o uso em diversos tipos de produtos, como <strong>frutas, legumes e hortali\u00e7as<\/strong>, oferecendo praticidade tanto para produtores quanto para distribuidores. Al\u00e9m disso, o <strong>Fecho Met\u00e1lico Acobreado<\/strong>\u00a0pode ser combinado com a <strong>Etiqueta Gravata<\/strong>, permitindo a identifica\u00e7\u00e3o da marca e a exibi\u00e7\u00e3o de informa\u00e7\u00f5es essenciais da embalagem.<\/p><p>Com alta resist\u00eancia e durabilidade, esse fecho \u00e9 indispens\u00e1vel para quem busca um fechamento confi\u00e1vel, garantindo a integridade do produto at\u00e9 o ponto de venda<\/p>\t\t\t\t\t\t\t\t<\/div>\n\t\t\t\t<\/div>\n\t\t\t\t\t<\/div>\n\t\t\t\t<\/div>\n\t\t<div class=\"elementor-element elementor-element-f3f2184 e-grid e-con-boxed e-con e-parent\" data-id=\"f3f2184\" data-element_type=\"container\">\n\t\t\t\t\t<div class=\"e-con-inner\">\n\t\t\t\t<div class=\"elementor-element elementor-element-fedc94b elementor-widget elementor-widget-image\" data-id=\"fedc94b\" data-element_type=\"widget\" data-widget_type=\"image.default\">\n\t\t\t\t<div class=\"elementor-widget-container\">\n\t\t\t\t\t\t\t\t\t\t\t\t\t\t\t<img fetchpriority=\"high\" decoding=\"async\" width=\"800\" height=\"800\" src=\"https:\/\/industrade.com.br\/wp-content\/uploads\/2025\/07\/4-1024x1024.png\" class=\"attachment-large size-large wp-image-2193\" alt=\"\" srcset=\"https:\/\/industrade.com.br\/wp-content\/uploads\/2025\/07\/4-1024x1024.png 1024w, https:\/\/industrade.com.br\/wp-content\/uploads\/2025\/07\/4-300x300.png 300w, https:\/\/industrade.com.br\/wp-content\/uploads\/2025\/07\/4-150x150.png 150w, https:\/\/industrade.com.br\/wp-content\/uploads\/2025\/07\/4-768x768.png 768w, https:\/\/industrade.com.br\/wp-content\/uploads\/2025\/07\/4.png 1080w\" sizes=\"(max-width: 800px) 100vw, 800px\" \/>\t\t\t\t\t\t\t\t\t\t\t\t\t\t\t<\/div>\n\t\t\t\t<\/div>\n\t\t\t\t<div class=\"elementor-element elementor-element-31e2a59 elementor-widget elementor-widget-image\" data-id=\"31e2a59\" data-element_type=\"widget\" data-widget_type=\"image.default\">\n\t\t\t\t<div class=\"elementor-widget-container\">\n\t\t\t\t\t\t\t\t\t\t\t\t\t\t\t<img decoding=\"async\" width=\"800\" height=\"677\" src=\"https:\/\/industrade.com.br\/wp-content\/uploads\/2025\/07\/5-e1753136720360-1024x866.png\" class=\"attachment-large size-large wp-image-2194\" alt=\"\" srcset=\"https:\/\/industrade.com.br\/wp-content\/uploads\/2025\/07\/5-e1753136720360-1024x866.png 1024w, https:\/\/industrade.com.br\/wp-content\/uploads\/2025\/07\/5-e1753136720360-300x254.png 300w, https:\/\/industrade.com.br\/wp-content\/uploads\/2025\/07\/5-e1753136720360-768x649.png 768w, https:\/\/industrade.com.br\/wp-content\/uploads\/2025\/07\/5-e1753136720360.png 1080w\" sizes=\"(max-width: 800px) 100vw, 800px\" \/>\t\t\t\t\t\t\t\t\t\t\t\t\t\t\t<\/div>\n\t\t\t\t<\/div>\n\t\t\t\t\t<\/div>\n\t\t\t\t<\/div>\n\t\t\t\t<\/div>\n\t\t","protected":false},"excerpt":{"rendered":"<p>Fecho Met\u00e1lico \u2013 Seguran\u00e7a e Praticidade para Embalagens O Fecho Met\u00e1lico \u00e9 a solu\u00e7\u00e3o ideal para o fechamento seguro e eficiente de embalagens em malhas com ou sem rotulagem. Aplicado automaticamente por grampeamento, ele garante firmeza no fechamento dos pacotes, evitando a abertura acidental durante o transporte e armazenamento. Sua versatilidade permite o uso em [&hellip;]<\/p>\n","protected":false},"author":1,"featured_media":0,"parent":0,"menu_order":0,"comment_status":"closed","ping_status":"closed","template":"elementor_header_footer","meta":{"footnotes":""},"class_list":["post-1537","page","type-page","status-publish","hentry"],"_links":{"self":[{"href":"https:\/\/industrade.com.br\/index.php?rest_route=\/wp\/v2\/pages\/1537","targetHints":{"allow":["GET"]}}],"collection":[{"href":"https:\/\/industrade.com.br\/index.php?rest_route=\/wp\/v2\/pages"}],"about":[{"href":"https:\/\/industrade.com.br\/index.php?rest_route=\/wp\/v2\/types\/page"}],"author":[{"embeddable":true,"href":"https:\/\/industrade.com.br\/index.php?rest_route=\/wp\/v2\/users\/1"}],"replies":[{"embeddable":true,"href":"https:\/\/industrade.com.br\/index.php?rest_route=%2Fwp%2Fv2%2Fcomments&post=1537"}],"version-history":[{"count":16,"href":"https:\/\/industrade.com.br\/index.php?rest_route=\/wp\/v2\/pages\/1537\/revisions"}],"predecessor-version":[{"id":2201,"href":"https:\/\/industrade.com.br\/index.php?rest_route=\/wp\/v2\/pages\/1537\/revisions\/2201"}],"wp:attachment":[{"href":"https:\/\/industrade.com.br\/index.php?rest_route=%2Fwp%2Fv2%2Fmedia&parent=1537"}],"curies":[{"name":"wp","href":"https:\/\/api.w.org\/{rel}","templated":true}]}}