{"id":1544,"date":"2025-06-25T15:27:55","date_gmt":"2025-06-25T18:27:55","guid":{"rendered":"https:\/\/industrade.com.br\/?page_id=1544"},"modified":"2025-07-29T19:41:35","modified_gmt":"2025-07-29T22:41:35","slug":"maquinas-2-3-2-2-2-2-2-3-8-4","status":"publish","type":"page","link":"https:\/\/industrade.com.br\/?page_id=1544","title":{"rendered":"Cola de Alta Ader\u00eancia para Caixas de Papel\u00e3o"},"content":{"rendered":"\t\t<div data-elementor-type=\"wp-page\" data-elementor-id=\"1544\" class=\"elementor elementor-1544\" data-elementor-post-type=\"page\">\n\t\t\t\t<div class=\"elementor-element elementor-element-641cba1 e-flex e-con-boxed e-con e-parent\" data-id=\"641cba1\" data-element_type=\"container\" data-settings=\"{&quot;background_background&quot;:&quot;classic&quot;}\">\n\t\t\t\t\t<div class=\"e-con-inner\">\n\t\t\t\t<div class=\"elementor-element elementor-element-82eac7f elementor-widget elementor-widget-heading\" data-id=\"82eac7f\" data-element_type=\"widget\" data-widget_type=\"heading.default\">\n\t\t\t\t<div class=\"elementor-widget-container\">\n\t\t\t\t\t<h2 class=\"elementor-heading-title elementor-size-default\">Cola de Alta Ader\u00eancia para Caixas de Papel\u00e3o<\/h2>\t\t\t\t<\/div>\n\t\t\t\t<\/div>\n\t\t\t\t\t<\/div>\n\t\t\t\t<\/div>\n\t\t<div class=\"elementor-element elementor-element-1e90e53 e-flex e-con-boxed e-con e-parent\" data-id=\"1e90e53\" data-element_type=\"container\">\n\t\t\t\t\t<div class=\"e-con-inner\">\n\t\t\t\t<div class=\"elementor-element elementor-element-a8df2e1 elementor-widget elementor-widget-text-editor\" data-id=\"a8df2e1\" data-element_type=\"widget\" data-widget_type=\"text-editor.default\">\n\t\t\t\t<div class=\"elementor-widget-container\">\n\t\t\t\t\t\t\t\t\t<p>A <strong>Cola de Alta Ader\u00eancia<\/strong> \u00e9 utilizada na montagem de <strong>caixas de papel\u00e3o em m\u00e1quinas autom\u00e1ticas<\/strong>, proporcionando um fechamento eficiente e seguro. Sua aplica\u00e7\u00e3o r\u00e1pida e precisa facilita o processo de empacotamento, garantindo maior agilidade na produ\u00e7\u00e3o.<\/p><p>Caracter\u00edsticas:\u00a0<\/p><p>Adesivo \u00e0 base de EVA ou Metaloceno.<\/p><p>Bom desempenho em temperaturas ambientes altas.<\/p><p>\u00d3tima estabilidade.<\/p><p>Sacarias pl\u00e1sticas com 25kg.<\/p>\t\t\t\t\t\t\t\t<\/div>\n\t\t\t\t<\/div>\n\t\t<div class=\"elementor-element elementor-element-123d13e e-con-full e-flex e-con e-child\" data-id=\"123d13e\" data-element_type=\"container\">\n\t\t<div class=\"elementor-element elementor-element-e4bbcdb e-grid e-con-full e-con e-child\" data-id=\"e4bbcdb\" data-element_type=\"container\">\n\t\t\t\t<div class=\"elementor-element elementor-element-46e2346 elementor-widget elementor-widget-image\" data-id=\"46e2346\" data-element_type=\"widget\" data-widget_type=\"image.default\">\n\t\t\t\t<div class=\"elementor-widget-container\">\n\t\t\t\t\t\t\t\t\t\t\t\t\t\t\t<img fetchpriority=\"high\" decoding=\"async\" width=\"683\" height=\"1024\" src=\"https:\/\/industrade.com.br\/wp-content\/uploads\/2025\/06\/Imagem15-683x1024.jpg\" class=\"attachment-large size-large wp-image-1546\" alt=\"\" srcset=\"https:\/\/industrade.com.br\/wp-content\/uploads\/2025\/06\/Imagem15-683x1024.jpg 683w, https:\/\/industrade.com.br\/wp-content\/uploads\/2025\/06\/Imagem15-200x300.jpg 200w, https:\/\/industrade.com.br\/wp-content\/uploads\/2025\/06\/Imagem15-768x1152.jpg 768w, https:\/\/industrade.com.br\/wp-content\/uploads\/2025\/06\/Imagem15-1024x1536.jpg 1024w, https:\/\/industrade.com.br\/wp-content\/uploads\/2025\/06\/Imagem15.jpg 1299w\" sizes=\"(max-width: 683px) 100vw, 683px\" \/>\t\t\t\t\t\t\t\t\t\t\t\t\t\t\t<\/div>\n\t\t\t\t<\/div>\n\t\t\t\t<div class=\"elementor-element elementor-element-27f8ee2 elementor-widget elementor-widget-image\" data-id=\"27f8ee2\" data-element_type=\"widget\" data-widget_type=\"image.default\">\n\t\t\t\t<div class=\"elementor-widget-container\">\n\t\t\t\t\t\t\t\t\t\t\t\t\t\t\t<img decoding=\"async\" width=\"683\" height=\"1024\" src=\"https:\/\/industrade.com.br\/wp-content\/uploads\/2025\/06\/Imagem16-683x1024.jpg\" class=\"attachment-large size-large wp-image-1547\" alt=\"\" srcset=\"https:\/\/industrade.com.br\/wp-content\/uploads\/2025\/06\/Imagem16-683x1024.jpg 683w, https:\/\/industrade.com.br\/wp-content\/uploads\/2025\/06\/Imagem16-200x300.jpg 200w, https:\/\/industrade.com.br\/wp-content\/uploads\/2025\/06\/Imagem16-768x1152.jpg 768w, https:\/\/industrade.com.br\/wp-content\/uploads\/2025\/06\/Imagem16-1024x1536.jpg 1024w, https:\/\/industrade.com.br\/wp-content\/uploads\/2025\/06\/Imagem16.jpg 1299w\" sizes=\"(max-width: 683px) 100vw, 683px\" \/>\t\t\t\t\t\t\t\t\t\t\t\t\t\t\t<\/div>\n\t\t\t\t<\/div>\n\t\t\t\t<\/div>\n\t\t\t\t<\/div>\n\t\t\t\t\t<\/div>\n\t\t\t\t<\/div>\n\t\t\t\t<\/div>\n\t\t","protected":false},"excerpt":{"rendered":"<p>Cola de Alta Ader\u00eancia para Caixas de Papel\u00e3o A Cola de Alta Ader\u00eancia \u00e9 utilizada na montagem de caixas de papel\u00e3o em m\u00e1quinas autom\u00e1ticas, proporcionando um fechamento eficiente e seguro. Sua aplica\u00e7\u00e3o r\u00e1pida e precisa facilita o processo de empacotamento, garantindo maior agilidade na produ\u00e7\u00e3o. Caracter\u00edsticas:\u00a0 Adesivo \u00e0 base de EVA ou Metaloceno. Bom desempenho [&hellip;]<\/p>\n","protected":false},"author":1,"featured_media":0,"parent":0,"menu_order":0,"comment_status":"closed","ping_status":"closed","template":"elementor_header_footer","meta":{"footnotes":""},"class_list":["post-1544","page","type-page","status-publish","hentry"],"_links":{"self":[{"href":"https:\/\/industrade.com.br\/index.php?rest_route=\/wp\/v2\/pages\/1544","targetHints":{"allow":["GET"]}}],"collection":[{"href":"https:\/\/industrade.com.br\/index.php?rest_route=\/wp\/v2\/pages"}],"about":[{"href":"https:\/\/industrade.com.br\/index.php?rest_route=\/wp\/v2\/types\/page"}],"author":[{"embeddable":true,"href":"https:\/\/industrade.com.br\/index.php?rest_route=\/wp\/v2\/users\/1"}],"replies":[{"embeddable":true,"href":"https:\/\/industrade.com.br\/index.php?rest_route=%2Fwp%2Fv2%2Fcomments&post=1544"}],"version-history":[{"count":10,"href":"https:\/\/industrade.com.br\/index.php?rest_route=\/wp\/v2\/pages\/1544\/revisions"}],"predecessor-version":[{"id":2341,"href":"https:\/\/industrade.com.br\/index.php?rest_route=\/wp\/v2\/pages\/1544\/revisions\/2341"}],"wp:attachment":[{"href":"https:\/\/industrade.com.br\/index.php?rest_route=%2Fwp%2Fv2%2Fmedia&parent=1544"}],"curies":[{"name":"wp","href":"https:\/\/api.w.org\/{rel}","templated":true}]}}