{"id":1611,"date":"2025-07-07T21:36:47","date_gmt":"2025-07-08T00:36:47","guid":{"rendered":"https:\/\/industrade.com.br\/?page_id=1611"},"modified":"2025-07-21T19:51:25","modified_gmt":"2025-07-21T22:51:25","slug":"bin-plastica","status":"publish","type":"page","link":"https:\/\/industrade.com.br\/?page_id=1611","title":{"rendered":"Bin Pl\u00e1stica"},"content":{"rendered":"\t\t<div data-elementor-type=\"wp-page\" data-elementor-id=\"1611\" class=\"elementor elementor-1611\" data-elementor-post-type=\"page\">\n\t\t\t\t<div class=\"elementor-element elementor-element-641cba1 e-flex e-con-boxed e-con e-parent\" data-id=\"641cba1\" data-element_type=\"container\" data-settings=\"{&quot;background_background&quot;:&quot;classic&quot;}\">\n\t\t\t\t\t<div class=\"e-con-inner\">\n\t\t\t\t<div class=\"elementor-element elementor-element-82eac7f elementor-widget elementor-widget-heading\" data-id=\"82eac7f\" data-element_type=\"widget\" data-widget_type=\"heading.default\">\n\t\t\t\t<div class=\"elementor-widget-container\">\n\t\t\t\t\t<h2 class=\"elementor-heading-title elementor-size-default\">Bin Pl\u00e1stica<\/h2>\t\t\t\t<\/div>\n\t\t\t\t<\/div>\n\t\t\t\t\t<\/div>\n\t\t\t\t<\/div>\n\t\t<div class=\"elementor-element elementor-element-1e90e53 e-flex e-con-boxed e-con e-parent\" data-id=\"1e90e53\" data-element_type=\"container\">\n\t\t\t\t\t<div class=\"e-con-inner\">\n\t\t\t\t<div class=\"elementor-element elementor-element-a8df2e1 elementor-widget elementor-widget-text-editor\" data-id=\"a8df2e1\" data-element_type=\"widget\" data-widget_type=\"text-editor.default\">\n\t\t\t\t<div class=\"elementor-widget-container\">\n\t\t\t\t\t\t\t\t\t<p><strong>Bin Pl\u00e1stica de Alta Resist\u00eancia<\/strong>\u00a0\u00e9 a escolha ideal para a\u00a0<strong>colheita de frutas<\/strong>\u00a0e o\u00a0<strong>manuseio no Packing-house<\/strong>, proporcionando\u00a0<strong>durabilidade extrema e praticidade no transporte e armazenamento<\/strong>. Fabricada pela\u00a0<strong>Dolav<\/strong>, empresa israelense l\u00edder no mercado de bins, esse bin foi desenvolvido para suportar\u00a0<strong>uso intenso por muitos anos<\/strong>, mesmo em condi\u00e7\u00f5es exigentes do setor agr\u00edcola.<\/p><p>Com uma\u00a0<strong>estrutura robusta e resist\u00eancia superior a impactos<\/strong>, o\u00a0<strong>Bin Pl\u00e1stica Dolav<\/strong>\u00a0\u00e9 perfeito para a\u00a0<strong>log\u00edstica interna<\/strong>, garantindo um fluxo eficiente de produtos sem riscos de quebras ou deforma\u00e7\u00f5es. Seu design facilita o\u00a0<strong>empilhamento seguro e o manuseio otimizado<\/strong>, al\u00e9m de permitir uma\u00a0<strong>limpeza r\u00e1pida e completa<\/strong>, evitando o ac\u00famulo de sujeira e res\u00edduos.<\/p><p>Assista ao v\u00eddeo e veja a impressionante resist\u00eancia desse bin sendo jogado de um helic\u00f3ptero \u2013 um teste que comprova sua qualidade e confiabilidade!<\/p>\t\t\t\t\t\t\t\t<\/div>\n\t\t\t\t<\/div>\n\t\t<div class=\"elementor-element elementor-element-123d13e e-con-full e-flex e-con e-child\" data-id=\"123d13e\" data-element_type=\"container\">\n\t\t\t\t<div class=\"elementor-element elementor-element-6c943cf elementor-widget elementor-widget-video\" data-id=\"6c943cf\" data-element_type=\"widget\" data-settings=\"{&quot;youtube_url&quot;:&quot;https:\\\/\\\/www.youtube.com\\\/watch?v=mpjXHEHzEP4&quot;,&quot;video_type&quot;:&quot;youtube&quot;,&quot;controls&quot;:&quot;yes&quot;}\" data-widget_type=\"video.default\">\n\t\t\t\t<div class=\"elementor-widget-container\">\n\t\t\t\t\t\t\t<div class=\"elementor-wrapper elementor-open-inline\">\n\t\t\t<div class=\"elementor-video\"><\/div>\t\t<\/div>\n\t\t\t\t\t\t<\/div>\n\t\t\t\t<\/div>\n\t\t\t\t<\/div>\n\t\t\t\t<div class=\"elementor-element elementor-element-36bf120 elementor-widget elementor-widget-text-editor\" data-id=\"36bf120\" data-element_type=\"widget\" data-widget_type=\"text-editor.default\">\n\t\t\t\t<div class=\"elementor-widget-container\">\n\t\t\t\t\t\t\t\t\t<ul><li>Caracter\u00edsticas:\u00a0<\/li><li>Peso bin 33,4 kg<\/li><li>Carga m\u00e1xima 1.200 kg<\/li><li>Suporta -40\u00b0 a +60\u00b0C<\/li><li>Altura m\u00e1xima empilh\u00e1vel 12 unidades ou 5.000kg<\/li><\/ul>\t\t\t\t\t\t\t\t<\/div>\n\t\t\t\t<\/div>\n\t\t\t\t\t<\/div>\n\t\t\t\t<\/div>\n\t\t\t\t<\/div>\n\t\t","protected":false},"excerpt":{"rendered":"<p>Bin Pl\u00e1stica Bin Pl\u00e1stica de Alta Resist\u00eancia\u00a0\u00e9 a escolha ideal para a\u00a0colheita de frutas\u00a0e o\u00a0manuseio no Packing-house, proporcionando\u00a0durabilidade extrema e praticidade no transporte e armazenamento. Fabricada pela\u00a0Dolav, empresa israelense l\u00edder no mercado de bins, esse bin foi desenvolvido para suportar\u00a0uso intenso por muitos anos, mesmo em condi\u00e7\u00f5es exigentes do setor agr\u00edcola. Com uma\u00a0estrutura robusta e [&hellip;]<\/p>\n","protected":false},"author":1,"featured_media":0,"parent":0,"menu_order":0,"comment_status":"closed","ping_status":"closed","template":"elementor_header_footer","meta":{"footnotes":""},"class_list":["post-1611","page","type-page","status-publish","hentry"],"_links":{"self":[{"href":"https:\/\/industrade.com.br\/index.php?rest_route=\/wp\/v2\/pages\/1611","targetHints":{"allow":["GET"]}}],"collection":[{"href":"https:\/\/industrade.com.br\/index.php?rest_route=\/wp\/v2\/pages"}],"about":[{"href":"https:\/\/industrade.com.br\/index.php?rest_route=\/wp\/v2\/types\/page"}],"author":[{"embeddable":true,"href":"https:\/\/industrade.com.br\/index.php?rest_route=\/wp\/v2\/users\/1"}],"replies":[{"embeddable":true,"href":"https:\/\/industrade.com.br\/index.php?rest_route=%2Fwp%2Fv2%2Fcomments&post=1611"}],"version-history":[{"count":19,"href":"https:\/\/industrade.com.br\/index.php?rest_route=\/wp\/v2\/pages\/1611\/revisions"}],"predecessor-version":[{"id":2228,"href":"https:\/\/industrade.com.br\/index.php?rest_route=\/wp\/v2\/pages\/1611\/revisions\/2228"}],"wp:attachment":[{"href":"https:\/\/industrade.com.br\/index.php?rest_route=%2Fwp%2Fv2%2Fmedia&parent=1611"}],"curies":[{"name":"wp","href":"https:\/\/api.w.org\/{rel}","templated":true}]}}