{"id":1631,"date":"2025-07-07T21:49:11","date_gmt":"2025-07-08T00:49:11","guid":{"rendered":"https:\/\/industrade.com.br\/?page_id=1631"},"modified":"2025-07-29T19:49:12","modified_gmt":"2025-07-29T22:49:12","slug":"bin-plastica-2","status":"publish","type":"page","link":"https:\/\/industrade.com.br\/?page_id=1631","title":{"rendered":"Igemsa"},"content":{"rendered":"\t\t<div data-elementor-type=\"wp-page\" data-elementor-id=\"1631\" class=\"elementor elementor-1631\" data-elementor-post-type=\"page\">\n\t\t\t\t<div class=\"elementor-element elementor-element-641cba1 e-flex e-con-boxed e-con e-parent\" data-id=\"641cba1\" data-element_type=\"container\" data-settings=\"{&quot;background_background&quot;:&quot;classic&quot;}\">\n\t\t\t\t\t<div class=\"e-con-inner\">\n\t\t\t\t<div class=\"elementor-element elementor-element-82eac7f elementor-widget elementor-widget-heading\" data-id=\"82eac7f\" data-element_type=\"widget\" data-widget_type=\"heading.default\">\n\t\t\t\t<div class=\"elementor-widget-container\">\n\t\t\t\t\t<h2 class=\"elementor-heading-title elementor-size-default\">Igemsa<\/h2>\t\t\t\t<\/div>\n\t\t\t\t<\/div>\n\t\t\t\t\t<\/div>\n\t\t\t\t<\/div>\n\t\t<div class=\"elementor-element elementor-element-1e90e53 e-flex e-con-boxed e-con e-parent\" data-id=\"1e90e53\" data-element_type=\"container\">\n\t\t\t\t\t<div class=\"e-con-inner\">\n\t\t\t\t<div class=\"elementor-element elementor-element-a8df2e1 elementor-widget elementor-widget-text-editor\" data-id=\"a8df2e1\" data-element_type=\"widget\" data-widget_type=\"text-editor.default\">\n\t\t\t\t<div class=\"elementor-widget-container\">\n\t\t\t\t\t\t\t\t\t<p>Conhe\u00e7a a embaladora semi-autom\u00e1tica de frutas e legumes mais vendida do Brasil \u2014 uma m\u00e1quina refer\u00eancia nacional em efici\u00eancia, praticidade e robustez. Com capacidade para produzir at\u00e9 500 pacotes por hora, essa solu\u00e7\u00e3o \u00e9 ideal para quem deseja iniciar ou expandir suas opera\u00e7\u00f5es de empacotamento com agilidade e baixo custo operacional.<\/p><p>Projetada para embalar qualquer tipo de fruta ou legume, ela \u00e9 compat\u00edvel com pacotes de at\u00e9 5kg. Seu funcionamento el\u00e9trico proporciona maior velocidade e const\u00e2ncia na produ\u00e7\u00e3o, enquanto sua estrutura resistente e o f\u00e1cil manuseio garantem durabilidade e simplicidade no dia a dia.<\/p><p>A m\u00e1quina \u00e9 compat\u00edvel com as malhas tecidas ou extrusadas oferecidas pela INDUSTRADE, al\u00e9m de aceitar os diferentes modelos de etiquetas desenvolvidos para atender \u00e0s especificidades de cada embalagem. Isso garante um acabamento de qualidade e uma apresenta\u00e7\u00e3o profissional dos produtos no ponto de venda.<\/p><p>Disponibilizamos modalidades de aluguel flex\u00edveis e atendimento em todo o Brasil, facilitando o acesso a essa solu\u00e7\u00e3o para produtores, empacotadores e distribuidores de todas as regi\u00f5es. Entre em contato e descubra como a embaladora semi-autom\u00e1tica da INDUSTRADE pode transformar sua opera\u00e7\u00e3o.<\/p>\t\t\t\t\t\t\t\t<\/div>\n\t\t\t\t<\/div>\n\t\t<div class=\"elementor-element elementor-element-123d13e e-con-full e-flex e-con e-child\" data-id=\"123d13e\" data-element_type=\"container\">\n\t\t<div class=\"elementor-element elementor-element-e2f6105 e-grid e-con-full e-con e-child\" data-id=\"e2f6105\" data-element_type=\"container\">\n\t\t\t\t<div class=\"elementor-element elementor-element-7f7c307 elementor-widget elementor-widget-image\" data-id=\"7f7c307\" data-element_type=\"widget\" data-widget_type=\"image.default\">\n\t\t\t\t<div class=\"elementor-widget-container\">\n\t\t\t\t\t\t\t\t\t\t\t\t\t\t\t<img fetchpriority=\"high\" decoding=\"async\" width=\"768\" height=\"1024\" src=\"https:\/\/industrade.com.br\/wp-content\/uploads\/2025\/07\/Imagem-do-WhatsApp-de-2025-07-08-as-14.25.54_5e386b94-768x1024.jpg\" class=\"attachment-large size-large wp-image-1849\" alt=\"\" srcset=\"https:\/\/industrade.com.br\/wp-content\/uploads\/2025\/07\/Imagem-do-WhatsApp-de-2025-07-08-as-14.25.54_5e386b94-768x1024.jpg 768w, https:\/\/industrade.com.br\/wp-content\/uploads\/2025\/07\/Imagem-do-WhatsApp-de-2025-07-08-as-14.25.54_5e386b94-225x300.jpg 225w, https:\/\/industrade.com.br\/wp-content\/uploads\/2025\/07\/Imagem-do-WhatsApp-de-2025-07-08-as-14.25.54_5e386b94.jpg 960w\" sizes=\"(max-width: 768px) 100vw, 768px\" \/>\t\t\t\t\t\t\t\t\t\t\t\t\t\t\t<\/div>\n\t\t\t\t<\/div>\n\t\t<div class=\"elementor-element elementor-element-50c139e e-con-full e-flex e-con e-child\" data-id=\"50c139e\" data-element_type=\"container\" data-settings=\"{&quot;background_background&quot;:&quot;video&quot;}\">\n\t\t\t\t<div class=\"elementor-element elementor-element-3413da9 elementor-widget elementor-widget-video\" data-id=\"3413da9\" data-element_type=\"widget\" data-settings=\"{&quot;youtube_url&quot;:&quot;https:\\\/\\\/www.youtube.com\\\/shorts\\\/xFnwj3tLDY8&quot;,&quot;video_type&quot;:&quot;youtube&quot;,&quot;controls&quot;:&quot;yes&quot;}\" data-widget_type=\"video.default\">\n\t\t\t\t<div class=\"elementor-widget-container\">\n\t\t\t\t\t\t\t<div class=\"elementor-wrapper elementor-open-inline\">\n\t\t\t<div class=\"elementor-video\"><\/div>\t\t<\/div>\n\t\t\t\t\t\t<\/div>\n\t\t\t\t<\/div>\n\t\t\t\t<div class=\"elementor-element elementor-element-fd2989e elementor-widget elementor-widget-video\" data-id=\"fd2989e\" data-element_type=\"widget\" data-settings=\"{&quot;youtube_url&quot;:&quot;https:\\\/\\\/www.youtube.com\\\/shorts\\\/I5qTJXmdKwc&quot;,&quot;video_type&quot;:&quot;youtube&quot;,&quot;controls&quot;:&quot;yes&quot;}\" data-widget_type=\"video.default\">\n\t\t\t\t<div class=\"elementor-widget-container\">\n\t\t\t\t\t\t\t<div class=\"elementor-wrapper elementor-open-inline\">\n\t\t\t<div class=\"elementor-video\"><\/div>\t\t<\/div>\n\t\t\t\t\t\t<\/div>\n\t\t\t\t<\/div>\n\t\t\t\t<\/div>\n\t\t\t\t<\/div>\n\t\t\t\t<\/div>\n\t\t\t\t\t<\/div>\n\t\t\t\t<\/div>\n\t\t\t\t<\/div>\n\t\t","protected":false},"excerpt":{"rendered":"<p>Igemsa Conhe\u00e7a a embaladora semi-autom\u00e1tica de frutas e legumes mais vendida do Brasil \u2014 uma m\u00e1quina refer\u00eancia nacional em efici\u00eancia, praticidade e robustez. Com capacidade para produzir at\u00e9 500 pacotes por hora, essa solu\u00e7\u00e3o \u00e9 ideal para quem deseja iniciar ou expandir suas opera\u00e7\u00f5es de empacotamento com agilidade e baixo custo operacional. Projetada para embalar [&hellip;]<\/p>\n","protected":false},"author":1,"featured_media":0,"parent":0,"menu_order":0,"comment_status":"closed","ping_status":"closed","template":"elementor_header_footer","meta":{"footnotes":""},"class_list":["post-1631","page","type-page","status-publish","hentry"],"_links":{"self":[{"href":"https:\/\/industrade.com.br\/index.php?rest_route=\/wp\/v2\/pages\/1631","targetHints":{"allow":["GET"]}}],"collection":[{"href":"https:\/\/industrade.com.br\/index.php?rest_route=\/wp\/v2\/pages"}],"about":[{"href":"https:\/\/industrade.com.br\/index.php?rest_route=\/wp\/v2\/types\/page"}],"author":[{"embeddable":true,"href":"https:\/\/industrade.com.br\/index.php?rest_route=\/wp\/v2\/users\/1"}],"replies":[{"embeddable":true,"href":"https:\/\/industrade.com.br\/index.php?rest_route=%2Fwp%2Fv2%2Fcomments&post=1631"}],"version-history":[{"count":37,"href":"https:\/\/industrade.com.br\/index.php?rest_route=\/wp\/v2\/pages\/1631\/revisions"}],"predecessor-version":[{"id":2347,"href":"https:\/\/industrade.com.br\/index.php?rest_route=\/wp\/v2\/pages\/1631\/revisions\/2347"}],"wp:attachment":[{"href":"https:\/\/industrade.com.br\/index.php?rest_route=%2Fwp%2Fv2%2Fmedia&parent=1631"}],"curies":[{"name":"wp","href":"https:\/\/api.w.org\/{rel}","templated":true}]}}