{"id":1751,"date":"2025-07-08T13:21:42","date_gmt":"2025-07-08T16:21:42","guid":{"rendered":"https:\/\/industrade.com.br\/?page_id=1751"},"modified":"2025-07-09T21:59:03","modified_gmt":"2025-07-10T00:59:03","slug":"bin-plastica-7","status":"publish","type":"page","link":"https:\/\/industrade.com.br\/?page_id=1751","title":{"rendered":"Fita de Arquear"},"content":{"rendered":"\t\t<div data-elementor-type=\"wp-page\" data-elementor-id=\"1751\" class=\"elementor elementor-1751\" data-elementor-post-type=\"page\">\n\t\t\t\t<div class=\"elementor-element elementor-element-641cba1 e-flex e-con-boxed e-con e-parent\" data-id=\"641cba1\" data-element_type=\"container\" data-settings=\"{&quot;background_background&quot;:&quot;classic&quot;}\">\n\t\t\t\t\t<div class=\"e-con-inner\">\n\t\t\t\t<div class=\"elementor-element elementor-element-82eac7f elementor-widget elementor-widget-heading\" data-id=\"82eac7f\" data-element_type=\"widget\" data-widget_type=\"heading.default\">\n\t\t\t\t<div class=\"elementor-widget-container\">\n\t\t\t\t\t<h2 class=\"elementor-heading-title elementor-size-default\">Fita de Arquear<\/h2>\t\t\t\t<\/div>\n\t\t\t\t<\/div>\n\t\t\t\t\t<\/div>\n\t\t\t\t<\/div>\n\t\t<div class=\"elementor-element elementor-element-1e90e53 e-flex e-con-boxed e-con e-parent\" data-id=\"1e90e53\" data-element_type=\"container\">\n\t\t\t\t\t<div class=\"e-con-inner\">\n\t\t\t\t<div class=\"elementor-element elementor-element-a8df2e1 elementor-widget elementor-widget-text-editor\" data-id=\"a8df2e1\" data-element_type=\"widget\" data-widget_type=\"text-editor.default\">\n\t\t\t\t<div class=\"elementor-widget-container\">\n\t\t\t\t\t\t\t\t\t<p>A fita de arquear \u00e9 uma solu\u00e7\u00e3o de alta qualidade para a paletiza\u00e7\u00e3o de cargas, garantindo firmeza e seguran\u00e7a durante o transporte e o armazenamento. Desenvolvida para oferecer excelente resist\u00eancia \u00e0 tra\u00e7\u00e3o, ela mant\u00e9m os produtos bem fixados ao palete, evitando deslocamentos e danos. Ideal para diferentes tipos de carga, \u00e9 um item indispens\u00e1vel para quem busca efici\u00eancia e prote\u00e7\u00e3o na log\u00edstica.<\/p>\t\t\t\t\t\t\t\t<\/div>\n\t\t\t\t<\/div>\n\t\t\t\t<div class=\"elementor-element elementor-element-67bf458 elementor-widget elementor-widget-image\" data-id=\"67bf458\" data-element_type=\"widget\" data-widget_type=\"image.default\">\n\t\t\t\t<div class=\"elementor-widget-container\">\n\t\t\t\t\t\t\t\t\t\t\t\t\t\t\t<img fetchpriority=\"high\" decoding=\"async\" width=\"400\" height=\"400\" src=\"https:\/\/industrade.com.br\/wp-content\/uploads\/2024\/04\/fita-de-arquear.jpg\" class=\"attachment-large size-large wp-image-510\" alt=\"\" srcset=\"https:\/\/industrade.com.br\/wp-content\/uploads\/2024\/04\/fita-de-arquear.jpg 400w, https:\/\/industrade.com.br\/wp-content\/uploads\/2024\/04\/fita-de-arquear-300x300.jpg 300w, https:\/\/industrade.com.br\/wp-content\/uploads\/2024\/04\/fita-de-arquear-150x150.jpg 150w\" sizes=\"(max-width: 400px) 100vw, 400px\" \/>\t\t\t\t\t\t\t\t\t\t\t\t\t\t\t<\/div>\n\t\t\t\t<\/div>\n\t\t\t\t\t<\/div>\n\t\t\t\t<\/div>\n\t\t\t\t<\/div>\n\t\t","protected":false},"excerpt":{"rendered":"<p>Fita de Arquear A fita de arquear \u00e9 uma solu\u00e7\u00e3o de alta qualidade para a paletiza\u00e7\u00e3o de cargas, garantindo firmeza e seguran\u00e7a durante o transporte e o armazenamento. Desenvolvida para oferecer excelente resist\u00eancia \u00e0 tra\u00e7\u00e3o, ela mant\u00e9m os produtos bem fixados ao palete, evitando deslocamentos e danos. Ideal para diferentes tipos de carga, \u00e9 um [&hellip;]<\/p>\n","protected":false},"author":1,"featured_media":0,"parent":0,"menu_order":0,"comment_status":"closed","ping_status":"closed","template":"elementor_header_footer","meta":{"footnotes":""},"class_list":["post-1751","page","type-page","status-publish","hentry"],"_links":{"self":[{"href":"https:\/\/industrade.com.br\/index.php?rest_route=\/wp\/v2\/pages\/1751","targetHints":{"allow":["GET"]}}],"collection":[{"href":"https:\/\/industrade.com.br\/index.php?rest_route=\/wp\/v2\/pages"}],"about":[{"href":"https:\/\/industrade.com.br\/index.php?rest_route=\/wp\/v2\/types\/page"}],"author":[{"embeddable":true,"href":"https:\/\/industrade.com.br\/index.php?rest_route=\/wp\/v2\/users\/1"}],"replies":[{"embeddable":true,"href":"https:\/\/industrade.com.br\/index.php?rest_route=%2Fwp%2Fv2%2Fcomments&post=1751"}],"version-history":[{"count":7,"href":"https:\/\/industrade.com.br\/index.php?rest_route=\/wp\/v2\/pages\/1751\/revisions"}],"predecessor-version":[{"id":1984,"href":"https:\/\/industrade.com.br\/index.php?rest_route=\/wp\/v2\/pages\/1751\/revisions\/1984"}],"wp:attachment":[{"href":"https:\/\/industrade.com.br\/index.php?rest_route=%2Fwp%2Fv2%2Fmedia&parent=1751"}],"curies":[{"name":"wp","href":"https:\/\/api.w.org\/{rel}","templated":true}]}}