{"id":1767,"date":"2025-07-08T13:26:12","date_gmt":"2025-07-08T16:26:12","guid":{"rendered":"https:\/\/industrade.com.br\/?page_id=1767"},"modified":"2025-07-20T16:35:47","modified_gmt":"2025-07-20T19:35:47","slug":"bin-plastica-9","status":"publish","type":"page","link":"https:\/\/industrade.com.br\/?page_id=1767","title":{"rendered":"Selo (grampo)"},"content":{"rendered":"\t\t<div data-elementor-type=\"wp-page\" data-elementor-id=\"1767\" class=\"elementor elementor-1767\" data-elementor-post-type=\"page\">\n\t\t\t\t<div class=\"elementor-element elementor-element-641cba1 e-flex e-con-boxed e-con e-parent\" data-id=\"641cba1\" data-element_type=\"container\" data-settings=\"{&quot;background_background&quot;:&quot;classic&quot;}\">\n\t\t\t\t\t<div class=\"e-con-inner\">\n\t\t\t\t<div class=\"elementor-element elementor-element-82eac7f elementor-widget elementor-widget-heading\" data-id=\"82eac7f\" data-element_type=\"widget\" data-widget_type=\"heading.default\">\n\t\t\t\t<div class=\"elementor-widget-container\">\n\t\t\t\t\t<h2 class=\"elementor-heading-title elementor-size-default\">Selo Met\u00e1lico<\/h2>\t\t\t\t<\/div>\n\t\t\t\t<\/div>\n\t\t\t\t\t<\/div>\n\t\t\t\t<\/div>\n\t\t<div class=\"elementor-element elementor-element-1e90e53 e-flex e-con-boxed e-con e-parent\" data-id=\"1e90e53\" data-element_type=\"container\">\n\t\t\t\t\t<div class=\"e-con-inner\">\n\t\t\t\t<div class=\"elementor-element elementor-element-a8df2e1 elementor-widget elementor-widget-text-editor\" data-id=\"a8df2e1\" data-element_type=\"widget\" data-widget_type=\"text-editor.default\">\n\t\t\t\t<div class=\"elementor-widget-container\">\n\t\t\t\t\t\t\t\t\t<p>O selo met\u00e1lico \u00e9 utilizado em conjunto com a fita de arquear para garantir m\u00e1xima fixa\u00e7\u00e3o e seguran\u00e7a na paletiza\u00e7\u00e3o. Acoplado \u00e0 fita, ele mant\u00e9m a tens\u00e3o aplicada, evitando que a carga se afrouxe durante o transporte ou o armazenamento. \u00c9 uma solu\u00e7\u00e3o pr\u00e1tica, resistente e indispens\u00e1vel para quem busca estabilidade e prote\u00e7\u00e3o na movimenta\u00e7\u00e3o de mercadorias.<\/p>\t\t\t\t\t\t\t\t<\/div>\n\t\t\t\t<\/div>\n\t\t\t\t<div class=\"elementor-element elementor-element-0f931e4 elementor-widget elementor-widget-image\" data-id=\"0f931e4\" data-element_type=\"widget\" data-widget_type=\"image.default\">\n\t\t\t\t<div class=\"elementor-widget-container\">\n\t\t\t\t\t\t\t\t\t\t\t\t\t\t\t<img fetchpriority=\"high\" decoding=\"async\" width=\"400\" height=\"400\" src=\"https:\/\/industrade.com.br\/wp-content\/uploads\/2024\/04\/selo-palete.jpg\" class=\"attachment-large size-large wp-image-512\" alt=\"\" srcset=\"https:\/\/industrade.com.br\/wp-content\/uploads\/2024\/04\/selo-palete.jpg 400w, https:\/\/industrade.com.br\/wp-content\/uploads\/2024\/04\/selo-palete-300x300.jpg 300w, https:\/\/industrade.com.br\/wp-content\/uploads\/2024\/04\/selo-palete-150x150.jpg 150w\" sizes=\"(max-width: 400px) 100vw, 400px\" \/>\t\t\t\t\t\t\t\t\t\t\t\t\t\t\t<\/div>\n\t\t\t\t<\/div>\n\t\t\t\t\t<\/div>\n\t\t\t\t<\/div>\n\t\t\t\t<\/div>\n\t\t","protected":false},"excerpt":{"rendered":"<p>Selo Met\u00e1lico O selo met\u00e1lico \u00e9 utilizado em conjunto com a fita de arquear para garantir m\u00e1xima fixa\u00e7\u00e3o e seguran\u00e7a na paletiza\u00e7\u00e3o. Acoplado \u00e0 fita, ele mant\u00e9m a tens\u00e3o aplicada, evitando que a carga se afrouxe durante o transporte ou o armazenamento. \u00c9 uma solu\u00e7\u00e3o pr\u00e1tica, resistente e indispens\u00e1vel para quem busca estabilidade e prote\u00e7\u00e3o [&hellip;]<\/p>\n","protected":false},"author":1,"featured_media":0,"parent":0,"menu_order":0,"comment_status":"closed","ping_status":"closed","template":"elementor_header_footer","meta":{"footnotes":""},"class_list":["post-1767","page","type-page","status-publish","hentry"],"_links":{"self":[{"href":"https:\/\/industrade.com.br\/index.php?rest_route=\/wp\/v2\/pages\/1767","targetHints":{"allow":["GET"]}}],"collection":[{"href":"https:\/\/industrade.com.br\/index.php?rest_route=\/wp\/v2\/pages"}],"about":[{"href":"https:\/\/industrade.com.br\/index.php?rest_route=\/wp\/v2\/types\/page"}],"author":[{"embeddable":true,"href":"https:\/\/industrade.com.br\/index.php?rest_route=\/wp\/v2\/users\/1"}],"replies":[{"embeddable":true,"href":"https:\/\/industrade.com.br\/index.php?rest_route=%2Fwp%2Fv2%2Fcomments&post=1767"}],"version-history":[{"count":10,"href":"https:\/\/industrade.com.br\/index.php?rest_route=\/wp\/v2\/pages\/1767\/revisions"}],"predecessor-version":[{"id":2089,"href":"https:\/\/industrade.com.br\/index.php?rest_route=\/wp\/v2\/pages\/1767\/revisions\/2089"}],"wp:attachment":[{"href":"https:\/\/industrade.com.br\/index.php?rest_route=%2Fwp%2Fv2%2Fmedia&parent=1767"}],"curies":[{"name":"wp","href":"https:\/\/api.w.org\/{rel}","templated":true}]}}