{"id":2427,"date":"2025-08-17T19:47:20","date_gmt":"2025-08-17T22:47:20","guid":{"rendered":"https:\/\/industrade.com.br\/?page_id=2427"},"modified":"2025-08-17T19:56:33","modified_gmt":"2025-08-17T22:56:33","slug":"eventos","status":"publish","type":"page","link":"https:\/\/industrade.com.br\/?page_id=2427","title":{"rendered":"Eventos"},"content":{"rendered":"\t\t<div data-elementor-type=\"wp-page\" data-elementor-id=\"2427\" class=\"elementor elementor-2427\" data-elementor-post-type=\"page\">\n\t\t\t\t<div class=\"elementor-element elementor-element-b2511fe e-grid e-con-boxed e-con e-parent\" data-id=\"b2511fe\" data-element_type=\"container\">\n\t\t\t\t\t<div class=\"e-con-inner\">\n\t\t<div class=\"elementor-element elementor-element-8639b32 e-con-full e-flex e-con e-child\" data-id=\"8639b32\" data-element_type=\"container\">\n\t\t\t\t<div class=\"elementor-element elementor-element-b6fb997 elementor-widget elementor-widget-image\" data-id=\"b6fb997\" data-element_type=\"widget\" data-widget_type=\"image.default\">\n\t\t\t\t<div class=\"elementor-widget-container\">\n\t\t\t\t\t\t\t\t\t\t\t\t\t\t\t\t<a href=\"https:\/\/industrade.com.br\/?p=2252\">\n\t\t\t\t\t\t\t<img fetchpriority=\"high\" decoding=\"async\" width=\"800\" height=\"800\" src=\"https:\/\/industrade.com.br\/wp-content\/uploads\/2025\/07\/feed-1024x1024-1.jpg\" class=\"attachment-large size-large wp-image-2253\" alt=\"\" srcset=\"https:\/\/industrade.com.br\/wp-content\/uploads\/2025\/07\/feed-1024x1024-1.jpg 1024w, https:\/\/industrade.com.br\/wp-content\/uploads\/2025\/07\/feed-1024x1024-1-300x300.jpg 300w, https:\/\/industrade.com.br\/wp-content\/uploads\/2025\/07\/feed-1024x1024-1-150x150.jpg 150w, https:\/\/industrade.com.br\/wp-content\/uploads\/2025\/07\/feed-1024x1024-1-768x768.jpg 768w\" sizes=\"(max-width: 800px) 100vw, 800px\" \/>\t\t\t\t\t\t\t\t<\/a>\n\t\t\t\t\t\t\t\t\t\t\t\t\t\t\t<\/div>\n\t\t\t\t<\/div>\n\t\t\t\t<div class=\"elementor-element elementor-element-2254fe6 elementor-widget elementor-widget-heading\" data-id=\"2254fe6\" data-element_type=\"widget\" data-widget_type=\"heading.default\">\n\t\t\t\t<div class=\"elementor-widget-container\">\n\t\t\t\t\t<h2 class=\"elementor-heading-title elementor-size-default\"><a href=\"https:\/\/industrade.com.br\/?p=2252\">Fruit Attraction 2025 \u2013 25 \u00e0 27 Mar<\/a><\/h2>\t\t\t\t<\/div>\n\t\t\t\t<\/div>\n\t\t\t\t<div class=\"elementor-element elementor-element-0a0a7a3 elementor-widget elementor-widget-text-editor\" data-id=\"0a0a7a3\" data-element_type=\"widget\" data-widget_type=\"text-editor.default\">\n\t\t\t\t<div class=\"elementor-widget-container\">\n\t\t\t\t\t\t\t\t\t<p>Fruit Attraction, o melhor mercado para expandir seus neg\u00f3cios Nos encontre nos Stand G107 e G105, aguardamos sua visita. https:\/\/youtu.be\/2d1Ieyy5r_c A\u00a0Fruit Attraction S\u00e3o Paulo\u00a0est\u00e1 se consolidando como a\u00a0principal feira internacional para o mercado de frutas e hortali\u00e7as no hemisf\u00e9rio sul, alternando com a Fruit Attraction Madrid, o principal evento no hemisf\u00e9rio norte. A\u00a0Fruit Attraction S\u00e3o [\u2026]<\/p>\t\t\t\t\t\t\t\t<\/div>\n\t\t\t\t<\/div>\n\t\t\t\t<\/div>\n\t\t<div class=\"elementor-element elementor-element-e46a9b8 e-con-full e-flex e-con e-child\" data-id=\"e46a9b8\" data-element_type=\"container\">\n\t\t\t\t<div class=\"elementor-element elementor-element-55a0e89 elementor-widget elementor-widget-image\" data-id=\"55a0e89\" data-element_type=\"widget\" data-widget_type=\"image.default\">\n\t\t\t\t<div class=\"elementor-widget-container\">\n\t\t\t\t\t\t\t\t\t\t\t\t\t\t\t\t<a href=\"https:\/\/industrade.com.br\/?p=2297\">\n\t\t\t\t\t\t\t<img decoding=\"async\" width=\"800\" height=\"296\" src=\"https:\/\/industrade.com.br\/wp-content\/uploads\/2025\/07\/498300018_1244711770997364_7754176369916645206_n.png\" class=\"attachment-large size-large wp-image-2298\" alt=\"\" srcset=\"https:\/\/industrade.com.br\/wp-content\/uploads\/2025\/07\/498300018_1244711770997364_7754176369916645206_n.png 851w, https:\/\/industrade.com.br\/wp-content\/uploads\/2025\/07\/498300018_1244711770997364_7754176369916645206_n-300x111.png 300w, https:\/\/industrade.com.br\/wp-content\/uploads\/2025\/07\/498300018_1244711770997364_7754176369916645206_n-768x284.png 768w\" sizes=\"(max-width: 800px) 100vw, 800px\" \/>\t\t\t\t\t\t\t\t<\/a>\n\t\t\t\t\t\t\t\t\t\t\t\t\t\t\t<\/div>\n\t\t\t\t<\/div>\n\t\t\t\t<div class=\"elementor-element elementor-element-3833411 elementor-widget elementor-widget-heading\" data-id=\"3833411\" data-element_type=\"widget\" data-widget_type=\"heading.default\">\n\t\t\t\t<div class=\"elementor-widget-container\">\n\t\t\t\t\t<h2 class=\"elementor-heading-title elementor-size-default\"><a href=\"https:\/\/industrade.com.br\/?p=2297\">The Brazil Conference &amp; Expo 2025<\/a><\/h2>\t\t\t\t<\/div>\n\t\t\t\t<\/div>\n\t\t\t\t<div class=\"elementor-element elementor-element-8c28a5c elementor-widget elementor-widget-text-editor\" data-id=\"8c28a5c\" data-element_type=\"widget\" data-widget_type=\"text-editor.default\">\n\t\t\t\t<div class=\"elementor-widget-container\">\n\t\t\t\t\t\t\t\t\t<p>Pavilh\u00e3o Amarelo Rua H\/2 \u2013 Estade #H02-0116 \u00a0THE BRAZIL CONFERENCE &amp; EXPO\u00a0\u00e9 o principal evento na ind\u00fastria de Frutas, Flores, Legumes e Verduras (FFLV)! A \u00e1rea de exposi\u00e7\u00e3o destaca inova\u00e7\u00f5es em produtos, embalagens e tecnologias, proporcionando um ambiente prop\u00edcio para networking, movimentando anualmente toda a ind\u00fastria FFLV. Palestras e workshops s\u00e3o conduzidos por autoridades globais [\u2026]<\/p>\t\t\t\t\t\t\t\t<\/div>\n\t\t\t\t<\/div>\n\t\t\t\t<\/div>\n\t\t\t\t\t<\/div>\n\t\t\t\t<\/div>\n\t\t<div class=\"elementor-element elementor-element-396d75c e-flex e-con-boxed e-con e-parent\" data-id=\"396d75c\" data-element_type=\"container\">\n\t\t\t\t\t<div class=\"e-con-inner\">\n\t\t\t\t<div class=\"elementor-element elementor-element-19d6d0a elementor-widget elementor-widget-heading\" data-id=\"19d6d0a\" data-element_type=\"widget\" data-widget_type=\"heading.default\">\n\t\t\t\t<div class=\"elementor-widget-container\">\n\t\t\t\t\t<h2 class=\"elementor-heading-title elementor-size-default\">Veja Tamb\u00e9m:<\/h2>\t\t\t\t<\/div>\n\t\t\t\t<\/div>\n\t\t\t\t\t<\/div>\n\t\t\t\t<\/div>\n\t\t<div class=\"elementor-element elementor-element-87de3fb e-grid e-con-boxed e-con e-parent\" data-id=\"87de3fb\" data-element_type=\"container\">\n\t\t\t\t\t<div class=\"e-con-inner\">\n\t\t<div class=\"elementor-element elementor-element-f49ff0f e-con-full e-flex e-con e-child\" data-id=\"f49ff0f\" data-element_type=\"container\">\n\t\t\t\t<div class=\"elementor-element elementor-element-42d3ae6 elementor-widget elementor-widget-image\" data-id=\"42d3ae6\" data-element_type=\"widget\" data-widget_type=\"image.default\">\n\t\t\t\t<div class=\"elementor-widget-container\">\n\t\t\t\t\t\t\t\t\t\t\t\t\t\t\t\t<a href=\"https:\/\/industrade.com.br\/?p=2374\">\n\t\t\t\t\t\t\t<img decoding=\"async\" width=\"350\" height=\"300\" src=\"https:\/\/industrade.com.br\/wp-content\/uploads\/2024\/04\/1-1.png\" class=\"attachment-large size-large wp-image-351\" alt=\"\" srcset=\"https:\/\/industrade.com.br\/wp-content\/uploads\/2024\/04\/1-1.png 350w, https:\/\/industrade.com.br\/wp-content\/uploads\/2024\/04\/1-1-300x257.png 300w\" sizes=\"(max-width: 350px) 100vw, 350px\" \/>\t\t\t\t\t\t\t\t<\/a>\n\t\t\t\t\t\t\t\t\t\t\t\t\t\t\t<\/div>\n\t\t\t\t<\/div>\n\t\t\t\t<div class=\"elementor-element elementor-element-ca2808f elementor-widget elementor-widget-heading\" data-id=\"ca2808f\" data-element_type=\"widget\" data-widget_type=\"heading.default\">\n\t\t\t\t<div class=\"elementor-widget-container\">\n\t\t\t\t\t<h2 class=\"elementor-heading-title elementor-size-default\"><a href=\"https:\/\/industrade.com.br\/?p=2374\">O \u201ccase\u201d de sucesso do mel\u00e3o na redinha<\/a><\/h2>\t\t\t\t<\/div>\n\t\t\t\t<\/div>\n\t\t\t\t<div class=\"elementor-element elementor-element-0967030 elementor-widget elementor-widget-text-editor\" data-id=\"0967030\" data-element_type=\"widget\" data-widget_type=\"text-editor.default\">\n\t\t\t\t<div class=\"elementor-widget-container\">\n\t\t\t\t\t\t\t\t\t<p>Todo mundo provavelmente j\u00e1 se deparou com o mel\u00e3o embalado na redinha nos pontos de venda de frutas. Pode parecer simples, mas esse case mudou a percep\u00e7\u00e3o do consumidor ao escolher sua fruta no mercado pois o mel\u00e3o na redinha \u00e9 a melhor forma de diferenciar a qualidade do produto nos pontos de venda. Antigamente, [\u2026]<\/p>\t\t\t\t\t\t\t\t<\/div>\n\t\t\t\t<\/div>\n\t\t\t\t<\/div>\n\t\t<div class=\"elementor-element elementor-element-5e73f13 e-con-full e-flex e-con e-child\" data-id=\"5e73f13\" data-element_type=\"container\">\n\t\t\t\t<div class=\"elementor-element elementor-element-5915741 elementor-widget elementor-widget-image\" data-id=\"5915741\" data-element_type=\"widget\" data-widget_type=\"image.default\">\n\t\t\t\t<div class=\"elementor-widget-container\">\n\t\t\t\t\t\t\t\t\t\t\t\t\t\t\t\t<a href=\"https:\/\/industrade.com.br\/?p=2366\">\n\t\t\t\t\t\t\t<img loading=\"lazy\" decoding=\"async\" width=\"800\" height=\"533\" src=\"https:\/\/industrade.com.br\/wp-content\/uploads\/2024\/04\/post-uva.jpg\" class=\"attachment-large size-large wp-image-350\" alt=\"\" srcset=\"https:\/\/industrade.com.br\/wp-content\/uploads\/2024\/04\/post-uva.jpg 800w, https:\/\/industrade.com.br\/wp-content\/uploads\/2024\/04\/post-uva-300x200.jpg 300w, https:\/\/industrade.com.br\/wp-content\/uploads\/2024\/04\/post-uva-768x512.jpg 768w\" sizes=\"(max-width: 800px) 100vw, 800px\" \/>\t\t\t\t\t\t\t\t<\/a>\n\t\t\t\t\t\t\t\t\t\t\t\t\t\t\t<\/div>\n\t\t\t\t<\/div>\n\t\t\t\t<div class=\"elementor-element elementor-element-06fd7e0 elementor-widget elementor-widget-heading\" data-id=\"06fd7e0\" data-element_type=\"widget\" data-widget_type=\"heading.default\">\n\t\t\t\t<div class=\"elementor-widget-container\">\n\t\t\t\t\t<h2 class=\"elementor-heading-title elementor-size-default\"><a href=\"https:\/\/industrade.com.br\/?p=2366\">Enfrentando o desperd\u00edcio<\/a><\/h2>\t\t\t\t<\/div>\n\t\t\t\t<\/div>\n\t\t\t\t<div class=\"elementor-element elementor-element-85cbe5b elementor-widget elementor-widget-text-editor\" data-id=\"85cbe5b\" data-element_type=\"widget\" data-widget_type=\"text-editor.default\">\n\t\t\t\t<div class=\"elementor-widget-container\">\n\t\t\t\t\t\t\t\t\t<p>Antigamente, as uvas eram comercializadas a granel no mercado, o que causava uma grande perda dessa fruta no transporte e no manuseio interno dos centros de distribui\u00e7\u00e3o e pontos de venda. Al\u00e9m disso, existia o costume do consumidor de provar as uvas nas g\u00f4ndolas sem antes t\u00ea-las comprado. Com a decis\u00e3o de uma grande rede [\u2026]<\/p>\t\t\t\t\t\t\t\t<\/div>\n\t\t\t\t<\/div>\n\t\t\t\t<\/div>\n\t\t<div class=\"elementor-element elementor-element-1c7e1d3 e-con-full e-flex e-con e-child\" data-id=\"1c7e1d3\" data-element_type=\"container\">\n\t\t\t\t<div class=\"elementor-element elementor-element-3531655 elementor-widget elementor-widget-image\" data-id=\"3531655\" data-element_type=\"widget\" data-widget_type=\"image.default\">\n\t\t\t\t<div class=\"elementor-widget-container\">\n\t\t\t\t\t\t\t\t\t\t\t\t\t\t\t\t<a href=\"https:\/\/industrade.com.br\/?p=2259\">\n\t\t\t\t\t\t\t<img loading=\"lazy\" decoding=\"async\" width=\"350\" height=\"300\" src=\"https:\/\/industrade.com.br\/wp-content\/uploads\/2024\/04\/3-5.png\" class=\"attachment-large size-large wp-image-353\" alt=\"\" srcset=\"https:\/\/industrade.com.br\/wp-content\/uploads\/2024\/04\/3-5.png 350w, https:\/\/industrade.com.br\/wp-content\/uploads\/2024\/04\/3-5-300x257.png 300w\" sizes=\"(max-width: 350px) 100vw, 350px\" \/>\t\t\t\t\t\t\t\t<\/a>\n\t\t\t\t\t\t\t\t\t\t\t\t\t\t\t<\/div>\n\t\t\t\t<\/div>\n\t\t\t\t<div class=\"elementor-element elementor-element-a8dea50 elementor-widget elementor-widget-heading\" data-id=\"a8dea50\" data-element_type=\"widget\" data-widget_type=\"heading.default\">\n\t\t\t\t<div class=\"elementor-widget-container\">\n\t\t\t\t\t<h2 class=\"elementor-heading-title elementor-size-default\"><a href=\"https:\/\/industrade.com.br\/?p=2259\">Bins para a vida toda<\/a><\/h2>\t\t\t\t<\/div>\n\t\t\t\t<\/div>\n\t\t\t\t<div class=\"elementor-element elementor-element-1546631 elementor-widget elementor-widget-text-editor\" data-id=\"1546631\" data-element_type=\"widget\" data-widget_type=\"text-editor.default\">\n\t\t\t\t<div class=\"elementor-widget-container\">\n\t\t\t\t\t\t\t\t\t<p>Voc\u00ea sabia que os clientes que usam os nossos bins de pl\u00e1stico reduziram a reposi\u00e7\u00e3o anual por avarias a praticamente zero? Isso se deve as exclusivas e inovadoras caracter\u00edsticas do molde e da inje\u00e7\u00e3o utilizadas, que tornam o bin altamente resistente e ideal para a colheita e movimenta\u00e7\u00e3o das frutas dentro do packing house. Al\u00e9m [\u2026]<\/p>\t\t\t\t\t\t\t\t<\/div>\n\t\t\t\t<\/div>\n\t\t\t\t<\/div>\n\t\t\t\t\t<\/div>\n\t\t\t\t<\/div>\n\t\t\t\t<\/div>\n\t\t","protected":false},"excerpt":{"rendered":"<p>Fruit Attraction 2025 \u2013 25 \u00e0 27 Mar Fruit Attraction, o melhor mercado para expandir seus neg\u00f3cios Nos encontre nos Stand G107 e G105, aguardamos sua visita. https:\/\/youtu.be\/2d1Ieyy5r_c A\u00a0Fruit Attraction S\u00e3o Paulo\u00a0est\u00e1 se consolidando como a\u00a0principal feira internacional para o mercado de frutas e hortali\u00e7as no hemisf\u00e9rio sul, alternando com a Fruit Attraction Madrid, o [&hellip;]<\/p>\n","protected":false},"author":1,"featured_media":0,"parent":0,"menu_order":0,"comment_status":"closed","ping_status":"closed","template":"","meta":{"footnotes":""},"class_list":["post-2427","page","type-page","status-publish","hentry"],"_links":{"self":[{"href":"https:\/\/industrade.com.br\/index.php?rest_route=\/wp\/v2\/pages\/2427","targetHints":{"allow":["GET"]}}],"collection":[{"href":"https:\/\/industrade.com.br\/index.php?rest_route=\/wp\/v2\/pages"}],"about":[{"href":"https:\/\/industrade.com.br\/index.php?rest_route=\/wp\/v2\/types\/page"}],"author":[{"embeddable":true,"href":"https:\/\/industrade.com.br\/index.php?rest_route=\/wp\/v2\/users\/1"}],"replies":[{"embeddable":true,"href":"https:\/\/industrade.com.br\/index.php?rest_route=%2Fwp%2Fv2%2Fcomments&post=2427"}],"version-history":[{"count":13,"href":"https:\/\/industrade.com.br\/index.php?rest_route=\/wp\/v2\/pages\/2427\/revisions"}],"predecessor-version":[{"id":2454,"href":"https:\/\/industrade.com.br\/index.php?rest_route=\/wp\/v2\/pages\/2427\/revisions\/2454"}],"wp:attachment":[{"href":"https:\/\/industrade.com.br\/index.php?rest_route=%2Fwp%2Fv2%2Fmedia&parent=2427"}],"curies":[{"name":"wp","href":"https:\/\/api.w.org\/{rel}","templated":true}]}}