{"id":445,"date":"2024-04-09T20:54:59","date_gmt":"2024-04-09T23:54:59","guid":{"rendered":"https:\/\/industrade.com.br\/?page_id=445"},"modified":"2024-07-13T09:54:07","modified_gmt":"2024-07-13T12:54:07","slug":"grampeadora-semi-automatica-igemsa","status":"publish","type":"page","link":"https:\/\/industrade.com.br\/?page_id=445","title":{"rendered":"Grampeadora Semi-Autom\u00e1tica IGEMSA"},"content":{"rendered":"\t\t<div data-elementor-type=\"wp-page\" data-elementor-id=\"445\" class=\"elementor elementor-445\" data-elementor-post-type=\"page\">\n\t\t\t\t<div class=\"elementor-element elementor-element-aaf3d1f e-flex e-con-boxed e-con e-parent\" data-id=\"aaf3d1f\" data-element_type=\"container\" data-settings=\"{&quot;background_background&quot;:&quot;classic&quot;}\">\n\t\t\t\t\t<div class=\"e-con-inner\">\n\t\t\t\t<div class=\"elementor-element elementor-element-7f95029 elementor-widget elementor-widget-heading\" data-id=\"7f95029\" data-element_type=\"widget\" data-widget_type=\"heading.default\">\n\t\t\t\t<div class=\"elementor-widget-container\">\n\t\t\t\t\t<h2 class=\"elementor-heading-title elementor-size-default\">Grampeadora Semi-Autom\u00e1tica IGEMSA<\/h2>\t\t\t\t<\/div>\n\t\t\t\t<\/div>\n\t\t\t\t\t<\/div>\n\t\t\t\t<\/div>\n\t\t<div class=\"elementor-element elementor-element-d4b89db e-flex e-con-boxed e-con e-parent\" data-id=\"d4b89db\" data-element_type=\"container\" data-settings=\"{&quot;background_background&quot;:&quot;classic&quot;}\">\n\t\t\t\t\t<div class=\"e-con-inner\">\n\t\t<div class=\"elementor-element elementor-element-7c39d07 e-con-full e-flex e-con e-child\" data-id=\"7c39d07\" data-element_type=\"container\">\n\t\t\t\t<div class=\"elementor-element elementor-element-88f5fa4 elementor-widget elementor-widget-image\" data-id=\"88f5fa4\" data-element_type=\"widget\" data-widget_type=\"image.default\">\n\t\t\t\t<div class=\"elementor-widget-container\">\n\t\t\t\t\t\t\t\t\t\t\t\t\t\t\t<img fetchpriority=\"high\" decoding=\"async\" width=\"484\" height=\"484\" src=\"https:\/\/industrade.com.br\/wp-content\/uploads\/2024\/04\/produto-Igemsa.jpg\" class=\"attachment-large size-large wp-image-448\" alt=\"\" srcset=\"https:\/\/industrade.com.br\/wp-content\/uploads\/2024\/04\/produto-Igemsa.jpg 484w, https:\/\/industrade.com.br\/wp-content\/uploads\/2024\/04\/produto-Igemsa-300x300.jpg 300w, https:\/\/industrade.com.br\/wp-content\/uploads\/2024\/04\/produto-Igemsa-150x150.jpg 150w\" sizes=\"(max-width: 484px) 100vw, 484px\" \/>\t\t\t\t\t\t\t\t\t\t\t\t\t\t\t<\/div>\n\t\t\t\t<\/div>\n\t\t\t\t<\/div>\n\t\t<div class=\"elementor-element elementor-element-c60d3a6 e-con-full e-flex e-con e-child\" data-id=\"c60d3a6\" data-element_type=\"container\">\n\t\t\t\t<div class=\"elementor-element elementor-element-aaffd3c elementor-widget elementor-widget-text-editor\" data-id=\"aaffd3c\" data-element_type=\"widget\" data-widget_type=\"text-editor.default\">\n\t\t\t\t<div class=\"elementor-widget-container\">\n\t\t\t\t\t\t\t\t\t<p>Conhe\u00e7a a embaladora semi-autom\u00e1tica de frutas e legumes\u00a0mais vendida do Brasil. Essa m\u00e1quina \u00e9 uma solu\u00e7\u00e3o simples e eficiente para quem deseja come\u00e7ar a embalar. Ela comporta qualquer tipo de fruta ou legume, possui alta resist\u00eancia, f\u00e1cil manuseio e \u00e9 el\u00e9trica, o que aumenta sua velocidade de funcionamento. Ideal para pacotes de at\u00e9 5kg.<\/p>\t\t\t\t\t\t\t\t<\/div>\n\t\t\t\t<\/div>\n\t\t\t\t<\/div>\n\t\t\t\t\t<\/div>\n\t\t\t\t<\/div>\n\t\t\t\t<\/div>\n\t\t","protected":false},"excerpt":{"rendered":"<p>Grampeadora Semi-Autom\u00e1tica IGEMSA Conhe\u00e7a a embaladora semi-autom\u00e1tica de frutas e legumes\u00a0mais vendida do Brasil. Essa m\u00e1quina \u00e9 uma solu\u00e7\u00e3o simples e eficiente para quem deseja come\u00e7ar a embalar. Ela comporta qualquer tipo de fruta ou legume, possui alta resist\u00eancia, f\u00e1cil manuseio e \u00e9 el\u00e9trica, o que aumenta sua velocidade de funcionamento. Ideal para pacotes de [&hellip;]<\/p>\n","protected":false},"author":1,"featured_media":0,"parent":0,"menu_order":0,"comment_status":"closed","ping_status":"closed","template":"elementor_header_footer","meta":{"footnotes":""},"class_list":["post-445","page","type-page","status-publish","hentry"],"_links":{"self":[{"href":"https:\/\/industrade.com.br\/index.php?rest_route=\/wp\/v2\/pages\/445","targetHints":{"allow":["GET"]}}],"collection":[{"href":"https:\/\/industrade.com.br\/index.php?rest_route=\/wp\/v2\/pages"}],"about":[{"href":"https:\/\/industrade.com.br\/index.php?rest_route=\/wp\/v2\/types\/page"}],"author":[{"embeddable":true,"href":"https:\/\/industrade.com.br\/index.php?rest_route=\/wp\/v2\/users\/1"}],"replies":[{"embeddable":true,"href":"https:\/\/industrade.com.br\/index.php?rest_route=%2Fwp%2Fv2%2Fcomments&post=445"}],"version-history":[{"count":16,"href":"https:\/\/industrade.com.br\/index.php?rest_route=\/wp\/v2\/pages\/445\/revisions"}],"predecessor-version":[{"id":1192,"href":"https:\/\/industrade.com.br\/index.php?rest_route=\/wp\/v2\/pages\/445\/revisions\/1192"}],"wp:attachment":[{"href":"https:\/\/industrade.com.br\/index.php?rest_route=%2Fwp%2Fv2%2Fmedia&parent=445"}],"curies":[{"name":"wp","href":"https:\/\/api.w.org\/{rel}","templated":true}]}}