{"id":470,"date":"2024-04-09T21:09:52","date_gmt":"2024-04-10T00:09:52","guid":{"rendered":"https:\/\/industrade.com.br\/?page_id=470"},"modified":"2025-07-29T19:20:13","modified_gmt":"2025-07-29T22:20:13","slug":"maquinas","status":"publish","type":"page","link":"https:\/\/industrade.com.br\/?page_id=470","title":{"rendered":"M\u00e1quinas"},"content":{"rendered":"\t\t<div data-elementor-type=\"wp-page\" data-elementor-id=\"470\" class=\"elementor elementor-470\" data-elementor-post-type=\"page\">\n\t\t\t\t<div class=\"elementor-element elementor-element-641cba1 e-flex e-con-boxed e-con e-parent\" data-id=\"641cba1\" data-element_type=\"container\" data-settings=\"{&quot;background_background&quot;:&quot;classic&quot;}\">\n\t\t\t\t\t<div class=\"e-con-inner\">\n\t\t\t\t<div class=\"elementor-element elementor-element-82eac7f elementor-widget elementor-widget-heading\" data-id=\"82eac7f\" data-element_type=\"widget\" data-widget_type=\"heading.default\">\n\t\t\t\t<div class=\"elementor-widget-container\">\n\t\t\t\t\t<h2 class=\"elementor-heading-title elementor-size-default\">M\u00e1quinas<\/h2>\t\t\t\t<\/div>\n\t\t\t\t<\/div>\n\t\t\t\t\t<\/div>\n\t\t\t\t<\/div>\n\t\t<div class=\"elementor-element elementor-element-ef84c4e e-flex e-con-boxed elementor-invisible e-con e-parent\" data-id=\"ef84c4e\" data-element_type=\"container\" data-settings=\"{&quot;background_background&quot;:&quot;classic&quot;,&quot;animation&quot;:&quot;fadeIn&quot;}\">\n\t\t\t\t\t<div class=\"e-con-inner\">\n\t\t<div class=\"elementor-element elementor-element-3e4f39a e-con-full e-flex e-con e-child\" data-id=\"3e4f39a\" data-element_type=\"container\" data-settings=\"{&quot;background_background&quot;:&quot;classic&quot;}\">\n\t\t\t\t<div class=\"elementor-element elementor-element-d075913 elementor-widget elementor-widget-heading\" data-id=\"d075913\" data-element_type=\"widget\" data-widget_type=\"heading.default\">\n\t\t\t\t<div class=\"elementor-widget-container\">\n\t\t\t\t\t<h2 class=\"elementor-heading-title elementor-size-default\"><a href=\"https:\/\/industrade.com.br\/?page_id=1631\">Grampeadora Semi-Autom\u00e1tica IGEMSA<\/a><\/h2>\t\t\t\t<\/div>\n\t\t\t\t<\/div>\n\t\t\t\t<div class=\"elementor-element elementor-element-bd9c28a elementor-widget elementor-widget-image\" data-id=\"bd9c28a\" data-element_type=\"widget\" data-widget_type=\"image.default\">\n\t\t\t\t<div class=\"elementor-widget-container\">\n\t\t\t\t\t\t\t\t\t\t\t\t\t\t\t\t<a href=\"https:\/\/industrade.com.br\/?page_id=1631\">\n\t\t\t\t\t\t\t<img fetchpriority=\"high\" decoding=\"async\" width=\"484\" height=\"484\" src=\"https:\/\/industrade.com.br\/wp-content\/uploads\/2024\/04\/produto-Igemsa.jpg\" class=\"elementor-animation-grow attachment-large size-large wp-image-448\" alt=\"\" srcset=\"https:\/\/industrade.com.br\/wp-content\/uploads\/2024\/04\/produto-Igemsa.jpg 484w, https:\/\/industrade.com.br\/wp-content\/uploads\/2024\/04\/produto-Igemsa-300x300.jpg 300w, https:\/\/industrade.com.br\/wp-content\/uploads\/2024\/04\/produto-Igemsa-150x150.jpg 150w\" sizes=\"(max-width: 484px) 100vw, 484px\" \/>\t\t\t\t\t\t\t\t<\/a>\n\t\t\t\t\t\t\t\t\t\t\t\t\t\t\t<\/div>\n\t\t\t\t<\/div>\n\t\t\t\t<div class=\"elementor-element elementor-element-a6d9eb9 elementor-align-center elementor-widget elementor-widget-button\" data-id=\"a6d9eb9\" data-element_type=\"widget\" data-widget_type=\"button.default\">\n\t\t\t\t<div class=\"elementor-widget-container\">\n\t\t\t\t\t\t\t\t\t<div class=\"elementor-button-wrapper\">\n\t\t\t\t\t<a class=\"elementor-button elementor-button-link elementor-size-sm elementor-animation-grow\" href=\"https:\/\/industrade.com.br\/?page_id=1631\">\n\t\t\t\t\t\t<span class=\"elementor-button-content-wrapper\">\n\t\t\t\t\t\t\t\t\t<span class=\"elementor-button-text\">Saiba mais<\/span>\n\t\t\t\t\t<\/span>\n\t\t\t\t\t<\/a>\n\t\t\t\t<\/div>\n\t\t\t\t\t\t\t\t<\/div>\n\t\t\t\t<\/div>\n\t\t\t\t<\/div>\n\t\t<div class=\"elementor-element elementor-element-ab00120 e-con-full e-flex e-con e-child\" data-id=\"ab00120\" data-element_type=\"container\" data-settings=\"{&quot;background_background&quot;:&quot;classic&quot;}\">\n\t\t\t\t<div class=\"elementor-element elementor-element-dff0136 elementor-widget elementor-widget-heading\" data-id=\"dff0136\" data-element_type=\"widget\" data-widget_type=\"heading.default\">\n\t\t\t\t<div class=\"elementor-widget-container\">\n\t\t\t\t\t<h2 class=\"elementor-heading-title elementor-size-default\"><a href=\"https:\/\/industrade.com.br\/?page_id=455\">Embaladora Semi-Autom\u00e1tica SBRT<\/a><\/h2>\t\t\t\t<\/div>\n\t\t\t\t<\/div>\n\t\t\t\t<div class=\"elementor-element elementor-element-272ade0 elementor-widget elementor-widget-image\" data-id=\"272ade0\" data-element_type=\"widget\" data-widget_type=\"image.default\">\n\t\t\t\t<div class=\"elementor-widget-container\">\n\t\t\t\t\t\t\t\t\t\t\t\t\t\t\t\t<a href=\"https:\/\/industrade.com.br\/?page_id=455\">\n\t\t\t\t\t\t\t<img decoding=\"async\" width=\"484\" height=\"484\" src=\"https:\/\/industrade.com.br\/wp-content\/uploads\/2024\/04\/produto-sbrt.jpg\" class=\"elementor-animation-grow attachment-large size-large wp-image-457\" alt=\"\" srcset=\"https:\/\/industrade.com.br\/wp-content\/uploads\/2024\/04\/produto-sbrt.jpg 484w, https:\/\/industrade.com.br\/wp-content\/uploads\/2024\/04\/produto-sbrt-300x300.jpg 300w, https:\/\/industrade.com.br\/wp-content\/uploads\/2024\/04\/produto-sbrt-150x150.jpg 150w\" sizes=\"(max-width: 484px) 100vw, 484px\" \/>\t\t\t\t\t\t\t\t<\/a>\n\t\t\t\t\t\t\t\t\t\t\t\t\t\t\t<\/div>\n\t\t\t\t<\/div>\n\t\t\t\t<div class=\"elementor-element elementor-element-3223197 elementor-align-center elementor-widget elementor-widget-button\" data-id=\"3223197\" data-element_type=\"widget\" data-widget_type=\"button.default\">\n\t\t\t\t<div class=\"elementor-widget-container\">\n\t\t\t\t\t\t\t\t\t<div class=\"elementor-button-wrapper\">\n\t\t\t\t\t<a class=\"elementor-button elementor-button-link elementor-size-sm elementor-animation-grow\" href=\"https:\/\/industrade.com.br\/?page_id=455\">\n\t\t\t\t\t\t<span class=\"elementor-button-content-wrapper\">\n\t\t\t\t\t\t\t\t\t<span class=\"elementor-button-text\">Saiba Mais<\/span>\n\t\t\t\t\t<\/span>\n\t\t\t\t\t<\/a>\n\t\t\t\t<\/div>\n\t\t\t\t\t\t\t\t<\/div>\n\t\t\t\t<\/div>\n\t\t\t\t<\/div>\n\t\t<div class=\"elementor-element elementor-element-865b441 e-con-full e-flex e-con e-child\" data-id=\"865b441\" data-element_type=\"container\" data-settings=\"{&quot;background_background&quot;:&quot;classic&quot;}\">\n\t\t\t\t<div class=\"elementor-element elementor-element-e350e58 elementor-widget elementor-widget-heading\" data-id=\"e350e58\" data-element_type=\"widget\" data-widget_type=\"heading.default\">\n\t\t\t\t<div class=\"elementor-widget-container\">\n\t\t\t\t\t<h2 class=\"elementor-heading-title elementor-size-default\"><a href=\"https:\/\/industrade.com.br\/?page_id=464\">Aplicadora de Etiquetas<br><\/a><\/h2>\t\t\t\t<\/div>\n\t\t\t\t<\/div>\n\t\t\t\t<div class=\"elementor-element elementor-element-01c2d54 elementor-widget elementor-widget-image\" data-id=\"01c2d54\" data-element_type=\"widget\" data-widget_type=\"image.default\">\n\t\t\t\t<div class=\"elementor-widget-container\">\n\t\t\t\t\t\t\t\t\t\t\t\t\t\t\t\t<a href=\"https:\/\/industrade.com.br\/?page_id=464\">\n\t\t\t\t\t\t\t<img decoding=\"async\" width=\"484\" height=\"484\" src=\"https:\/\/industrade.com.br\/wp-content\/uploads\/2024\/04\/produto-etiquetadora.jpg\" class=\"elementor-animation-grow attachment-large size-large wp-image-466\" alt=\"\" srcset=\"https:\/\/industrade.com.br\/wp-content\/uploads\/2024\/04\/produto-etiquetadora.jpg 484w, https:\/\/industrade.com.br\/wp-content\/uploads\/2024\/04\/produto-etiquetadora-300x300.jpg 300w, https:\/\/industrade.com.br\/wp-content\/uploads\/2024\/04\/produto-etiquetadora-150x150.jpg 150w\" sizes=\"(max-width: 484px) 100vw, 484px\" \/>\t\t\t\t\t\t\t\t<\/a>\n\t\t\t\t\t\t\t\t\t\t\t\t\t\t\t<\/div>\n\t\t\t\t<\/div>\n\t\t\t\t<div class=\"elementor-element elementor-element-a7ab384 elementor-align-center elementor-widget elementor-widget-button\" data-id=\"a7ab384\" data-element_type=\"widget\" data-widget_type=\"button.default\">\n\t\t\t\t<div class=\"elementor-widget-container\">\n\t\t\t\t\t\t\t\t\t<div class=\"elementor-button-wrapper\">\n\t\t\t\t\t<a class=\"elementor-button elementor-button-link elementor-size-sm elementor-animation-grow\" href=\"https:\/\/industrade.com.br\/?page_id=464\">\n\t\t\t\t\t\t<span class=\"elementor-button-content-wrapper\">\n\t\t\t\t\t\t\t\t\t<span class=\"elementor-button-text\">Saiba Mais<\/span>\n\t\t\t\t\t<\/span>\n\t\t\t\t\t<\/a>\n\t\t\t\t<\/div>\n\t\t\t\t\t\t\t\t<\/div>\n\t\t\t\t<\/div>\n\t\t\t\t<\/div>\n\t\t<div class=\"elementor-element elementor-element-4471865 e-con-full e-flex e-con e-child\" data-id=\"4471865\" data-element_type=\"container\" data-settings=\"{&quot;background_background&quot;:&quot;classic&quot;}\">\n\t\t\t\t<div class=\"elementor-element elementor-element-53eed62 elementor-widget elementor-widget-heading\" data-id=\"53eed62\" data-element_type=\"widget\" data-widget_type=\"heading.default\">\n\t\t\t\t<div class=\"elementor-widget-container\">\n\t\t\t\t\t<h2 class=\"elementor-heading-title elementor-size-default\"><a href=\"https:\/\/industrade.com.br\/?page_id=1781\">Tunel de luz UV-C<\/a><\/h2>\t\t\t\t<\/div>\n\t\t\t\t<\/div>\n\t\t\t\t<div class=\"elementor-element elementor-element-73c7c2f elementor-widget elementor-widget-image\" data-id=\"73c7c2f\" data-element_type=\"widget\" data-widget_type=\"image.default\">\n\t\t\t\t<div class=\"elementor-widget-container\">\n\t\t\t\t\t\t\t\t\t\t\t\t\t\t\t\t<a href=\"https:\/\/industrade.com.br\/?page_id=1781\">\n\t\t\t\t\t\t\t<img loading=\"lazy\" decoding=\"async\" width=\"800\" height=\"828\" src=\"https:\/\/industrade.com.br\/wp-content\/uploads\/2025\/07\/Imagem-do-WhatsApp-de-2025-07-07-as-21.44.40_5bfcd0f9-1.jpg\" class=\"elementor-animation-grow attachment-large size-large wp-image-1832\" alt=\"\" srcset=\"https:\/\/industrade.com.br\/wp-content\/uploads\/2025\/07\/Imagem-do-WhatsApp-de-2025-07-07-as-21.44.40_5bfcd0f9-1.jpg 960w, https:\/\/industrade.com.br\/wp-content\/uploads\/2025\/07\/Imagem-do-WhatsApp-de-2025-07-07-as-21.44.40_5bfcd0f9-1-290x300.jpg 290w, https:\/\/industrade.com.br\/wp-content\/uploads\/2025\/07\/Imagem-do-WhatsApp-de-2025-07-07-as-21.44.40_5bfcd0f9-1-768x794.jpg 768w\" sizes=\"(max-width: 800px) 100vw, 800px\" \/>\t\t\t\t\t\t\t\t<\/a>\n\t\t\t\t\t\t\t\t\t\t\t\t\t\t\t<\/div>\n\t\t\t\t<\/div>\n\t\t\t\t<div class=\"elementor-element elementor-element-73c825a elementor-align-center elementor-widget elementor-widget-button\" data-id=\"73c825a\" data-element_type=\"widget\" data-widget_type=\"button.default\">\n\t\t\t\t<div class=\"elementor-widget-container\">\n\t\t\t\t\t\t\t\t\t<div class=\"elementor-button-wrapper\">\n\t\t\t\t\t<a class=\"elementor-button elementor-button-link elementor-size-sm elementor-animation-grow\" href=\"https:\/\/industrade.com.br\/?page_id=1781\">\n\t\t\t\t\t\t<span class=\"elementor-button-content-wrapper\">\n\t\t\t\t\t\t\t\t\t<span class=\"elementor-button-text\">Saiba mais<\/span>\n\t\t\t\t\t<\/span>\n\t\t\t\t\t<\/a>\n\t\t\t\t<\/div>\n\t\t\t\t\t\t\t\t<\/div>\n\t\t\t\t<\/div>\n\t\t\t\t<\/div>\n\t\t\t\t\t<\/div>\n\t\t\t\t<\/div>\n\t\t\t\t<\/div>\n\t\t","protected":false},"excerpt":{"rendered":"<p>M\u00e1quinas Grampeadora Semi-Autom\u00e1tica IGEMSA Saiba mais Embaladora Semi-Autom\u00e1tica SBRT Saiba Mais Aplicadora de Etiquetas Saiba Mais Tunel de luz UV-C Saiba mais<\/p>\n","protected":false},"author":1,"featured_media":0,"parent":0,"menu_order":0,"comment_status":"closed","ping_status":"closed","template":"elementor_header_footer","meta":{"footnotes":""},"class_list":["post-470","page","type-page","status-publish","hentry"],"_links":{"self":[{"href":"https:\/\/industrade.com.br\/index.php?rest_route=\/wp\/v2\/pages\/470","targetHints":{"allow":["GET"]}}],"collection":[{"href":"https:\/\/industrade.com.br\/index.php?rest_route=\/wp\/v2\/pages"}],"about":[{"href":"https:\/\/industrade.com.br\/index.php?rest_route=\/wp\/v2\/types\/page"}],"author":[{"embeddable":true,"href":"https:\/\/industrade.com.br\/index.php?rest_route=\/wp\/v2\/users\/1"}],"replies":[{"embeddable":true,"href":"https:\/\/industrade.com.br\/index.php?rest_route=%2Fwp%2Fv2%2Fcomments&post=470"}],"version-history":[{"count":58,"href":"https:\/\/industrade.com.br\/index.php?rest_route=\/wp\/v2\/pages\/470\/revisions"}],"predecessor-version":[{"id":2314,"href":"https:\/\/industrade.com.br\/index.php?rest_route=\/wp\/v2\/pages\/470\/revisions\/2314"}],"wp:attachment":[{"href":"https:\/\/industrade.com.br\/index.php?rest_route=%2Fwp%2Fv2%2Fmedia&parent=470"}],"curies":[{"name":"wp","href":"https:\/\/api.w.org\/{rel}","templated":true}]}}