{"id":583,"date":"2024-04-09T22:35:46","date_gmt":"2024-04-10T01:35:46","guid":{"rendered":"https:\/\/industrade.com.br\/?page_id=583"},"modified":"2025-07-29T19:32:55","modified_gmt":"2025-07-29T22:32:55","slug":"maquinas-2-3-2-2-2-2-2-2","status":"publish","type":"page","link":"https:\/\/industrade.com.br\/?page_id=583","title":{"rendered":"Manga"},"content":{"rendered":"\t\t<div data-elementor-type=\"wp-page\" data-elementor-id=\"583\" class=\"elementor elementor-583\" data-elementor-post-type=\"page\">\n\t\t\t\t<div class=\"elementor-element elementor-element-641cba1 e-flex e-con-boxed e-con e-parent\" data-id=\"641cba1\" data-element_type=\"container\" data-settings=\"{&quot;background_background&quot;:&quot;classic&quot;}\">\n\t\t\t\t\t<div class=\"e-con-inner\">\n\t\t\t\t<div class=\"elementor-element elementor-element-82eac7f elementor-widget elementor-widget-heading\" data-id=\"82eac7f\" data-element_type=\"widget\" data-widget_type=\"heading.default\">\n\t\t\t\t<div class=\"elementor-widget-container\">\n\t\t\t\t\t<h2 class=\"elementor-heading-title elementor-size-default\">Manga<\/h2>\t\t\t\t<\/div>\n\t\t\t\t<\/div>\n\t\t\t\t\t<\/div>\n\t\t\t\t<\/div>\n\t\t<div class=\"elementor-element elementor-element-1e90e53 e-flex e-con-boxed e-con e-parent\" data-id=\"1e90e53\" data-element_type=\"container\">\n\t\t\t\t\t<div class=\"e-con-inner\">\n\t\t\t\t<div class=\"elementor-element elementor-element-30f3b91 elementor-widget elementor-widget-heading\" data-id=\"30f3b91\" data-element_type=\"widget\" data-widget_type=\"heading.default\">\n\t\t\t\t<div class=\"elementor-widget-container\">\n\t\t\t\t\t<h2 class=\"elementor-heading-title elementor-size-default\">Materiais para Embalagem<\/h2>\t\t\t\t<\/div>\n\t\t\t\t<\/div>\n\t\t<div class=\"elementor-element elementor-element-9a05f86 e-flex e-con-boxed e-con e-child\" data-id=\"9a05f86\" data-element_type=\"container\">\n\t\t\t\t\t<div class=\"e-con-inner\">\n\t\t<div class=\"elementor-element elementor-element-865b441 e-con-full e-flex e-con e-child\" data-id=\"865b441\" data-element_type=\"container\" data-settings=\"{&quot;background_background&quot;:&quot;classic&quot;}\">\n\t\t\t\t<div class=\"elementor-element elementor-element-e350e58 elementor-widget elementor-widget-heading\" data-id=\"e350e58\" data-element_type=\"widget\" data-widget_type=\"heading.default\">\n\t\t\t\t<div class=\"elementor-widget-container\">\n\t\t\t\t\t<h2 class=\"elementor-heading-title elementor-size-default\"><a href=\"https:\/\/industrade.com.br\/?page_id=1544\">Cola<\/a><\/h2>\t\t\t\t<\/div>\n\t\t\t\t<\/div>\n\t\t\t\t<div class=\"elementor-element elementor-element-01c2d54 elementor-widget elementor-widget-image\" data-id=\"01c2d54\" data-element_type=\"widget\" data-widget_type=\"image.default\">\n\t\t\t\t<div class=\"elementor-widget-container\">\n\t\t\t\t\t\t\t\t\t\t\t\t\t\t\t\t<a href=\"https:\/\/industrade.com.br\/?page_id=1544\">\n\t\t\t\t\t\t\t<img fetchpriority=\"high\" decoding=\"async\" width=\"400\" height=\"400\" src=\"https:\/\/industrade.com.br\/wp-content\/uploads\/2024\/04\/cola-hotmelt.jpg\" class=\"elementor-animation-grow attachment-large size-large wp-image-493\" alt=\"\" srcset=\"https:\/\/industrade.com.br\/wp-content\/uploads\/2024\/04\/cola-hotmelt.jpg 400w, https:\/\/industrade.com.br\/wp-content\/uploads\/2024\/04\/cola-hotmelt-300x300.jpg 300w, https:\/\/industrade.com.br\/wp-content\/uploads\/2024\/04\/cola-hotmelt-150x150.jpg 150w\" sizes=\"(max-width: 400px) 100vw, 400px\" \/>\t\t\t\t\t\t\t\t<\/a>\n\t\t\t\t\t\t\t\t\t\t\t\t\t\t\t<\/div>\n\t\t\t\t<\/div>\n\t\t\t\t<\/div>\n\t\t<div class=\"elementor-element elementor-element-3992375 e-con-full e-flex e-con e-child\" data-id=\"3992375\" data-element_type=\"container\" data-settings=\"{&quot;background_background&quot;:&quot;classic&quot;}\">\n\t\t\t\t<\/div>\n\t\t<div class=\"elementor-element elementor-element-ab45ae4 e-con-full e-flex e-con e-child\" data-id=\"ab45ae4\" data-element_type=\"container\" data-settings=\"{&quot;background_background&quot;:&quot;classic&quot;}\">\n\t\t\t\t<\/div>\n\t\t<div class=\"elementor-element elementor-element-93b8775 e-con-full e-flex e-con e-child\" data-id=\"93b8775\" data-element_type=\"container\" data-settings=\"{&quot;background_background&quot;:&quot;classic&quot;}\">\n\t\t\t\t<\/div>\n\t\t\t\t\t<\/div>\n\t\t\t\t<\/div>\n\t\t\t\t\t<\/div>\n\t\t\t\t<\/div>\n\t\t<div class=\"elementor-element elementor-element-af2d268 e-flex e-con-boxed e-con e-parent\" data-id=\"af2d268\" data-element_type=\"container\">\n\t\t\t\t\t<div class=\"e-con-inner\">\n\t\t\t\t<div class=\"elementor-element elementor-element-e73dccb elementor-widget elementor-widget-heading\" data-id=\"e73dccb\" data-element_type=\"widget\" data-widget_type=\"heading.default\">\n\t\t\t\t<div class=\"elementor-widget-container\">\n\t\t\t\t\t<h2 class=\"elementor-heading-title elementor-size-default\">Paletiza\u00e7\u00e3o<\/h2>\t\t\t\t<\/div>\n\t\t\t\t<\/div>\n\t\t<div class=\"elementor-element elementor-element-c398671 e-flex e-con-boxed e-con e-child\" data-id=\"c398671\" data-element_type=\"container\">\n\t\t\t\t\t<div class=\"e-con-inner\">\n\t\t<div class=\"elementor-element elementor-element-d79f11e e-con-full e-flex e-con e-child\" data-id=\"d79f11e\" data-element_type=\"container\" data-settings=\"{&quot;background_background&quot;:&quot;classic&quot;}\">\n\t\t\t\t<div class=\"elementor-element elementor-element-13ccae0 elementor-widget elementor-widget-heading\" data-id=\"13ccae0\" data-element_type=\"widget\" data-widget_type=\"heading.default\">\n\t\t\t\t<div class=\"elementor-widget-container\">\n\t\t\t\t\t<h2 class=\"elementor-heading-title elementor-size-default\"><a href=\"https:\/\/industrade.com.br\/?page_id=1716\">Arqueadora<\/a><\/h2>\t\t\t\t<\/div>\n\t\t\t\t<\/div>\n\t\t\t\t<div class=\"elementor-element elementor-element-2d5b83d elementor-widget elementor-widget-image\" data-id=\"2d5b83d\" data-element_type=\"widget\" data-widget_type=\"image.default\">\n\t\t\t\t<div class=\"elementor-widget-container\">\n\t\t\t\t\t\t\t\t\t\t\t\t\t\t\t\t<a href=\"https:\/\/industrade.com.br\/?page_id=1716\">\n\t\t\t\t\t\t\t<img decoding=\"async\" width=\"400\" height=\"400\" src=\"https:\/\/industrade.com.br\/wp-content\/uploads\/2024\/04\/arqueadora.jpg\" class=\"elementor-animation-grow attachment-large size-large wp-image-505\" alt=\"\" srcset=\"https:\/\/industrade.com.br\/wp-content\/uploads\/2024\/04\/arqueadora.jpg 400w, https:\/\/industrade.com.br\/wp-content\/uploads\/2024\/04\/arqueadora-300x300.jpg 300w, https:\/\/industrade.com.br\/wp-content\/uploads\/2024\/04\/arqueadora-150x150.jpg 150w\" sizes=\"(max-width: 400px) 100vw, 400px\" \/>\t\t\t\t\t\t\t\t<\/a>\n\t\t\t\t\t\t\t\t\t\t\t\t\t\t\t<\/div>\n\t\t\t\t<\/div>\n\t\t\t\t<\/div>\n\t\t<div class=\"elementor-element elementor-element-bef2983 e-con-full e-flex e-con e-child\" data-id=\"bef2983\" data-element_type=\"container\" data-settings=\"{&quot;background_background&quot;:&quot;classic&quot;}\">\n\t\t\t\t<div class=\"elementor-element elementor-element-be85e51 elementor-widget elementor-widget-heading\" data-id=\"be85e51\" data-element_type=\"widget\" data-widget_type=\"heading.default\">\n\t\t\t\t<div class=\"elementor-widget-container\">\n\t\t\t\t\t<h2 class=\"elementor-heading-title elementor-size-default\"><a href=\"https:\/\/industrade.com.br\/?page_id=1724\">Cantoneira<\/a><\/h2>\t\t\t\t<\/div>\n\t\t\t\t<\/div>\n\t\t\t\t<div class=\"elementor-element elementor-element-a8f5240 elementor-widget elementor-widget-image\" data-id=\"a8f5240\" data-element_type=\"widget\" data-widget_type=\"image.default\">\n\t\t\t\t<div class=\"elementor-widget-container\">\n\t\t\t\t\t\t\t\t\t\t\t\t\t\t\t\t<a href=\"https:\/\/industrade.com.br\/?page_id=1724\">\n\t\t\t\t\t\t\t<img decoding=\"async\" width=\"400\" height=\"400\" src=\"https:\/\/industrade.com.br\/wp-content\/uploads\/2024\/04\/cantoneira.jpg\" class=\"elementor-animation-grow attachment-large size-large wp-image-507\" alt=\"\" srcset=\"https:\/\/industrade.com.br\/wp-content\/uploads\/2024\/04\/cantoneira.jpg 400w, https:\/\/industrade.com.br\/wp-content\/uploads\/2024\/04\/cantoneira-300x300.jpg 300w, https:\/\/industrade.com.br\/wp-content\/uploads\/2024\/04\/cantoneira-150x150.jpg 150w\" sizes=\"(max-width: 400px) 100vw, 400px\" \/>\t\t\t\t\t\t\t\t<\/a>\n\t\t\t\t\t\t\t\t\t\t\t\t\t\t\t<\/div>\n\t\t\t\t<\/div>\n\t\t\t\t<\/div>\n\t\t<div class=\"elementor-element elementor-element-7b5b6cc e-con-full e-flex e-con e-child\" data-id=\"7b5b6cc\" data-element_type=\"container\" data-settings=\"{&quot;background_background&quot;:&quot;classic&quot;}\">\n\t\t\t\t<div class=\"elementor-element elementor-element-10b463b elementor-widget elementor-widget-heading\" data-id=\"10b463b\" data-element_type=\"widget\" data-widget_type=\"heading.default\">\n\t\t\t\t<div class=\"elementor-widget-container\">\n\t\t\t\t\t<h2 class=\"elementor-heading-title elementor-size-default\"><a href=\"https:\/\/industrade.com.br\/?page_id=1732\">Desbobinador<\/a><\/h2>\t\t\t\t<\/div>\n\t\t\t\t<\/div>\n\t\t\t\t<div class=\"elementor-element elementor-element-5fc4f86 elementor-widget elementor-widget-image\" data-id=\"5fc4f86\" data-element_type=\"widget\" data-widget_type=\"image.default\">\n\t\t\t\t<div class=\"elementor-widget-container\">\n\t\t\t\t\t\t\t\t\t\t\t\t\t\t\t\t<a href=\"https:\/\/industrade.com.br\/?page_id=1732\">\n\t\t\t\t\t\t\t<img loading=\"lazy\" decoding=\"async\" width=\"400\" height=\"400\" src=\"https:\/\/industrade.com.br\/wp-content\/uploads\/2024\/04\/desbobinador.jpg\" class=\"elementor-animation-grow attachment-large size-large wp-image-508\" alt=\"\" srcset=\"https:\/\/industrade.com.br\/wp-content\/uploads\/2024\/04\/desbobinador.jpg 400w, https:\/\/industrade.com.br\/wp-content\/uploads\/2024\/04\/desbobinador-300x300.jpg 300w, https:\/\/industrade.com.br\/wp-content\/uploads\/2024\/04\/desbobinador-150x150.jpg 150w\" sizes=\"(max-width: 400px) 100vw, 400px\" \/>\t\t\t\t\t\t\t\t<\/a>\n\t\t\t\t\t\t\t\t\t\t\t\t\t\t\t<\/div>\n\t\t\t\t<\/div>\n\t\t\t\t<\/div>\n\t\t<div class=\"elementor-element elementor-element-fe11e92 e-con-full e-flex e-con e-child\" data-id=\"fe11e92\" data-element_type=\"container\" data-settings=\"{&quot;background_background&quot;:&quot;classic&quot;}\">\n\t\t\t\t<div class=\"elementor-element elementor-element-0968878 elementor-widget elementor-widget-heading\" data-id=\"0968878\" data-element_type=\"widget\" data-widget_type=\"heading.default\">\n\t\t\t\t<div class=\"elementor-widget-container\">\n\t\t\t\t\t<h2 class=\"elementor-heading-title elementor-size-default\"><a href=\"https:\/\/industrade.com.br\/?page_id=1740\">Esticador<\/a><\/h2>\t\t\t\t<\/div>\n\t\t\t\t<\/div>\n\t\t\t\t<div class=\"elementor-element elementor-element-ec3cae3 elementor-widget elementor-widget-image\" data-id=\"ec3cae3\" data-element_type=\"widget\" data-widget_type=\"image.default\">\n\t\t\t\t<div class=\"elementor-widget-container\">\n\t\t\t\t\t\t\t\t\t\t\t\t\t\t\t\t<a href=\"https:\/\/industrade.com.br\/?page_id=1740\">\n\t\t\t\t\t\t\t<img loading=\"lazy\" decoding=\"async\" width=\"400\" height=\"400\" src=\"https:\/\/industrade.com.br\/wp-content\/uploads\/2024\/04\/esticador.jpg\" class=\"elementor-animation-grow attachment-large size-large wp-image-509\" alt=\"\" srcset=\"https:\/\/industrade.com.br\/wp-content\/uploads\/2024\/04\/esticador.jpg 400w, https:\/\/industrade.com.br\/wp-content\/uploads\/2024\/04\/esticador-300x300.jpg 300w, https:\/\/industrade.com.br\/wp-content\/uploads\/2024\/04\/esticador-150x150.jpg 150w\" sizes=\"(max-width: 400px) 100vw, 400px\" \/>\t\t\t\t\t\t\t\t<\/a>\n\t\t\t\t\t\t\t\t\t\t\t\t\t\t\t<\/div>\n\t\t\t\t<\/div>\n\t\t\t\t<\/div>\n\t\t\t\t\t<\/div>\n\t\t\t\t<\/div>\n\t\t<div class=\"elementor-element elementor-element-d9b26d5 e-flex e-con-boxed e-con e-child\" data-id=\"d9b26d5\" data-element_type=\"container\">\n\t\t\t\t\t<div class=\"e-con-inner\">\n\t\t<div class=\"elementor-element elementor-element-b528a7e e-con-full e-flex e-con e-child\" data-id=\"b528a7e\" data-element_type=\"container\" data-settings=\"{&quot;background_background&quot;:&quot;classic&quot;}\">\n\t\t\t\t<div class=\"elementor-element elementor-element-bdc20fa elementor-widget elementor-widget-heading\" data-id=\"bdc20fa\" data-element_type=\"widget\" data-widget_type=\"heading.default\">\n\t\t\t\t<div class=\"elementor-widget-container\">\n\t\t\t\t\t<h2 class=\"elementor-heading-title elementor-size-default\"><a href=\"https:\/\/industrade.com.br\/?page_id=1751\">Fita de Arquear<\/a><\/h2>\t\t\t\t<\/div>\n\t\t\t\t<\/div>\n\t\t\t\t<div class=\"elementor-element elementor-element-25f4445 elementor-widget elementor-widget-image\" data-id=\"25f4445\" data-element_type=\"widget\" data-widget_type=\"image.default\">\n\t\t\t\t<div class=\"elementor-widget-container\">\n\t\t\t\t\t\t\t\t\t\t\t\t\t\t\t\t<a href=\"https:\/\/industrade.com.br\/?page_id=1751\">\n\t\t\t\t\t\t\t<img loading=\"lazy\" decoding=\"async\" width=\"400\" height=\"400\" src=\"https:\/\/industrade.com.br\/wp-content\/uploads\/2024\/04\/fita-de-arquear.jpg\" class=\"elementor-animation-grow attachment-large size-large wp-image-510\" alt=\"\" srcset=\"https:\/\/industrade.com.br\/wp-content\/uploads\/2024\/04\/fita-de-arquear.jpg 400w, https:\/\/industrade.com.br\/wp-content\/uploads\/2024\/04\/fita-de-arquear-300x300.jpg 300w, https:\/\/industrade.com.br\/wp-content\/uploads\/2024\/04\/fita-de-arquear-150x150.jpg 150w\" sizes=\"(max-width: 400px) 100vw, 400px\" \/>\t\t\t\t\t\t\t\t<\/a>\n\t\t\t\t\t\t\t\t\t\t\t\t\t\t\t<\/div>\n\t\t\t\t<\/div>\n\t\t\t\t<\/div>\n\t\t<div class=\"elementor-element elementor-element-7e5d216 e-con-full e-flex e-con e-child\" data-id=\"7e5d216\" data-element_type=\"container\" data-settings=\"{&quot;background_background&quot;:&quot;classic&quot;}\">\n\t\t\t\t<div class=\"elementor-element elementor-element-89928e3 elementor-widget elementor-widget-heading\" data-id=\"89928e3\" data-element_type=\"widget\" data-widget_type=\"heading.default\">\n\t\t\t\t<div class=\"elementor-widget-container\">\n\t\t\t\t\t<h2 class=\"elementor-heading-title elementor-size-default\"><a href=\"https:\/\/industrade.com.br\/?page_id=1759\">Selador<\/a><\/h2>\t\t\t\t<\/div>\n\t\t\t\t<\/div>\n\t\t\t\t<div class=\"elementor-element elementor-element-3a82c59 elementor-widget elementor-widget-image\" data-id=\"3a82c59\" data-element_type=\"widget\" data-widget_type=\"image.default\">\n\t\t\t\t<div class=\"elementor-widget-container\">\n\t\t\t\t\t\t\t\t\t\t\t\t\t\t\t\t<a href=\"https:\/\/industrade.com.br\/?page_id=1759\">\n\t\t\t\t\t\t\t<img loading=\"lazy\" decoding=\"async\" width=\"400\" height=\"400\" src=\"https:\/\/industrade.com.br\/wp-content\/uploads\/2024\/04\/selador.jpg\" class=\"elementor-animation-grow attachment-large size-large wp-image-511\" alt=\"\" srcset=\"https:\/\/industrade.com.br\/wp-content\/uploads\/2024\/04\/selador.jpg 400w, https:\/\/industrade.com.br\/wp-content\/uploads\/2024\/04\/selador-300x300.jpg 300w, https:\/\/industrade.com.br\/wp-content\/uploads\/2024\/04\/selador-150x150.jpg 150w\" sizes=\"(max-width: 400px) 100vw, 400px\" \/>\t\t\t\t\t\t\t\t<\/a>\n\t\t\t\t\t\t\t\t\t\t\t\t\t\t\t<\/div>\n\t\t\t\t<\/div>\n\t\t\t\t<\/div>\n\t\t<div class=\"elementor-element elementor-element-ad76195 e-con-full e-flex e-con e-child\" data-id=\"ad76195\" data-element_type=\"container\" data-settings=\"{&quot;background_background&quot;:&quot;classic&quot;}\">\n\t\t\t\t<div class=\"elementor-element elementor-element-9058c33 elementor-widget elementor-widget-heading\" data-id=\"9058c33\" data-element_type=\"widget\" data-widget_type=\"heading.default\">\n\t\t\t\t<div class=\"elementor-widget-container\">\n\t\t\t\t\t<h2 class=\"elementor-heading-title elementor-size-default\"><a href=\"https:\/\/industrade.com.br\/?page_id=1767\">Selo Met\u00e1lico<\/a><\/h2>\t\t\t\t<\/div>\n\t\t\t\t<\/div>\n\t\t\t\t<div class=\"elementor-element elementor-element-15667c5 elementor-widget elementor-widget-image\" data-id=\"15667c5\" data-element_type=\"widget\" data-widget_type=\"image.default\">\n\t\t\t\t<div class=\"elementor-widget-container\">\n\t\t\t\t\t\t\t\t\t\t\t\t\t\t\t\t<a href=\"https:\/\/industrade.com.br\/?page_id=1767\">\n\t\t\t\t\t\t\t<img loading=\"lazy\" decoding=\"async\" width=\"400\" height=\"400\" src=\"https:\/\/industrade.com.br\/wp-content\/uploads\/2024\/04\/selo-palete.jpg\" class=\"elementor-animation-grow attachment-large size-large wp-image-512\" alt=\"\" srcset=\"https:\/\/industrade.com.br\/wp-content\/uploads\/2024\/04\/selo-palete.jpg 400w, https:\/\/industrade.com.br\/wp-content\/uploads\/2024\/04\/selo-palete-300x300.jpg 300w, https:\/\/industrade.com.br\/wp-content\/uploads\/2024\/04\/selo-palete-150x150.jpg 150w\" sizes=\"(max-width: 400px) 100vw, 400px\" \/>\t\t\t\t\t\t\t\t<\/a>\n\t\t\t\t\t\t\t\t\t\t\t\t\t\t\t<\/div>\n\t\t\t\t<\/div>\n\t\t\t\t<\/div>\n\t\t<div class=\"elementor-element elementor-element-a8c7fd3 e-con-full e-flex e-con e-child\" data-id=\"a8c7fd3\" data-element_type=\"container\" data-settings=\"{&quot;background_background&quot;:&quot;classic&quot;}\">\n\t\t\t\t<div class=\"elementor-element elementor-element-3a7748d elementor-widget elementor-widget-heading\" data-id=\"3a7748d\" data-element_type=\"widget\" data-widget_type=\"heading.default\">\n\t\t\t\t<div class=\"elementor-widget-container\">\n\t\t\t\t\t<h2 class=\"elementor-heading-title elementor-size-default\"><a href=\"https:\/\/sorma.com.br\/paletizacao-e-automocao\/\">Automa\u00e7\u00e3o e Paletiza\u00e7\u00e3o<\/a><\/h2>\t\t\t\t<\/div>\n\t\t\t\t<\/div>\n\t\t\t\t<div class=\"elementor-element elementor-element-534d218 elementor-widget elementor-widget-image\" data-id=\"534d218\" data-element_type=\"widget\" data-widget_type=\"image.default\">\n\t\t\t\t<div class=\"elementor-widget-container\">\n\t\t\t\t\t\t\t\t\t\t\t\t\t\t\t\t<a href=\"https:\/\/sorma.com.br\/paletizacao-e-automocao\/\">\n\t\t\t\t\t\t\t<img loading=\"lazy\" decoding=\"async\" width=\"400\" height=\"400\" src=\"https:\/\/industrade.com.br\/wp-content\/uploads\/2024\/04\/autoacao-paletizadora.jpg\" class=\"elementor-animation-grow attachment-large size-large wp-image-506\" alt=\"\" srcset=\"https:\/\/industrade.com.br\/wp-content\/uploads\/2024\/04\/autoacao-paletizadora.jpg 400w, https:\/\/industrade.com.br\/wp-content\/uploads\/2024\/04\/autoacao-paletizadora-300x300.jpg 300w, https:\/\/industrade.com.br\/wp-content\/uploads\/2024\/04\/autoacao-paletizadora-150x150.jpg 150w\" sizes=\"(max-width: 400px) 100vw, 400px\" \/>\t\t\t\t\t\t\t\t<\/a>\n\t\t\t\t\t\t\t\t\t\t\t\t\t\t\t<\/div>\n\t\t\t\t<\/div>\n\t\t\t\t<div class=\"elementor-element elementor-element-7621cb5 elementor-align-center elementor-widget elementor-widget-button\" data-id=\"7621cb5\" data-element_type=\"widget\" data-widget_type=\"button.default\">\n\t\t\t\t<div class=\"elementor-widget-container\">\n\t\t\t\t\t\t\t\t\t<div class=\"elementor-button-wrapper\">\n\t\t\t\t\t<a class=\"elementor-button elementor-button-link elementor-size-sm\" href=\"https:\/\/sorma.com.br\/paletizacao-e-automocao\/\">\n\t\t\t\t\t\t<span class=\"elementor-button-content-wrapper\">\n\t\t\t\t\t\t\t\t\t<span class=\"elementor-button-text\">Empresa Parceira<\/span>\n\t\t\t\t\t<\/span>\n\t\t\t\t\t<\/a>\n\t\t\t\t<\/div>\n\t\t\t\t\t\t\t\t<\/div>\n\t\t\t\t<\/div>\n\t\t\t\t<\/div>\n\t\t\t\t\t<\/div>\n\t\t\t\t<\/div>\n\t\t\t\t\t<\/div>\n\t\t\t\t<\/div>\n\t\t<div class=\"elementor-element elementor-element-55d9171 e-flex e-con-boxed e-con e-parent\" data-id=\"55d9171\" data-element_type=\"container\">\n\t\t\t\t\t<div class=\"e-con-inner\">\n\t\t\t\t<div class=\"elementor-element elementor-element-b9bd480 elementor-widget elementor-widget-heading\" data-id=\"b9bd480\" data-element_type=\"widget\" data-widget_type=\"heading.default\">\n\t\t\t\t<div class=\"elementor-widget-container\">\n\t\t\t\t\t<h2 class=\"elementor-heading-title elementor-size-default\">M\u00e1quinas<\/h2>\t\t\t\t<\/div>\n\t\t\t\t<\/div>\n\t\t<div class=\"elementor-element elementor-element-6fdc630 e-flex e-con-boxed e-con e-child\" data-id=\"6fdc630\" data-element_type=\"container\">\n\t\t\t\t\t<div class=\"e-con-inner\">\n\t\t<div class=\"elementor-element elementor-element-6ea7037 e-con-full e-flex e-con e-child\" data-id=\"6ea7037\" data-element_type=\"container\" data-settings=\"{&quot;background_background&quot;:&quot;classic&quot;}\">\n\t\t\t\t<div class=\"elementor-element elementor-element-e8bcb9d elementor-widget elementor-widget-heading\" data-id=\"e8bcb9d\" data-element_type=\"widget\" data-widget_type=\"heading.default\">\n\t\t\t\t<div class=\"elementor-widget-container\">\n\t\t\t\t\t<h2 class=\"elementor-heading-title elementor-size-default\"><a href=\"https:\/\/industrade.com.br\/?page_id=464\">Aplicador de Etiquetas<\/a><\/h2>\t\t\t\t<\/div>\n\t\t\t\t<\/div>\n\t\t\t\t<div class=\"elementor-element elementor-element-0cd8fb9 elementor-widget elementor-widget-image\" data-id=\"0cd8fb9\" data-element_type=\"widget\" data-widget_type=\"image.default\">\n\t\t\t\t<div class=\"elementor-widget-container\">\n\t\t\t\t\t\t\t\t\t\t\t\t\t\t\t\t<a href=\"https:\/\/industrade.com.br\/?page_id=464\">\n\t\t\t\t\t\t\t<img loading=\"lazy\" decoding=\"async\" width=\"484\" height=\"484\" src=\"https:\/\/industrade.com.br\/wp-content\/uploads\/2024\/04\/produto-etiquetadora.jpg\" class=\"elementor-animation-grow attachment-large size-large wp-image-466\" alt=\"\" srcset=\"https:\/\/industrade.com.br\/wp-content\/uploads\/2024\/04\/produto-etiquetadora.jpg 484w, https:\/\/industrade.com.br\/wp-content\/uploads\/2024\/04\/produto-etiquetadora-300x300.jpg 300w, https:\/\/industrade.com.br\/wp-content\/uploads\/2024\/04\/produto-etiquetadora-150x150.jpg 150w\" sizes=\"(max-width: 484px) 100vw, 484px\" \/>\t\t\t\t\t\t\t\t<\/a>\n\t\t\t\t\t\t\t\t\t\t\t\t\t\t\t<\/div>\n\t\t\t\t<\/div>\n\t\t\t\t<div class=\"elementor-element elementor-element-e40d0f7 elementor-align-center elementor-widget elementor-widget-button\" data-id=\"e40d0f7\" data-element_type=\"widget\" data-widget_type=\"button.default\">\n\t\t\t\t<div class=\"elementor-widget-container\">\n\t\t\t\t\t\t\t\t\t<div class=\"elementor-button-wrapper\">\n\t\t\t\t\t<a class=\"elementor-button elementor-button-link elementor-size-sm\" href=\"https:\/\/industrade.com.br\/?page_id=464\">\n\t\t\t\t\t\t<span class=\"elementor-button-content-wrapper\">\n\t\t\t\t\t\t\t\t\t<span class=\"elementor-button-text\">Saiba Mais<\/span>\n\t\t\t\t\t<\/span>\n\t\t\t\t\t<\/a>\n\t\t\t\t<\/div>\n\t\t\t\t\t\t\t\t<\/div>\n\t\t\t\t<\/div>\n\t\t\t\t<\/div>\n\t\t<div class=\"elementor-element elementor-element-96fd1dd e-con-full e-flex e-con e-child\" data-id=\"96fd1dd\" data-element_type=\"container\" data-settings=\"{&quot;background_background&quot;:&quot;classic&quot;}\">\n\t\t\t\t<div class=\"elementor-element elementor-element-727d5e3 elementor-widget elementor-widget-heading\" data-id=\"727d5e3\" data-element_type=\"widget\" data-widget_type=\"heading.default\">\n\t\t\t\t<div class=\"elementor-widget-container\">\n\t\t\t\t\t<h2 class=\"elementor-heading-title elementor-size-default\"><a href=\"https:\/\/sorma.com.br\/\">Empresa Parceira<\/a><\/h2>\t\t\t\t<\/div>\n\t\t\t\t<\/div>\n\t\t\t\t<div class=\"elementor-element elementor-element-bd307cb elementor-widget elementor-widget-image\" data-id=\"bd307cb\" data-element_type=\"widget\" data-widget_type=\"image.default\">\n\t\t\t\t<div class=\"elementor-widget-container\">\n\t\t\t\t\t\t\t\t\t\t\t\t\t\t\t\t<a href=\"https:\/\/sorma.com.br\/\">\n\t\t\t\t\t\t\t<img loading=\"lazy\" decoding=\"async\" width=\"622\" height=\"360\" src=\"https:\/\/industrade.com.br\/wp-content\/uploads\/2024\/04\/cropped-Design-sem-nome.png\" class=\"elementor-animation-grow attachment-large size-large wp-image-901\" alt=\"\" srcset=\"https:\/\/industrade.com.br\/wp-content\/uploads\/2024\/04\/cropped-Design-sem-nome.png 622w, https:\/\/industrade.com.br\/wp-content\/uploads\/2024\/04\/cropped-Design-sem-nome-300x174.png 300w\" sizes=\"(max-width: 622px) 100vw, 622px\" \/>\t\t\t\t\t\t\t\t<\/a>\n\t\t\t\t\t\t\t\t\t\t\t\t\t\t\t<\/div>\n\t\t\t\t<\/div>\n\t\t\t\t<div class=\"elementor-element elementor-element-0a9f5b8 elementor-align-center elementor-widget elementor-widget-button\" data-id=\"0a9f5b8\" data-element_type=\"widget\" data-widget_type=\"button.default\">\n\t\t\t\t<div class=\"elementor-widget-container\">\n\t\t\t\t\t\t\t\t\t<div class=\"elementor-button-wrapper\">\n\t\t\t\t\t<a class=\"elementor-button elementor-button-link elementor-size-sm\" href=\"https:\/\/sorma.com.br\/\">\n\t\t\t\t\t\t<span class=\"elementor-button-content-wrapper\">\n\t\t\t\t\t\t\t\t\t<span class=\"elementor-button-text\">Saiba Mais<\/span>\n\t\t\t\t\t<\/span>\n\t\t\t\t\t<\/a>\n\t\t\t\t<\/div>\n\t\t\t\t\t\t\t\t<\/div>\n\t\t\t\t<\/div>\n\t\t\t\t<\/div>\n\t\t<div class=\"elementor-element elementor-element-a42f18b e-con-full e-flex e-con e-child\" data-id=\"a42f18b\" data-element_type=\"container\" data-settings=\"{&quot;background_background&quot;:&quot;classic&quot;}\">\n\t\t\t\t<\/div>\n\t\t<div class=\"elementor-element elementor-element-63a2957 e-con-full e-flex e-con e-child\" data-id=\"63a2957\" data-element_type=\"container\" data-settings=\"{&quot;background_background&quot;:&quot;classic&quot;}\">\n\t\t\t\t<\/div>\n\t\t\t\t\t<\/div>\n\t\t\t\t<\/div>\n\t\t\t\t\t<\/div>\n\t\t\t\t<\/div>\n\t\t\t\t<\/div>\n\t\t","protected":false},"excerpt":{"rendered":"<p>Manga Materiais para Embalagem Cola Paletiza\u00e7\u00e3o Arqueadora Cantoneira Desbobinador Esticador Fita de Arquear Selador Selo Met\u00e1lico Automa\u00e7\u00e3o e Paletiza\u00e7\u00e3o Empresa Parceira M\u00e1quinas Aplicador de Etiquetas Saiba Mais Empresa Parceira Saiba Mais<\/p>\n","protected":false},"author":1,"featured_media":0,"parent":0,"menu_order":0,"comment_status":"closed","ping_status":"closed","template":"elementor_header_footer","meta":{"footnotes":""},"class_list":["post-583","page","type-page","status-publish","hentry"],"_links":{"self":[{"href":"https:\/\/industrade.com.br\/index.php?rest_route=\/wp\/v2\/pages\/583","targetHints":{"allow":["GET"]}}],"collection":[{"href":"https:\/\/industrade.com.br\/index.php?rest_route=\/wp\/v2\/pages"}],"about":[{"href":"https:\/\/industrade.com.br\/index.php?rest_route=\/wp\/v2\/types\/page"}],"author":[{"embeddable":true,"href":"https:\/\/industrade.com.br\/index.php?rest_route=\/wp\/v2\/users\/1"}],"replies":[{"embeddable":true,"href":"https:\/\/industrade.com.br\/index.php?rest_route=%2Fwp%2Fv2%2Fcomments&post=583"}],"version-history":[{"count":58,"href":"https:\/\/industrade.com.br\/index.php?rest_route=\/wp\/v2\/pages\/583\/revisions"}],"predecessor-version":[{"id":2329,"href":"https:\/\/industrade.com.br\/index.php?rest_route=\/wp\/v2\/pages\/583\/revisions\/2329"}],"wp:attachment":[{"href":"https:\/\/industrade.com.br\/index.php?rest_route=%2Fwp%2Fv2%2Fmedia&parent=583"}],"curies":[{"name":"wp","href":"https:\/\/api.w.org\/{rel}","templated":true}]}}