{"id":9,"date":"2024-04-08T16:17:22","date_gmt":"2024-04-08T19:17:22","guid":{"rendered":"https:\/\/industrade.com.br\/?page_id=9"},"modified":"2024-07-16T13:35:21","modified_gmt":"2024-07-16T16:35:21","slug":"empresa","status":"publish","type":"page","link":"https:\/\/industrade.com.br\/?page_id=9","title":{"rendered":"Empresa"},"content":{"rendered":"\t\t<div data-elementor-type=\"wp-page\" data-elementor-id=\"9\" class=\"elementor elementor-9\" data-elementor-post-type=\"page\">\n\t\t\t\t<div class=\"elementor-element elementor-element-85ce3fd e-flex e-con-boxed e-con e-parent\" data-id=\"85ce3fd\" data-element_type=\"container\" data-settings=\"{&quot;background_background&quot;:&quot;classic&quot;}\">\n\t\t\t\t\t<div class=\"e-con-inner\">\n\t\t\t\t<div class=\"elementor-element elementor-element-3dbc997 elementor-widget elementor-widget-heading\" data-id=\"3dbc997\" data-element_type=\"widget\" data-widget_type=\"heading.default\">\n\t\t\t\t<div class=\"elementor-widget-container\">\n\t\t\t\t\t<h2 class=\"elementor-heading-title elementor-size-default\">Industrade, sua melhor op\u00e7\u00e3o<\/h2>\t\t\t\t<\/div>\n\t\t\t\t<\/div>\n\t\t\t\t<div class=\"elementor-element elementor-element-eb537d2 elementor-widget elementor-widget-text-editor\" data-id=\"eb537d2\" data-element_type=\"widget\" data-widget_type=\"text-editor.default\">\n\t\t\t\t<div class=\"elementor-widget-container\">\n\t\t\t\t\t\t\t\t\t<p>Sobre n\u00f3s:<\/p>\t\t\t\t\t\t\t\t<\/div>\n\t\t\t\t<\/div>\n\t\t\t\t<div class=\"elementor-element elementor-element-aa90efc elementor-widget elementor-widget-text-editor\" data-id=\"aa90efc\" data-element_type=\"widget\" data-widget_type=\"text-editor.default\">\n\t\t\t\t<div class=\"elementor-widget-container\">\n\t\t\t\t\t\t\t\t\t<p>Atuando no Brasil desde 1992, a Industrade \u00e9 uma empresa focada em solu\u00e7\u00f5es para beneficiamento e embalagem de frutas in natura. Trabalhamos em parceria com algumas das melhores empresas do mundo desse mercado, trazendo solu\u00e7\u00f5es tecnol\u00f3gicas em m\u00e1quinas e materiais para agregar valor aos produtos e processos dos produtores brasileiros de frutas, legumes e verduras.<\/p><p>Nossa sede se encontra na cidade de Limeira-SP.<\/p><p>Atendemos o Nordeste a partir do Vale do S\u00e3o Francisco onde contamos com nosso representante comercial.<\/p><p>Nossa equipe est\u00e1 \u00e0 disposi\u00e7\u00e3o dos produtores de todo o Brasil. Venha nos conhecer!<\/p>\t\t\t\t\t\t\t\t<\/div>\n\t\t\t\t<\/div>\n\t\t\t\t\t<\/div>\n\t\t\t\t<\/div>\n\t\t<div class=\"elementor-element elementor-element-7b528aa e-flex e-con-boxed e-con e-parent\" data-id=\"7b528aa\" data-element_type=\"container\">\n\t\t\t\t\t<div class=\"e-con-inner\">\n\t\t\t\t<div class=\"elementor-element elementor-element-09f69e0 elementor-widget elementor-widget-heading\" data-id=\"09f69e0\" data-element_type=\"widget\" data-widget_type=\"heading.default\">\n\t\t\t\t<div class=\"elementor-widget-container\">\n\t\t\t\t\t<h2 class=\"elementor-heading-title elementor-size-default\">Quem somos:<\/h2>\t\t\t\t<\/div>\n\t\t\t\t<\/div>\n\t\t\t\t\t<\/div>\n\t\t\t\t<\/div>\n\t\t<div class=\"elementor-element elementor-element-9575956 e-flex e-con-boxed e-con e-parent\" data-id=\"9575956\" data-element_type=\"container\" data-settings=\"{&quot;background_background&quot;:&quot;classic&quot;}\">\n\t\t\t\t\t<div class=\"e-con-inner\">\n\t\t<div class=\"elementor-element elementor-element-a258932 e-con-full e-flex e-con e-child\" data-id=\"a258932\" data-element_type=\"container\">\n\t\t\t\t<div class=\"elementor-element elementor-element-0ec4a27 elementor-widget elementor-widget-video\" data-id=\"0ec4a27\" data-element_type=\"widget\" data-settings=\"{&quot;video_type&quot;:&quot;hosted&quot;,&quot;controls&quot;:&quot;yes&quot;}\" data-widget_type=\"video.default\">\n\t\t\t\t<div class=\"elementor-widget-container\">\n\t\t\t\t\t\t\t<div class=\"e-hosted-video elementor-wrapper elementor-open-inline\">\n\t\t\t\t\t<video class=\"elementor-video\" src=\"https:\/\/industrade.com.br\/wp-content\/uploads\/videos2\/3.mp4\" controls=\"\" preload=\"metadata\" controlsList=\"nodownload\"><\/video>\n\t\t\t\t<\/div>\n\t\t\t\t\t\t<\/div>\n\t\t\t\t<\/div>\n\t\t\t\t<\/div>\n\t\t<div class=\"elementor-element elementor-element-c786e8d e-con-full e-flex e-con e-child\" data-id=\"c786e8d\" data-element_type=\"container\">\n\t\t\t\t<div class=\"elementor-element elementor-element-daef8e2 elementor-widget elementor-widget-video\" data-id=\"daef8e2\" data-element_type=\"widget\" data-settings=\"{&quot;video_type&quot;:&quot;hosted&quot;,&quot;controls&quot;:&quot;yes&quot;}\" data-widget_type=\"video.default\">\n\t\t\t\t<div class=\"elementor-widget-container\">\n\t\t\t\t\t\t\t<div class=\"e-hosted-video elementor-wrapper elementor-open-inline\">\n\t\t\t\t\t<video class=\"elementor-video\" src=\"https:\/\/industrade.com.br\/wp-content\/uploads\/videos2\/2.mp4\" controls=\"\" preload=\"metadata\" controlsList=\"nodownload\"><\/video>\n\t\t\t\t<\/div>\n\t\t\t\t\t\t<\/div>\n\t\t\t\t<\/div>\n\t\t\t\t<\/div>\n\t\t<div class=\"elementor-element elementor-element-420b2ab e-con-full e-flex e-con e-child\" data-id=\"420b2ab\" data-element_type=\"container\">\n\t\t\t\t<div class=\"elementor-element elementor-element-4c6511a elementor-widget elementor-widget-video\" data-id=\"4c6511a\" data-element_type=\"widget\" data-settings=\"{&quot;video_type&quot;:&quot;hosted&quot;,&quot;controls&quot;:&quot;yes&quot;}\" data-widget_type=\"video.default\">\n\t\t\t\t<div class=\"elementor-widget-container\">\n\t\t\t\t\t\t\t<div class=\"e-hosted-video elementor-wrapper elementor-open-inline\">\n\t\t\t\t\t<video class=\"elementor-video\" src=\"https:\/\/industrade.com.br\/wp-content\/uploads\/videos2\/1.mp4\" controls=\"\" preload=\"metadata\" controlsList=\"nodownload\"><\/video>\n\t\t\t\t<\/div>\n\t\t\t\t\t\t<\/div>\n\t\t\t\t<\/div>\n\t\t\t\t<\/div>\n\t\t\t\t\t<\/div>\n\t\t\t\t<\/div>\n\t\t<div class=\"elementor-element elementor-element-b7d734a e-flex e-con-boxed e-con e-parent\" data-id=\"b7d734a\" data-element_type=\"container\">\n\t\t\t\t\t<div class=\"e-con-inner\">\n\t\t\t\t<div class=\"elementor-element elementor-element-e1745c1 elementor-widget elementor-widget-heading\" data-id=\"e1745c1\" data-element_type=\"widget\" data-widget_type=\"heading.default\">\n\t\t\t\t<div class=\"elementor-widget-container\">\n\t\t\t\t\t<h2 class=\"elementor-heading-title elementor-size-default\">Fique por dentro de todas as novidades no nosso instagram:<\/h2>\t\t\t\t<\/div>\n\t\t\t\t<\/div>\n\t\t\t\t\t<\/div>\n\t\t\t\t<\/div>\n\t\t<div class=\"elementor-element elementor-element-ecc74d6 e-flex e-con-boxed e-con e-parent\" data-id=\"ecc74d6\" data-element_type=\"container\" data-settings=\"{&quot;background_background&quot;:&quot;classic&quot;}\">\n\t\t\t\t\t<div class=\"e-con-inner\">\n\t\t<div class=\"elementor-element elementor-element-283bdcf e-con-full e-flex e-con e-child\" data-id=\"283bdcf\" data-element_type=\"container\">\n\t\t\t\t<div class=\"elementor-element elementor-element-1718fd1 elementor-widget elementor-widget-image\" data-id=\"1718fd1\" data-element_type=\"widget\" data-widget_type=\"image.default\">\n\t\t\t\t<div class=\"elementor-widget-container\">\n\t\t\t\t\t\t\t\t\t\t\t\t\t\t\t\t<a href=\"https:\/\/www.instagram.com\/industrade.brasil?utm_source=ig_web_button_share_sheet&#038;igsh=ZDNlZDc0MzIxNw==\">\n\t\t\t\t\t\t\t<img fetchpriority=\"high\" decoding=\"async\" width=\"800\" height=\"766\" src=\"https:\/\/industrade.com.br\/wp-content\/uploads\/2024\/04\/industrade.brasil_qr-e1721147700504-1024x981.png\" class=\"elementor-animation-grow attachment-large size-large wp-image-700\" alt=\"\" srcset=\"https:\/\/industrade.com.br\/wp-content\/uploads\/2024\/04\/industrade.brasil_qr-e1721147700504-1024x981.png 1024w, https:\/\/industrade.com.br\/wp-content\/uploads\/2024\/04\/industrade.brasil_qr-e1721147700504-300x287.png 300w, https:\/\/industrade.com.br\/wp-content\/uploads\/2024\/04\/industrade.brasil_qr-e1721147700504-768x736.png 768w, https:\/\/industrade.com.br\/wp-content\/uploads\/2024\/04\/industrade.brasil_qr-e1721147700504-1536x1471.png 1536w, https:\/\/industrade.com.br\/wp-content\/uploads\/2024\/04\/industrade.brasil_qr-e1721147700504-2048x1962.png 2048w\" sizes=\"(max-width: 800px) 100vw, 800px\" \/>\t\t\t\t\t\t\t\t<\/a>\n\t\t\t\t\t\t\t\t\t\t\t\t\t\t\t<\/div>\n\t\t\t\t<\/div>\n\t\t<div class=\"elementor-element elementor-element-59fecb2 e-con-full e-flex e-con e-child\" data-id=\"59fecb2\" data-element_type=\"container\" data-settings=\"{&quot;background_background&quot;:&quot;classic&quot;}\">\n\t\t\t\t<div class=\"elementor-element elementor-element-59c2a00 elementor-widget__width-initial elementor-widget elementor-widget-image\" data-id=\"59c2a00\" data-element_type=\"widget\" data-widget_type=\"image.default\">\n\t\t\t\t<div class=\"elementor-widget-container\">\n\t\t\t\t\t\t\t\t\t\t\t\t\t\t\t\t<a href=\"https:\/\/www.instagram.com\/industrade.brasil?utm_source=ig_web_button_share_sheet&#038;igsh=ZDNlZDc0MzIxNw==\">\n\t\t\t\t\t\t\t<img decoding=\"async\" width=\"226\" height=\"226\" src=\"https:\/\/industrade.com.br\/wp-content\/uploads\/2024\/04\/Design-sem-nome-e1712796293330.png\" class=\"elementor-animation-grow attachment-large size-large wp-image-701\" alt=\"\" srcset=\"https:\/\/industrade.com.br\/wp-content\/uploads\/2024\/04\/Design-sem-nome-e1712796293330.png 226w, https:\/\/industrade.com.br\/wp-content\/uploads\/2024\/04\/Design-sem-nome-e1712796293330-150x150.png 150w\" sizes=\"(max-width: 226px) 100vw, 226px\" \/>\t\t\t\t\t\t\t\t<\/a>\n\t\t\t\t\t\t\t\t\t\t\t\t\t\t\t<\/div>\n\t\t\t\t<\/div>\n\t\t\t\t<div class=\"elementor-element elementor-element-6591e01 elementor-widget__width-initial elementor-widget elementor-widget-heading\" data-id=\"6591e01\" data-element_type=\"widget\" data-widget_type=\"heading.default\">\n\t\t\t\t<div class=\"elementor-widget-container\">\n\t\t\t\t\t<h2 class=\"elementor-heading-title elementor-size-default\"><a href=\"https:\/\/www.instagram.com\/industrade.brasil?utm_source=ig_web_button_share_sheet&#038;igsh=ZDNlZDc0MzIxNw==\">@industrade.brasil<\/a><\/h2>\t\t\t\t<\/div>\n\t\t\t\t<\/div>\n\t\t\t\t<\/div>\n\t\t\t\t<\/div>\n\t\t\t\t\t<\/div>\n\t\t\t\t<\/div>\n\t\t\t\t<\/div>\n\t\t","protected":false},"excerpt":{"rendered":"<p>Industrade, sua melhor op\u00e7\u00e3o Sobre n\u00f3s: Atuando no Brasil desde 1992, a Industrade \u00e9 uma empresa focada em solu\u00e7\u00f5es para beneficiamento e embalagem de frutas in natura. Trabalhamos em parceria com algumas das melhores empresas do mundo desse mercado, trazendo solu\u00e7\u00f5es tecnol\u00f3gicas em m\u00e1quinas e materiais para agregar valor aos produtos e processos dos produtores [&hellip;]<\/p>\n","protected":false},"author":1,"featured_media":0,"parent":0,"menu_order":0,"comment_status":"closed","ping_status":"closed","template":"elementor_header_footer","meta":{"footnotes":""},"class_list":["post-9","page","type-page","status-publish","hentry"],"_links":{"self":[{"href":"https:\/\/industrade.com.br\/index.php?rest_route=\/wp\/v2\/pages\/9","targetHints":{"allow":["GET"]}}],"collection":[{"href":"https:\/\/industrade.com.br\/index.php?rest_route=\/wp\/v2\/pages"}],"about":[{"href":"https:\/\/industrade.com.br\/index.php?rest_route=\/wp\/v2\/types\/page"}],"author":[{"embeddable":true,"href":"https:\/\/industrade.com.br\/index.php?rest_route=\/wp\/v2\/users\/1"}],"replies":[{"embeddable":true,"href":"https:\/\/industrade.com.br\/index.php?rest_route=%2Fwp%2Fv2%2Fcomments&post=9"}],"version-history":[{"count":94,"href":"https:\/\/industrade.com.br\/index.php?rest_route=\/wp\/v2\/pages\/9\/revisions"}],"predecessor-version":[{"id":1400,"href":"https:\/\/industrade.com.br\/index.php?rest_route=\/wp\/v2\/pages\/9\/revisions\/1400"}],"wp:attachment":[{"href":"https:\/\/industrade.com.br\/index.php?rest_route=%2Fwp%2Fv2%2Fmedia&parent=9"}],"curies":[{"name":"wp","href":"https:\/\/api.w.org\/{rel}","templated":true}]}}